{"id":474,"date":"2025-12-11T18:27:29","date_gmt":"2025-12-11T18:27:29","guid":{"rendered":"http:\/\/enterprism.net\/?page_id=474"},"modified":"2025-12-22T11:09:31","modified_gmt":"2025-12-22T11:09:31","slug":"brand-spielstart","status":"publish","type":"page","link":"http:\/\/magnificum.net\/en\/brand-spielstart\/","title":{"rendered":"Brand &#8211; Spielstart"},"content":{"rendered":"<div data-elementor-type=\"wp-page\" data-elementor-id=\"474\" class=\"elementor elementor-474\">\n\t\t\t\t\t\t<section class=\"elementor-section elementor-top-section elementor-element elementor-element-3271434 elementor-section-boxed elementor-section-height-default elementor-section-height-default\" data-id=\"3271434\" data-element_type=\"section\" data-e-type=\"section\" data-settings=\"{&quot;background_background&quot;:&quot;classic&quot;}\">\n\t\t\t\t\t\t<div class=\"elementor-container elementor-column-gap-default\">\n\t\t\t\t\t<div class=\"elementor-column elementor-col-100 elementor-top-column elementor-element elementor-element-6da6f0c1\" data-id=\"6da6f0c1\" data-element_type=\"column\" data-e-type=\"column\">\n\t\t\t<div class=\"elementor-widget-wrap elementor-element-populated\">\n\t\t\t\t\t\t<div class=\"elementor-element elementor-element-7e8182e4 elementor-widget elementor-widget-spacer\" data-id=\"7e8182e4\" data-element_type=\"widget\" data-e-type=\"widget\" data-widget_type=\"spacer.default\">\n\t\t\t\t\t\t\t<div class=\"elementor-spacer\">\n\t\t\t<div class=\"elementor-spacer-inner\"><\/div>\n\t\t<\/div>\n\t\t\t\t\t\t<\/div>\n\t\t\t\t<div class=\"elementor-element elementor-element-2f5e59fd elementor-widget elementor-widget-image\" data-id=\"2f5e59fd\" data-element_type=\"widget\" data-e-type=\"widget\" data-widget_type=\"image.default\">\n\t\t\t\t\t\t\t\t\t\t\t\t\t\t\t<img decoding=\"async\" src=\"https:\/\/magnificum.net\/wp-content\/uploads\/2025\/12\/Logo-eggshell.svg\" title=\"Logo-eggshell\" alt=\"Logo-eggshell\" loading=\"lazy\" \/>\t\t\t\t\t\t\t\t\t\t\t\t\t\t\t<\/div>\n\t\t\t\t<div class=\"elementor-element elementor-element-23fae2b0 elementor-widget elementor-widget-spacer\" data-id=\"23fae2b0\" data-element_type=\"widget\" data-e-type=\"widget\" data-widget_type=\"spacer.default\">\n\t\t\t\t\t\t\t<div class=\"elementor-spacer\">\n\t\t\t<div class=\"elementor-spacer-inner\"><\/div>\n\t\t<\/div>\n\t\t\t\t\t\t<\/div>\n\t\t\t\t<div class=\"elementor-element elementor-element-1a9eb74 elementor-widget elementor-widget-spacer\" data-id=\"1a9eb74\" data-element_type=\"widget\" data-e-type=\"widget\" data-widget_type=\"spacer.default\">\n\t\t\t\t\t\t\t<div class=\"elementor-spacer\">\n\t\t\t<div class=\"elementor-spacer-inner\"><\/div>\n\t\t<\/div>\n\t\t\t\t\t\t<\/div>\n\t\t\t\t\t<\/div>\n\t\t<\/div>\n\t\t\t\t\t<\/div>\n\t\t<\/section>\n\t\t\t\t<section class=\"elementor-section elementor-top-section elementor-element elementor-element-4c676a6f elementor-section-boxed elementor-section-height-default elementor-section-height-default\" data-id=\"4c676a6f\" data-element_type=\"section\" data-e-type=\"section\">\n\t\t\t\t\t\t<div class=\"elementor-container elementor-column-gap-default\">\n\t\t\t\t\t<div class=\"elementor-column elementor-col-66 elementor-top-column elementor-element elementor-element-55e1b776\" data-id=\"55e1b776\" data-element_type=\"column\" data-e-type=\"column\">\n\t\t\t<div class=\"elementor-widget-wrap elementor-element-populated\">\n\t\t\t\t\t\t<div class=\"elementor-element elementor-element-59b0474f elementor-widget elementor-widget-heading\" data-id=\"59b0474f\" data-element_type=\"widget\" data-e-type=\"widget\" data-widget_type=\"heading.default\">\n\t\t\t\t\t<h2 class=\"elementor-heading-title elementor-size-default\">MAGNIFICUM WELCOMES YOU...IF YOU DARE<\/h2>\t\t\t\t<\/div>\n\t\t\t\t\t<\/div>\n\t\t<\/div>\n\t\t\t\t<div class=\"elementor-column elementor-col-33 elementor-top-column elementor-element elementor-element-48b7f14\" data-id=\"48b7f14\" data-element_type=\"column\" data-e-type=\"column\">\n\t\t\t<div class=\"elementor-widget-wrap elementor-element-populated\">\n\t\t\t\t\t\t<div class=\"elementor-element elementor-element-6e04337d e-transform elementor-hidden-desktop elementor-hidden-tablet elementor-widget elementor-widget-image\" data-id=\"6e04337d\" data-element_type=\"widget\" data-e-type=\"widget\" data-settings=\"{&quot;_transform_rotateZ_effect_mobile&quot;:{&quot;unit&quot;:&quot;deg&quot;,&quot;size&quot;:14,&quot;sizes&quot;:[]},&quot;_transform_rotateZ_effect&quot;:{&quot;unit&quot;:&quot;px&quot;,&quot;size&quot;:&quot;&quot;,&quot;sizes&quot;:[]},&quot;_transform_rotateZ_effect_tablet&quot;:{&quot;unit&quot;:&quot;deg&quot;,&quot;size&quot;:&quot;&quot;,&quot;sizes&quot;:[]}}\" data-widget_type=\"image.default\">\n\t\t\t\t\t\t\t\t\t\t\t\t\t\t\t<img loading=\"lazy\" decoding=\"async\" width=\"600\" height=\"370\" src=\"https:\/\/magnificum.net\/wp-content\/uploads\/2025\/12\/Titel-BRAND-web.png\" class=\"attachment-full size-full wp-image-21785\" alt=\"\" srcset=\"https:\/\/magnificum.net\/wp-content\/uploads\/2025\/12\/Titel-BRAND-web.png 600w, https:\/\/magnificum.net\/wp-content\/uploads\/2025\/12\/Titel-BRAND-web-300x185.png 300w, https:\/\/magnificum.net\/wp-content\/uploads\/2025\/12\/Titel-BRAND-web-18x12.png 18w\" sizes=\"auto, (max-width: 600px) 100vw, 600px\" \/>\t\t\t\t\t\t\t\t\t\t\t\t\t\t\t<\/div>\n\t\t\t\t\t<\/div>\n\t\t<\/div>\n\t\t\t\t\t<\/div>\n\t\t<\/section>\n\t\t\t\t<section class=\"elementor-section elementor-top-section elementor-element elementor-element-23c7b90e elementor-section-boxed elementor-section-height-default elementor-section-height-default\" data-id=\"23c7b90e\" data-element_type=\"section\" data-e-type=\"section\">\n\t\t\t\t\t\t<div class=\"elementor-container elementor-column-gap-default\">\n\t\t\t\t\t<div class=\"elementor-column elementor-col-66 elementor-top-column elementor-element elementor-element-33e02125\" data-id=\"33e02125\" data-element_type=\"column\" data-e-type=\"column\" data-settings=\"{&quot;background_background&quot;:&quot;classic&quot;}\">\n\t\t\t<div class=\"elementor-widget-wrap elementor-element-populated\">\n\t\t\t\t\t\t<div class=\"elementor-element elementor-element-6e14b227 elementor-widget__width-initial elementor-widget elementor-widget-text-editor\" data-id=\"6e14b227\" data-element_type=\"widget\" data-e-type=\"widget\" data-widget_type=\"text-editor.default\">\n\t\t\t\t\t\t\t\t\t<p>Macht euch Notizen, sichtet die Dokumente und passt auf, dass jede\/r jedes Dokument untersucht. Tauscht euch w\u00e4hrend eurer Ermittlungen gut aus und folgt den spannenden Theorien eurer Kollegen. Verliert dabei aber nicht das Ziel der Ermittlungen aus den Augen!<\/p><p><strong>Startklar?<\/strong><br \/>Dann findet ihr hier auf der Seite das H\u00f6rspiel-Intro, Hilfen und Tipps sowie den Aufl\u00f6sungstest.<\/p>\t\t\t\t\t\t\t\t<\/div>\n\t\t\t\t<div class=\"elementor-element elementor-element-4f4dfb54 elementor-widget elementor-widget-spacer\" data-id=\"4f4dfb54\" data-element_type=\"widget\" data-e-type=\"widget\" data-widget_type=\"spacer.default\">\n\t\t\t\t\t\t\t<div class=\"elementor-spacer\">\n\t\t\t<div class=\"elementor-spacer-inner\"><\/div>\n\t\t<\/div>\n\t\t\t\t\t\t<\/div>\n\t\t\t\t<div class=\"elementor-element elementor-element-424fc2de elementor-widget elementor-widget-html\" data-id=\"424fc2de\" data-element_type=\"widget\" data-e-type=\"widget\" data-widget_type=\"html.default\">\n\t\t\t\t\t<audio class=\"audio-player\" controls preload=\"metadata\">\r\n  <source src=\"https:\/\/magnificum.net\/wp-content\/uploads\/2025\/12\/Intro-Brand.mp3\" type=\"audio\/mpeg\">\r\n  Dein Browser unterst\u00fctzt den Audioplayer nicht.\r\n<\/audio>\r\n\r\n<style>\r\n.audio-player{\r\n  display:block !important;\r\n  width:100% !important;\r\n  max-width:800px;\r\n  min-height:44px;      \/* sorgt daf\u00fcr, dass er nicht \u201c0 hoch\u201d wird *\/\r\n  height:auto !important;\r\n  box-sizing:border-box;\r\n\r\n  visibility:visible !important;\r\n  opacity:1 !important;\r\n  transform:none !important;\r\n  position:static !important;\r\n}\r\n<\/style>\r\n\t\t\t\t<\/div>\n\t\t\t\t<div class=\"elementor-element elementor-element-793145d8 elementor-widget__width-initial elementor-widget elementor-widget-html\" data-id=\"793145d8\" data-element_type=\"widget\" data-e-type=\"widget\" data-widget_type=\"html.default\">\n\t\t\t\t\t<!-- Roboto einbinden -->\r\n<link href=\"https:\/\/fonts.googleapis.com\/css2?family=Roboto:ital,wght@0,300;0,400;0,500;0,700;1,400&display=swap\" rel=\"stylesheet\">\r\n\r\n<div class=\"readmore-box\" style=\"  position: relative;  max-width: 800px;  font-family: 'Roboto', sans-serif;  line-height: 1.5;  color:#F5F5F5;\">\r\n\r\n  <!-- VERSTECKTER TEXT -->\r\n  <div class=\"readmore-text\" style=\"    max-height: 0;    overflow: hidden;    transition: max-height 0.35s ease;  \">\r\n\r\n    <!-- OBERER ZUKLAPP-BUTTON -->\r\n    <p>\r\n      <span class=\"readmore-toggle\" style=\"        cursor: pointer;        font-weight: bold;        color:#F5F5F5;        text-decoration: underline;      \">\r\n        Weniger anzeigen\r\n      <\/span>\r\n    <\/p>\r\n\r\n    <p><strong>Erz\u00e4hler:<\/strong><\/p>\r\n\r\n    <p>Sehlnau, Schweiz. Samstag, 16. September, 9:43.<\/p>\r\n\r\n    <p>Christian Zihlmann parkte sein Auto neben der Dorfkirche.<\/p>\r\n\r\n    <p>(Sound von Dorfbrunnen, V\u00f6geln, etc.)<\/p>\r\n\r\n    <p>Auf einer Bank sa\u00df eine alte Frau mit Rollator und be\u00e4ugte ihn skeptisch.  \r\n    Zihlmann ging zum Gartentor von Dorfstrasse 3.  \r\n    Er war seit 24 Jahren Brandexperte. Und doch \u00fcberkam ihn jetzt ein merkw\u00fcrdiges Gef\u00fchl.<\/p>\r\n\r\n    <p>(Sound \u00f6ffnen Tor)<\/p>\r\n\r\n    <p>Es roch nach verdorbenem Essen, nach Staub, faulig, muffig.  \r\n    An der Hauswand war meterhoch Altpapier gestapelt, daneben ein Lattenrost, ein B\u00fcgelbrett und Bananenkisten.<\/p>\r\n\r\n    <p><strong>Zihlmann:<\/strong> \u201eOh mein Gott, das ist ja schrecklich. Wer lebt blo\u00df hier?\u201c<\/p>\r\n\r\n    <p>Zihlmann bahnte sich einen Weg zur R\u00fcckseite des Hauses.  \r\n    Hier war der Brand ausgebrochen.  \r\n    Er h\u00f6rte H\u00fchner gackern, das Grundst\u00fcck grenzte hier an einen Wald.  \r\n    Das Haus w\u00e4re ein Prunkst\u00fcck gewesen \u2013 w\u00e4re da nur nicht der ganze M\u00fcll gewesen.<\/p>\r\n\r\n    <p>Der Brandexperte n\u00e4herte sich der Brandstelle, dem verkohlten Haufen, der nahe der Hauswand stand.  \r\n    Er stellte den Koffer mit seinen Utensilien ins Gras, atmete tief ein, dann aus. Konzentration.<\/p>\r\n\r\n    <p>Im Haufen erkannte er zun\u00e4chst eine Zange, dann einen geschmolzenen Eimer und viele Glasflaschen.<\/p>\r\n\r\n    <p><strong>Zihlmann:<\/strong> \u201eNichts davon ist leicht brennbar.\u201c<\/p>\r\n\r\n    <p>Zihlmann ging um den Haufen herum, kniete sich hin.  \r\n    Kein Strom, auch keine Batterien \u2014 also kein Kurzschluss.<\/p>\r\n\r\n    <p><strong>Zihlmann:<\/strong> \u201eDas Wetter war gut. Kein Blitzeinschlag.\u201c<\/p>\r\n\r\n    <p>Eine Kerze oder eine Zigarette h\u00e4tten nicht ausgereicht, um diesen Haufen in Brand zu stecken.  \r\n    Nein, daf\u00fcr brauchte es mehr.<\/p>\r\n\r\n    <p>Zihlmann sah hoch zum Haus.  \r\n    Die Fassade wies nur geringe Spuren von Ru\u00df auf.  \r\n    Ein Wunder, dass es noch stand, dachte Zihlmann.  \r\n    Dann nahm er seinen Notizblock und notierte ein einzelnes Wort:<\/p>\r\n\r\n    <p><strong>Brandstiftung.<\/strong><\/p>\r\n\r\n    <p>(dramatische Musik)<\/p>\r\n\r\n  <\/div>\r\n\r\n  <!-- UNTERER BUTTON -->\r\n  <span class=\"readmore-toggle\" style=\"    cursor: pointer;    display: inline-block;    margin-top: 10px;    color: #F5F5F5;      font-weight: 700; \/* echtes Roboto Bold *\/    text-decoration: underline;  \">\r\n    Transkript f\u00fcr Menschen ohne Geh\u00f6r\r\n  <\/span>\r\n<\/div>\r\n\r\n<script>\r\ndocument.addEventListener(\"DOMContentLoaded\", function() {\r\n  document.querySelectorAll(\".readmore-toggle\").forEach(function(btn) {\r\n\r\n    btn.addEventListener(\"click\", function() {\r\n      const box = btn.closest(\".readmore-box\");\r\n      const text = box.querySelector(\".readmore-text\");\r\n      const toggles = box.querySelectorAll(\".readmore-toggle\");\r\n\r\n      if (!box.classList.contains(\"open\")) {\r\n        text.style.maxHeight = \"3000px\";\r\n        toggles.forEach(t => t.textContent = \"Weniger anzeigen\");\r\n        box.classList.add(\"open\");\r\n      } else {\r\n        text.style.maxHeight = \"0\";\r\n        toggles.forEach(t => t.textContent = \"Hier klicken\");\r\n        box.classList.remove(\"open\");\r\n      }\r\n    });\r\n\r\n  });\r\n});\r\n<\/script>\r\n\t\t\t\t<\/div>\n\t\t\t\t<div class=\"elementor-element elementor-element-3f3a5fb2 elementor-widget elementor-widget-spacer\" data-id=\"3f3a5fb2\" data-element_type=\"widget\" data-e-type=\"widget\" data-widget_type=\"spacer.default\">\n\t\t\t\t\t\t\t<div class=\"elementor-spacer\">\n\t\t\t<div class=\"elementor-spacer-inner\"><\/div>\n\t\t<\/div>\n\t\t\t\t\t\t<\/div>\n\t\t\t\t<div class=\"elementor-element elementor-element-5741ced elementor-widget__width-initial elementor-widget elementor-widget-text-editor\" data-id=\"5741ced\" data-element_type=\"widget\" data-e-type=\"widget\" data-widget_type=\"text-editor.default\">\n\t\t\t\t\t\t\t\t\t<p>Ihr kommt nicht weiter? Hier findet ihr <span style=\"text-decoration: underline;\"><span style=\"color: #ffcc00;\"><a style=\"font-weight: 400; color: #ffcc00; text-decoration: underline;\" href=\"\/en\/help-br\/\" target=\"_blank\" rel=\"noopener\">Hilfe und Tipps<\/a><\/span><br \/><\/span><\/p><p>Fall gel\u00f6st?<br \/>Ihr habt alle Fakten aufgedeckt? Hier geht\u00b4s zum <span style=\"text-decoration: underline;\"><span style=\"color: #ffcc00;\"><a style=\"font-weight: 400; color: #ffcc00; text-decoration: underline;\" href=\"\/en\/test-br\/\" target=\"_blank\" rel=\"noopener\">Aufl\u00f6sungstest\u00a0<\/a><\/span><\/span><\/p>\t\t\t\t\t\t\t\t<\/div>\n\t\t\t\t\t<\/div>\n\t\t<\/div>\n\t\t\t\t<div class=\"elementor-column elementor-col-33 elementor-top-column elementor-element elementor-element-3e4aee43\" data-id=\"3e4aee43\" data-element_type=\"column\" data-e-type=\"column\">\n\t\t\t<div class=\"elementor-widget-wrap elementor-element-populated\">\n\t\t\t\t\t\t<div class=\"elementor-element elementor-element-638a06ad elementor-widget__width-initial e-transform elementor-hidden-mobile elementor-widget elementor-widget-image\" data-id=\"638a06ad\" data-element_type=\"widget\" data-e-type=\"widget\" data-settings=\"{&quot;_transform_rotateZ_effect&quot;:{&quot;unit&quot;:&quot;px&quot;,&quot;size&quot;:12,&quot;sizes&quot;:[]},&quot;_transform_rotateZ_effect_tablet&quot;:{&quot;unit&quot;:&quot;deg&quot;,&quot;size&quot;:&quot;&quot;,&quot;sizes&quot;:[]},&quot;_transform_rotateZ_effect_mobile&quot;:{&quot;unit&quot;:&quot;deg&quot;,&quot;size&quot;:&quot;&quot;,&quot;sizes&quot;:[]}}\" data-widget_type=\"image.default\">\n\t\t\t\t\t\t\t\t\t\t\t\t\t\t\t<img loading=\"lazy\" decoding=\"async\" width=\"600\" height=\"370\" src=\"https:\/\/magnificum.net\/wp-content\/uploads\/2025\/12\/Titel-BRAND-web.png\" class=\"attachment-full size-full wp-image-21785\" alt=\"\" srcset=\"https:\/\/magnificum.net\/wp-content\/uploads\/2025\/12\/Titel-BRAND-web.png 600w, https:\/\/magnificum.net\/wp-content\/uploads\/2025\/12\/Titel-BRAND-web-300x185.png 300w, https:\/\/magnificum.net\/wp-content\/uploads\/2025\/12\/Titel-BRAND-web-18x12.png 18w\" sizes=\"auto, (max-width: 600px) 100vw, 600px\" \/>\t\t\t\t\t\t\t\t\t\t\t\t\t\t\t<\/div>\n\t\t\t\t\t<\/div>\n\t\t<\/div>\n\t\t\t\t\t<\/div>\n\t\t<\/section>\n\t\t\t\t<section class=\"elementor-section elementor-top-section elementor-element elementor-element-4a31fca elementor-section-boxed elementor-section-height-default elementor-section-height-default\" data-id=\"4a31fca\" data-element_type=\"section\" data-e-type=\"section\">\n\t\t\t\t\t\t<div class=\"elementor-container elementor-column-gap-default\">\n\t\t\t\t\t<div class=\"elementor-column elementor-col-100 elementor-top-column elementor-element elementor-element-bcd0ef0\" data-id=\"bcd0ef0\" data-element_type=\"column\" data-e-type=\"column\">\n\t\t\t<div class=\"elementor-widget-wrap elementor-element-populated\">\n\t\t\t\t\t\t<div class=\"elementor-element elementor-element-c338501 elementor-widget elementor-widget-spacer\" data-id=\"c338501\" data-element_type=\"widget\" data-e-type=\"widget\" data-widget_type=\"spacer.default\">\n\t\t\t\t\t\t\t<div class=\"elementor-spacer\">\n\t\t\t<div class=\"elementor-spacer-inner\"><\/div>\n\t\t<\/div>\n\t\t\t\t\t\t<\/div>\n\t\t\t\t\t<\/div>\n\t\t<\/div>\n\t\t\t\t\t<\/div>\n\t\t<\/section>\n\t\t\t\t<section class=\"elementor-section elementor-top-section elementor-element elementor-element-d0c198d elementor-section-boxed elementor-section-height-default elementor-section-height-default\" data-id=\"d0c198d\" data-element_type=\"section\" data-e-type=\"section\">\n\t\t\t\t\t\t<div class=\"elementor-container elementor-column-gap-default\">\n\t\t\t\t\t<div class=\"elementor-column elementor-col-100 elementor-top-column elementor-element elementor-element-5abecf6\" data-id=\"5abecf6\" data-element_type=\"column\" data-e-type=\"column\">\n\t\t\t<div class=\"elementor-widget-wrap elementor-element-populated\">\n\t\t\t\t\t\t<div class=\"elementor-element elementor-element-82d999a elementor-widget elementor-widget-text-editor\" data-id=\"82d999a\" data-element_type=\"widget\" data-e-type=\"widget\" data-widget_type=\"text-editor.default\">\n\t\t\t\t\t\t\t\t\t<p style=\"text-align: center;\" class=\"translation-block\"><span style=\"color: #ffffff\"><strong><a style=\"color: #ffffff\" href=\"\/en\/datenschutz\" target=\"_self\">DATA PROTECTION<\/a>\u00a0 |\u00a0 <a style=\"color: #ffffff\" href=\"\/en\/impressum\" target=\"_self\">ILEGAL NOTICE<\/a><\/strong><\/span><\/p>\t\t\t\t\t\t\t\t<\/div>\n\t\t\t\t\t<\/div>\n\t\t<\/div>\n\t\t\t\t\t<\/div>\n\t\t<\/section>\n\t\t\t\t<\/div>","protected":false},"excerpt":{"rendered":"<p>MAGNIFICUM HEISST EUCH WILLKOMMEN! Macht euch Notizen, sichtet die Dokumente und passt auf, dass jede\/r jedes Dokument untersucht. Tauscht euch w\u00e4hrend eurer Ermittlungen gut aus und folgt den spannenden Theorien eurer Kollegen. Verliert dabei aber nicht das Ziel der Ermittlungen aus den Augen! Startklar?Dann findet ihr hier auf der Seite das H\u00f6rspiel-Intro, Hilfen und Tipps [&hellip;]<\/p>\n","protected":false},"author":1,"featured_media":0,"parent":0,"menu_order":0,"comment_status":"closed","ping_status":"closed","template":"elementor_canvas","meta":{"footnotes":""},"class_list":["post-474","page","type-page","status-publish","hentry"],"_links":{"self":[{"href":"http:\/\/magnificum.net\/en\/wp-json\/wp\/v2\/pages\/474","targetHints":{"allow":["GET"]}}],"collection":[{"href":"http:\/\/magnificum.net\/en\/wp-json\/wp\/v2\/pages"}],"about":[{"href":"http:\/\/magnificum.net\/en\/wp-json\/wp\/v2\/types\/page"}],"author":[{"embeddable":true,"href":"http:\/\/magnificum.net\/en\/wp-json\/wp\/v2\/users\/1"}],"replies":[{"embeddable":true,"href":"http:\/\/magnificum.net\/en\/wp-json\/wp\/v2\/comments?post=474"}],"version-history":[{"count":0,"href":"http:\/\/magnificum.net\/en\/wp-json\/wp\/v2\/pages\/474\/revisions"}],"wp:attachment":[{"href":"http:\/\/magnificum.net\/en\/wp-json\/wp\/v2\/media?parent=474"}],"curies":[{"name":"wp","href":"https:\/\/api.w.org\/{rel}","templated":true}]}}