{"id":500,"date":"2025-12-11T18:27:29","date_gmt":"2025-12-11T18:27:29","guid":{"rendered":"http:\/\/enterprism.net\/?page_id=500"},"modified":"2025-12-22T11:29:47","modified_gmt":"2025-12-22T11:29:47","slug":"bankett1-spielstart","status":"publish","type":"page","link":"http:\/\/magnificum.net\/en\/bankett1-spielstart\/","title":{"rendered":"Bankett Teil 1 &#8211; Spielstart"},"content":{"rendered":"<div data-elementor-type=\"wp-page\" data-elementor-id=\"500\" class=\"elementor elementor-500\">\n\t\t\t\t\t\t<section class=\"elementor-section elementor-top-section elementor-element elementor-element-4814a9b9 elementor-section-boxed elementor-section-height-default elementor-section-height-default\" data-id=\"4814a9b9\" data-element_type=\"section\" data-e-type=\"section\" data-settings=\"{&quot;background_background&quot;:&quot;classic&quot;}\">\n\t\t\t\t\t\t<div class=\"elementor-container elementor-column-gap-default\">\n\t\t\t\t\t<div class=\"elementor-column elementor-col-100 elementor-top-column elementor-element elementor-element-34179eca\" data-id=\"34179eca\" data-element_type=\"column\" data-e-type=\"column\">\n\t\t\t<div class=\"elementor-widget-wrap elementor-element-populated\">\n\t\t\t\t\t\t<div class=\"elementor-element elementor-element-3e963b7d elementor-widget elementor-widget-spacer\" data-id=\"3e963b7d\" data-element_type=\"widget\" data-e-type=\"widget\" data-widget_type=\"spacer.default\">\n\t\t\t\t\t\t\t<div class=\"elementor-spacer\">\n\t\t\t<div class=\"elementor-spacer-inner\"><\/div>\n\t\t<\/div>\n\t\t\t\t\t\t<\/div>\n\t\t\t\t<div class=\"elementor-element elementor-element-79ee852e elementor-widget elementor-widget-image\" data-id=\"79ee852e\" data-element_type=\"widget\" data-e-type=\"widget\" data-widget_type=\"image.default\">\n\t\t\t\t\t\t\t\t\t\t\t\t\t\t\t<img decoding=\"async\" src=\"https:\/\/magnificum.net\/wp-content\/uploads\/2025\/12\/Logo-eggshell.svg\" title=\"Logo-eggshell\" alt=\"Logo-eggshell\" loading=\"lazy\" \/>\t\t\t\t\t\t\t\t\t\t\t\t\t\t\t<\/div>\n\t\t\t\t<div class=\"elementor-element elementor-element-6e0f9dec elementor-widget elementor-widget-spacer\" data-id=\"6e0f9dec\" data-element_type=\"widget\" data-e-type=\"widget\" data-widget_type=\"spacer.default\">\n\t\t\t\t\t\t\t<div class=\"elementor-spacer\">\n\t\t\t<div class=\"elementor-spacer-inner\"><\/div>\n\t\t<\/div>\n\t\t\t\t\t\t<\/div>\n\t\t\t\t<div class=\"elementor-element elementor-element-6b310437 elementor-widget elementor-widget-spacer\" data-id=\"6b310437\" data-element_type=\"widget\" data-e-type=\"widget\" data-widget_type=\"spacer.default\">\n\t\t\t\t\t\t\t<div class=\"elementor-spacer\">\n\t\t\t<div class=\"elementor-spacer-inner\"><\/div>\n\t\t<\/div>\n\t\t\t\t\t\t<\/div>\n\t\t\t\t\t<\/div>\n\t\t<\/div>\n\t\t\t\t\t<\/div>\n\t\t<\/section>\n\t\t\t\t<section class=\"elementor-section elementor-top-section elementor-element elementor-element-1a2627fe elementor-section-boxed elementor-section-height-default elementor-section-height-default\" data-id=\"1a2627fe\" data-element_type=\"section\" data-e-type=\"section\">\n\t\t\t\t\t\t<div class=\"elementor-container elementor-column-gap-default\">\n\t\t\t\t\t<div class=\"elementor-column elementor-col-66 elementor-top-column elementor-element elementor-element-59b80b0d\" data-id=\"59b80b0d\" data-element_type=\"column\" data-e-type=\"column\">\n\t\t\t<div class=\"elementor-widget-wrap elementor-element-populated\">\n\t\t\t\t\t\t<div class=\"elementor-element elementor-element-141eb02f elementor-widget elementor-widget-heading\" data-id=\"141eb02f\" data-element_type=\"widget\" data-e-type=\"widget\" data-widget_type=\"heading.default\">\n\t\t\t\t\t<h2 class=\"elementor-heading-title elementor-size-default\">MAGNIFICUM WELCOMES YOU...IF YOU DARE<\/h2>\t\t\t\t<\/div>\n\t\t\t\t\t<\/div>\n\t\t<\/div>\n\t\t\t\t<div class=\"elementor-column elementor-col-33 elementor-top-column elementor-element elementor-element-58bc60fe\" data-id=\"58bc60fe\" data-element_type=\"column\" data-e-type=\"column\">\n\t\t\t<div class=\"elementor-widget-wrap elementor-element-populated\">\n\t\t\t\t\t\t<div class=\"elementor-element elementor-element-77ff2301 e-transform elementor-hidden-desktop elementor-hidden-tablet elementor-widget-mobile__width-initial elementor-widget elementor-widget-image\" data-id=\"77ff2301\" data-element_type=\"widget\" data-e-type=\"widget\" data-settings=\"{&quot;_transform_rotateZ_effect_mobile&quot;:{&quot;unit&quot;:&quot;deg&quot;,&quot;size&quot;:14,&quot;sizes&quot;:[]},&quot;_transform_rotateZ_effect&quot;:{&quot;unit&quot;:&quot;px&quot;,&quot;size&quot;:&quot;&quot;,&quot;sizes&quot;:[]},&quot;_transform_rotateZ_effect_tablet&quot;:{&quot;unit&quot;:&quot;deg&quot;,&quot;size&quot;:&quot;&quot;,&quot;sizes&quot;:[]}}\" data-widget_type=\"image.default\">\n\t\t\t\t\t\t\t\t\t\t\t\t\t\t\t<img loading=\"lazy\" decoding=\"async\" width=\"600\" height=\"285\" src=\"https:\/\/magnificum.net\/wp-content\/uploads\/2025\/12\/B1-Titel-web.png\" class=\"attachment-large size-large wp-image-21780\" alt=\"\" srcset=\"https:\/\/magnificum.net\/wp-content\/uploads\/2025\/12\/B1-Titel-web.png 600w, https:\/\/magnificum.net\/wp-content\/uploads\/2025\/12\/B1-Titel-web-300x143.png 300w, https:\/\/magnificum.net\/wp-content\/uploads\/2025\/12\/B1-Titel-web-18x9.png 18w\" sizes=\"auto, (max-width: 600px) 100vw, 600px\" \/>\t\t\t\t\t\t\t\t\t\t\t\t\t\t\t<\/div>\n\t\t\t\t\t<\/div>\n\t\t<\/div>\n\t\t\t\t\t<\/div>\n\t\t<\/section>\n\t\t\t\t<section class=\"elementor-section elementor-top-section elementor-element elementor-element-172efbd0 elementor-section-boxed elementor-section-height-default elementor-section-height-default\" data-id=\"172efbd0\" data-element_type=\"section\" data-e-type=\"section\">\n\t\t\t\t\t\t<div class=\"elementor-container elementor-column-gap-default\">\n\t\t\t\t\t<div class=\"elementor-column elementor-col-66 elementor-top-column elementor-element elementor-element-18d7b3a2\" data-id=\"18d7b3a2\" data-element_type=\"column\" data-e-type=\"column\" data-settings=\"{&quot;background_background&quot;:&quot;classic&quot;}\">\n\t\t\t<div class=\"elementor-widget-wrap elementor-element-populated\">\n\t\t\t\t\t\t<div class=\"elementor-element elementor-element-37c780d0 elementor-widget__width-initial elementor-widget elementor-widget-text-editor\" data-id=\"37c780d0\" data-element_type=\"widget\" data-e-type=\"widget\" data-widget_type=\"text-editor.default\">\n\t\t\t\t\t\t\t\t\t<p>Macht euch Notizen, sichtet die Dokumente und passt auf, dass jede\/r jedes Dokument untersucht. Tauscht euch w\u00e4hrend eurer Ermittlungen gut aus und folgt den spannenden Theorien eurer Kollegen. Verliert dabei aber nicht das Ziel der Ermittlungen aus den Augen!<\/p><p><strong>Startklar?<\/strong><br \/>Dann findet ihr hier auf der Seite das H\u00f6rspiel-Intro, Hilfen und Tipps sowie den Aufl\u00f6sungstest.<\/p>\t\t\t\t\t\t\t\t<\/div>\n\t\t\t\t<div class=\"elementor-element elementor-element-549d4c84 elementor-widget elementor-widget-spacer\" data-id=\"549d4c84\" data-element_type=\"widget\" data-e-type=\"widget\" data-widget_type=\"spacer.default\">\n\t\t\t\t\t\t\t<div class=\"elementor-spacer\">\n\t\t\t<div class=\"elementor-spacer-inner\"><\/div>\n\t\t<\/div>\n\t\t\t\t\t\t<\/div>\n\t\t\t\t<div class=\"elementor-element elementor-element-4d7d7efb elementor-widget elementor-widget-html\" data-id=\"4d7d7efb\" data-element_type=\"widget\" data-e-type=\"widget\" data-widget_type=\"html.default\">\n\t\t\t\t\t<audio class=\"audio-player\" controls preload=\"metadata\">\r\n  <source src=\"https:\/\/magnificum.net\/wp-content\/uploads\/2025\/12\/intro-bankett-teil1.mp3\" type=\"audio\/mpeg\">\r\n  Dein Browser unterst\u00fctzt den Audioplayer nicht.\r\n<\/audio>\r\n\r\n<style>\r\n.audio-player{\r\n  display:block !important;\r\n  width:100% !important;\r\n  max-width:800px;\r\n  min-height:44px;      \/* sorgt daf\u00fcr, dass er nicht \u201c0 hoch\u201d wird *\/\r\n  height:auto !important;\r\n  box-sizing:border-box;\r\n\r\n  visibility:visible !important;\r\n  opacity:1 !important;\r\n  transform:none !important;\r\n  position:static !important;\r\n}\r\n<\/style>\r\n\t\t\t\t<\/div>\n\t\t\t\t<div class=\"elementor-element elementor-element-52056213 elementor-widget elementor-widget-spacer\" data-id=\"52056213\" data-element_type=\"widget\" data-e-type=\"widget\" data-widget_type=\"spacer.default\">\n\t\t\t\t\t\t\t<div class=\"elementor-spacer\">\n\t\t\t<div class=\"elementor-spacer-inner\"><\/div>\n\t\t<\/div>\n\t\t\t\t\t\t<\/div>\n\t\t\t\t<div class=\"elementor-element elementor-element-2a7552d4 elementor-widget__width-initial elementor-widget elementor-widget-text-editor\" data-id=\"2a7552d4\" data-element_type=\"widget\" data-e-type=\"widget\" data-widget_type=\"text-editor.default\">\n\t\t\t\t\t\t\t\t\t<p>Ihr kommt nicht weiter? Hier findet ihr <span style=\"text-decoration: underline;\"><span style=\"color: #ffcc00;\"><a style=\"font-weight: 400; color: #ffcc00; text-decoration: underline;\" href=\"\/en\/help-b1\/\" target=\"_blank\" rel=\"noopener\">Hilfe und Tipps<\/a><\/span><br \/><\/span><\/p><p>Fall gel\u00f6st?<br \/>Ihr habt alle Fakten aufgedeckt? Hier geht\u00b4s zum <span style=\"text-decoration: underline;\"><span style=\"color: #ffcc00;\"><a style=\"font-weight: 400; color: #ffcc00; text-decoration: underline;\" href=\"\/en\/test-b1\/\" target=\"_blank\" rel=\"noopener\">Aufl\u00f6sungstest\u00a0<\/a><\/span><\/span><\/p>\t\t\t\t\t\t\t\t<\/div>\n\t\t\t\t<div class=\"elementor-element elementor-element-4281e2a elementor-widget elementor-widget-toggle\" data-id=\"4281e2a\" data-element_type=\"widget\" data-e-type=\"widget\" data-widget_type=\"toggle.default\">\n\t\t\t\t\t\t\t<div class=\"elementor-toggle\">\n\t\t\t\t\t\t\t<div class=\"elementor-toggle-item\">\n\t\t\t\t\t<div id=\"elementor-tab-title-6971\" class=\"elementor-tab-title\" data-tab=\"1\" role=\"button\" aria-controls=\"elementor-tab-content-6971\" aria-expanded=\"false\">\n\t\t\t\t\t\t\t\t\t\t\t\t<span class=\"elementor-toggle-icon elementor-toggle-icon-left\" aria-hidden=\"true\">\n\t\t\t\t\t\t\t\t\t\t\t\t\t\t\t<span class=\"elementor-toggle-icon-closed\"><svg class=\"e-font-icon-svg e-fas-caret-right\" viewbox=\"0 0 192 512\" xmlns=\"http:\/\/www.w3.org\/2000\/svg\"><path d=\"M0 384.662V127.338c0-17.818 21.543-26.741 34.142-14.142l128.662 128.662c7.81 7.81 7.81 20.474 0 28.284L34.142 398.804C21.543 411.404 0 402.48 0 384.662z\"><\/path><\/svg><\/span>\n\t\t\t\t\t\t\t\t<span class=\"elementor-toggle-icon-opened\"><svg class=\"elementor-toggle-icon-opened e-font-icon-svg e-fas-caret-up\" viewbox=\"0 0 320 512\" xmlns=\"http:\/\/www.w3.org\/2000\/svg\"><path d=\"M288.662 352H31.338c-17.818 0-26.741-21.543-14.142-34.142l128.662-128.662c7.81-7.81 20.474-7.81 28.284 0l128.662 128.662c12.6 12.599 3.676 34.142-14.142 34.142z\"><\/path><\/svg><\/span>\n\t\t\t\t\t\t\t\t\t\t\t\t\t<\/span>\n\t\t\t\t\t\t\t\t\t\t\t\t<a class=\"elementor-toggle-title\" tabindex=\"0\">Aktuelle Fehlermeldungen<\/a>\n\t\t\t\t\t<\/div>\n\n\t\t\t\t\t<div id=\"elementor-tab-content-6971\" class=\"elementor-tab-content elementor-clearfix\" data-tab=\"1\" role=\"region\" aria-labelledby=\"elementor-tab-title-6971\"><ul><li>In einer kleinen Auflage wurde der Instagram-Ausdruck vertauscht. <br \/>F\u00fcr das Spiel relevant ist das <strong>Instagram-Profil von Patricia v. Donnerswarth<\/strong>. Solltet ihr stattdessen ein Instagram-Profil von Berta H\u00e4berle finden, so geh\u00f6rt dieses nicht in dieses Spiel. Wir bitten an dieser Stelle um Entschuldigung solltet ihr hiervon betroffen sein. \u00dcber die Hilfeseite k\u00f6nnt ihr euch \u00fcber den <strong>Support-Bot<\/strong> den korrekten Instagramausdruck herunterladen<\/li><\/ul><\/div>\n\t\t\t\t<\/div>\n\t\t\t\t\t\t\t\t<\/div>\n\t\t\t\t\t\t<\/div>\n\t\t\t\t\t<\/div>\n\t\t<\/div>\n\t\t\t\t<div class=\"elementor-column elementor-col-33 elementor-top-column elementor-element elementor-element-4b1b7f25\" data-id=\"4b1b7f25\" data-element_type=\"column\" data-e-type=\"column\">\n\t\t\t<div class=\"elementor-widget-wrap elementor-element-populated\">\n\t\t\t\t\t\t<div class=\"elementor-element elementor-element-1fcb3e76 elementor-widget__width-initial e-transform elementor-hidden-mobile elementor-widget elementor-widget-image\" data-id=\"1fcb3e76\" data-element_type=\"widget\" data-e-type=\"widget\" data-settings=\"{&quot;_transform_rotateZ_effect&quot;:{&quot;unit&quot;:&quot;px&quot;,&quot;size&quot;:12,&quot;sizes&quot;:[]},&quot;_transform_rotateZ_effect_tablet&quot;:{&quot;unit&quot;:&quot;deg&quot;,&quot;size&quot;:&quot;&quot;,&quot;sizes&quot;:[]},&quot;_transform_rotateZ_effect_mobile&quot;:{&quot;unit&quot;:&quot;deg&quot;,&quot;size&quot;:&quot;&quot;,&quot;sizes&quot;:[]}}\" data-widget_type=\"image.default\">\n\t\t\t\t\t\t\t\t\t\t\t\t\t\t\t<img loading=\"lazy\" decoding=\"async\" width=\"600\" height=\"285\" src=\"https:\/\/magnificum.net\/wp-content\/uploads\/2025\/12\/B1-Titel-web.png\" class=\"attachment-large size-large wp-image-21780\" alt=\"\" srcset=\"https:\/\/magnificum.net\/wp-content\/uploads\/2025\/12\/B1-Titel-web.png 600w, https:\/\/magnificum.net\/wp-content\/uploads\/2025\/12\/B1-Titel-web-300x143.png 300w, https:\/\/magnificum.net\/wp-content\/uploads\/2025\/12\/B1-Titel-web-18x9.png 18w\" sizes=\"auto, (max-width: 600px) 100vw, 600px\" \/>\t\t\t\t\t\t\t\t\t\t\t\t\t\t\t<\/div>\n\t\t\t\t\t<\/div>\n\t\t<\/div>\n\t\t\t\t\t<\/div>\n\t\t<\/section>\n\t\t\t\t<section class=\"elementor-section elementor-top-section elementor-element elementor-element-1f854c86 elementor-section-boxed elementor-section-height-default elementor-section-height-default\" data-id=\"1f854c86\" data-element_type=\"section\" data-e-type=\"section\">\n\t\t\t\t\t\t<div class=\"elementor-container elementor-column-gap-default\">\n\t\t\t\t\t<div class=\"elementor-column elementor-col-100 elementor-top-column elementor-element elementor-element-6e9c2caa\" data-id=\"6e9c2caa\" data-element_type=\"column\" data-e-type=\"column\">\n\t\t\t<div class=\"elementor-widget-wrap elementor-element-populated\">\n\t\t\t\t\t\t<div class=\"elementor-element elementor-element-83e6e2c elementor-widget elementor-widget-spacer\" data-id=\"83e6e2c\" data-element_type=\"widget\" data-e-type=\"widget\" data-widget_type=\"spacer.default\">\n\t\t\t\t\t\t\t<div class=\"elementor-spacer\">\n\t\t\t<div class=\"elementor-spacer-inner\"><\/div>\n\t\t<\/div>\n\t\t\t\t\t\t<\/div>\n\t\t\t\t\t<\/div>\n\t\t<\/div>\n\t\t\t\t\t<\/div>\n\t\t<\/section>\n\t\t\t\t<section class=\"elementor-section elementor-top-section elementor-element elementor-element-7b25c42 elementor-section-boxed elementor-section-height-default elementor-section-height-default\" data-id=\"7b25c42\" data-element_type=\"section\" data-e-type=\"section\">\n\t\t\t\t\t\t<div class=\"elementor-container elementor-column-gap-default\">\n\t\t\t\t\t<div class=\"elementor-column elementor-col-100 elementor-top-column elementor-element elementor-element-b860b15\" data-id=\"b860b15\" data-element_type=\"column\" data-e-type=\"column\">\n\t\t\t<div class=\"elementor-widget-wrap elementor-element-populated\">\n\t\t\t\t\t\t<div class=\"elementor-element elementor-element-c0c7d88 elementor-widget elementor-widget-text-editor\" data-id=\"c0c7d88\" data-element_type=\"widget\" data-e-type=\"widget\" data-widget_type=\"text-editor.default\">\n\t\t\t\t\t\t\t\t\t<p style=\"text-align: center;\" class=\"translation-block\"><span style=\"color: #ffffff\"><strong><a style=\"color: #ffffff\" href=\"\/en\/datenschutz\" target=\"_self\">DATA PROTECTION<\/a>\u00a0 |\u00a0 <a style=\"color: #ffffff\" href=\"\/en\/impressum\" target=\"_self\">ILEGAL NOTICE<\/a><\/strong><\/span><\/p>\t\t\t\t\t\t\t\t<\/div>\n\t\t\t\t\t<\/div>\n\t\t<\/div>\n\t\t\t\t\t<\/div>\n\t\t<\/section>\n\t\t\t\t<\/div>","protected":false},"excerpt":{"rendered":"<p>MAGNIFICUM HEISST EUCH WILLKOMMEN! Macht euch Notizen, sichtet die Dokumente und passt auf, dass jede\/r jedes Dokument untersucht. Tauscht euch w\u00e4hrend eurer Ermittlungen gut aus und folgt den spannenden Theorien eurer Kollegen. Verliert dabei aber nicht das Ziel der Ermittlungen aus den Augen! Startklar?Dann findet ihr hier auf der Seite das H\u00f6rspiel-Intro, Hilfen und Tipps [&hellip;]<\/p>\n","protected":false},"author":1,"featured_media":0,"parent":0,"menu_order":0,"comment_status":"closed","ping_status":"closed","template":"elementor_canvas","meta":{"footnotes":""},"class_list":["post-500","page","type-page","status-publish","hentry"],"_links":{"self":[{"href":"http:\/\/magnificum.net\/en\/wp-json\/wp\/v2\/pages\/500","targetHints":{"allow":["GET"]}}],"collection":[{"href":"http:\/\/magnificum.net\/en\/wp-json\/wp\/v2\/pages"}],"about":[{"href":"http:\/\/magnificum.net\/en\/wp-json\/wp\/v2\/types\/page"}],"author":[{"embeddable":true,"href":"http:\/\/magnificum.net\/en\/wp-json\/wp\/v2\/users\/1"}],"replies":[{"embeddable":true,"href":"http:\/\/magnificum.net\/en\/wp-json\/wp\/v2\/comments?post=500"}],"version-history":[{"count":0,"href":"http:\/\/magnificum.net\/en\/wp-json\/wp\/v2\/pages\/500\/revisions"}],"wp:attachment":[{"href":"http:\/\/magnificum.net\/en\/wp-json\/wp\/v2\/media?parent=500"}],"curies":[{"name":"wp","href":"https:\/\/api.w.org\/{rel}","templated":true}]}}