{"id":521,"date":"2025-12-11T18:27:29","date_gmt":"2025-12-11T18:27:29","guid":{"rendered":"http:\/\/enterprism.net\/?page_id=521"},"modified":"2025-12-22T11:53:49","modified_gmt":"2025-12-22T11:53:49","slug":"ff-spielstart","status":"publish","type":"page","link":"http:\/\/magnificum.net\/en\/ff-spielstart\/","title":{"rendered":"Firmenfeier &#8211; Spielstart 2. Auflage"},"content":{"rendered":"\t\t<div data-elementor-type=\"wp-page\" data-elementor-id=\"521\" class=\"elementor elementor-521\">\n\t\t\t\t\t\t<section class=\"elementor-section elementor-top-section elementor-element elementor-element-3b0b5759 elementor-section-boxed elementor-section-height-default elementor-section-height-default\" data-id=\"3b0b5759\" data-element_type=\"section\" data-e-type=\"section\" data-settings=\"{&quot;background_background&quot;:&quot;classic&quot;}\">\n\t\t\t\t\t\t<div class=\"elementor-container elementor-column-gap-default\">\n\t\t\t\t\t<div class=\"elementor-column elementor-col-100 elementor-top-column elementor-element elementor-element-50fb1769\" data-id=\"50fb1769\" data-element_type=\"column\" data-e-type=\"column\">\n\t\t\t<div class=\"elementor-widget-wrap elementor-element-populated\">\n\t\t\t\t\t\t<div class=\"elementor-element elementor-element-2c7a2ef9 elementor-widget elementor-widget-spacer\" data-id=\"2c7a2ef9\" data-element_type=\"widget\" data-e-type=\"widget\" data-widget_type=\"spacer.default\">\n\t\t\t\t\t\t\t<div class=\"elementor-spacer\">\n\t\t\t<div class=\"elementor-spacer-inner\"><\/div>\n\t\t<\/div>\n\t\t\t\t\t\t<\/div>\n\t\t\t\t<div class=\"elementor-element elementor-element-2d7f8098 elementor-widget elementor-widget-image\" data-id=\"2d7f8098\" data-element_type=\"widget\" data-e-type=\"widget\" data-widget_type=\"image.default\">\n\t\t\t\t\t\t\t\t\t\t\t\t\t\t\t<img decoding=\"async\" src=\"https:\/\/magnificum.net\/wp-content\/uploads\/2025\/12\/Logo-eggshell.svg\" title=\"Logo-eggshell\" alt=\"Logo-eggshell\" loading=\"lazy\" \/>\t\t\t\t\t\t\t\t\t\t\t\t\t\t\t<\/div>\n\t\t\t\t<div class=\"elementor-element elementor-element-15d775ca elementor-widget elementor-widget-spacer\" data-id=\"15d775ca\" data-element_type=\"widget\" data-e-type=\"widget\" data-widget_type=\"spacer.default\">\n\t\t\t\t\t\t\t<div class=\"elementor-spacer\">\n\t\t\t<div class=\"elementor-spacer-inner\"><\/div>\n\t\t<\/div>\n\t\t\t\t\t\t<\/div>\n\t\t\t\t<div class=\"elementor-element elementor-element-74d42540 elementor-widget elementor-widget-spacer\" data-id=\"74d42540\" data-element_type=\"widget\" data-e-type=\"widget\" data-widget_type=\"spacer.default\">\n\t\t\t\t\t\t\t<div class=\"elementor-spacer\">\n\t\t\t<div class=\"elementor-spacer-inner\"><\/div>\n\t\t<\/div>\n\t\t\t\t\t\t<\/div>\n\t\t\t\t\t<\/div>\n\t\t<\/div>\n\t\t\t\t\t<\/div>\n\t\t<\/section>\n\t\t\t\t<section class=\"elementor-section elementor-top-section elementor-element elementor-element-3e2c62a6 elementor-section-boxed elementor-section-height-default elementor-section-height-default\" data-id=\"3e2c62a6\" data-element_type=\"section\" data-e-type=\"section\">\n\t\t\t\t\t\t<div class=\"elementor-container elementor-column-gap-default\">\n\t\t\t\t\t<div class=\"elementor-column elementor-col-66 elementor-top-column elementor-element elementor-element-36b08bbf\" data-id=\"36b08bbf\" data-element_type=\"column\" data-e-type=\"column\">\n\t\t\t<div class=\"elementor-widget-wrap elementor-element-populated\">\n\t\t\t\t\t\t<div class=\"elementor-element elementor-element-4d62bcb7 elementor-widget elementor-widget-heading\" data-id=\"4d62bcb7\" data-element_type=\"widget\" data-e-type=\"widget\" data-widget_type=\"heading.default\">\n\t\t\t\t\t<h2 class=\"elementor-heading-title elementor-size-default\">MAGNIFICUM HEISST EUCH WILLKOMMEN!<\/h2>\t\t\t\t<\/div>\n\t\t\t\t\t<\/div>\n\t\t<\/div>\n\t\t\t\t<div class=\"elementor-column elementor-col-33 elementor-top-column elementor-element elementor-element-2dcf6c7f\" data-id=\"2dcf6c7f\" data-element_type=\"column\" data-e-type=\"column\">\n\t\t\t<div class=\"elementor-widget-wrap elementor-element-populated\">\n\t\t\t\t\t\t<div class=\"elementor-element elementor-element-4c214f8b e-transform elementor-hidden-desktop elementor-hidden-tablet elementor-widget elementor-widget-image\" data-id=\"4c214f8b\" data-element_type=\"widget\" data-e-type=\"widget\" data-settings=\"{&quot;_transform_rotateZ_effect_mobile&quot;:{&quot;unit&quot;:&quot;deg&quot;,&quot;size&quot;:14,&quot;sizes&quot;:[]},&quot;_transform_rotateZ_effect&quot;:{&quot;unit&quot;:&quot;px&quot;,&quot;size&quot;:&quot;&quot;,&quot;sizes&quot;:[]},&quot;_transform_rotateZ_effect_tablet&quot;:{&quot;unit&quot;:&quot;deg&quot;,&quot;size&quot;:&quot;&quot;,&quot;sizes&quot;:[]}}\" data-widget_type=\"image.default\">\n\t\t\t\t\t\t\t\t\t\t\t\t\t\t\t<img loading=\"lazy\" decoding=\"async\" width=\"300\" height=\"194\" src=\"https:\/\/magnificum.net\/wp-content\/uploads\/2025\/12\/Titel-FF-web-300x194.jpg\" class=\"attachment-medium size-medium wp-image-21783\" alt=\"\" srcset=\"https:\/\/magnificum.net\/wp-content\/uploads\/2025\/12\/Titel-FF-web-300x194.jpg 300w, https:\/\/magnificum.net\/wp-content\/uploads\/2025\/12\/Titel-FF-web-18x12.jpg 18w, https:\/\/magnificum.net\/wp-content\/uploads\/2025\/12\/Titel-FF-web.jpg 600w\" sizes=\"auto, (max-width: 300px) 100vw, 300px\" \/>\t\t\t\t\t\t\t\t\t\t\t\t\t\t\t<\/div>\n\t\t\t\t\t<\/div>\n\t\t<\/div>\n\t\t\t\t\t<\/div>\n\t\t<\/section>\n\t\t\t\t<section class=\"elementor-section elementor-top-section elementor-element elementor-element-2656716 elementor-section-boxed elementor-section-height-default elementor-section-height-default\" data-id=\"2656716\" data-element_type=\"section\" data-e-type=\"section\">\n\t\t\t\t\t\t<div class=\"elementor-container elementor-column-gap-default\">\n\t\t\t\t\t<div class=\"elementor-column elementor-col-66 elementor-top-column elementor-element elementor-element-6a498292\" data-id=\"6a498292\" data-element_type=\"column\" data-e-type=\"column\" data-settings=\"{&quot;background_background&quot;:&quot;classic&quot;}\">\n\t\t\t<div class=\"elementor-widget-wrap elementor-element-populated\">\n\t\t\t\t\t\t<div class=\"elementor-element elementor-element-7bdbf830 elementor-widget__width-initial elementor-widget elementor-widget-text-editor\" data-id=\"7bdbf830\" data-element_type=\"widget\" data-e-type=\"widget\" data-widget_type=\"text-editor.default\">\n\t\t\t\t\t\t\t\t\t<p>Macht euch Notizen, sichtet die Dokumente und passt auf, dass jede\/r jedes Dokument untersucht. Tauscht euch w\u00e4hrend eurer Ermittlungen gut aus und folgt den spannenden Theorien eurer Kollegen. Verliert dabei aber nicht das Ziel der Ermittlungen aus den Augen!<\/p><p><strong>Startklar?<\/strong><br \/>Dann findet ihr hier auf der Seite das H\u00f6rspiel-Intro, Hilfen und Tipps sowie den Aufl\u00f6sungstest.<\/p>\t\t\t\t\t\t\t\t<\/div>\n\t\t\t\t<div class=\"elementor-element elementor-element-1ae8cced elementor-widget elementor-widget-spacer\" data-id=\"1ae8cced\" data-element_type=\"widget\" data-e-type=\"widget\" data-widget_type=\"spacer.default\">\n\t\t\t\t\t\t\t<div class=\"elementor-spacer\">\n\t\t\t<div class=\"elementor-spacer-inner\"><\/div>\n\t\t<\/div>\n\t\t\t\t\t\t<\/div>\n\t\t\t\t<div class=\"elementor-element elementor-element-7f5b9c7 elementor-widget elementor-widget-html\" data-id=\"7f5b9c7\" data-element_type=\"widget\" data-e-type=\"widget\" data-widget_type=\"html.default\">\n\t\t\t\t\t<audio class=\"audio-player\" controls preload=\"metadata\">\r\n  <source src=\"https:\/\/magnificum.net\/wp-content\/uploads\/2025\/12\/Intro-Die-FirmenfeierV02.mp3\" type=\"audio\/mpeg\">\r\n  Dein Browser unterst\u00fctzt den Audioplayer nicht.\r\n<\/audio>\r\n\r\n<style>\r\n.audio-player{\r\n  display:block !important;\r\n  width:100% !important;\r\n  max-width:800px;\r\n  min-height:44px;      \/* sorgt daf\u00fcr, dass er nicht \u201c0 hoch\u201d wird *\/\r\n  height:auto !important;\r\n  box-sizing:border-box;\r\n\r\n  visibility:visible !important;\r\n  opacity:1 !important;\r\n  transform:none !important;\r\n  position:static !important;\r\n}\r\n<\/style>\r\n\t\t\t\t<\/div>\n\t\t\t\t<div class=\"elementor-element elementor-element-19ddfc70 elementor-widget__width-initial elementor-widget elementor-widget-html\" data-id=\"19ddfc70\" data-element_type=\"widget\" data-e-type=\"widget\" data-widget_type=\"html.default\">\n\t\t\t\t\t<!-- Roboto einbinden -->\r\n<link href=\"https:\/\/fonts.googleapis.com\/css2?family=Roboto:ital,wght@0,300;0,400;0,500;0,700;1,400&display=swap\" rel=\"stylesheet\">\r\n\r\n<div class=\"readmore-box\" style=\"\r\n  position: relative;\r\n  max-width: 800px;\r\n  font-family: 'Roboto', sans-serif;\r\n  line-height: 1.5;\r\n  color:#F5F5F5;\r\n\">\r\n\r\n  <!-- VERSTECKTER TEXT -->\r\n  <div class=\"readmore-text\" style=\"\r\n    max-height: 0;\r\n    overflow: hidden;\r\n    transition: max-height 0.35s ease;\r\n  \">\r\n\r\n    <!-- OBERER ZUKLAPP-BUTTON -->\r\n    <p>\r\n      <span class=\"readmore-toggle\" style=\"\r\n        cursor: pointer;\r\n        font-weight: bold;\r\n        color:#F5F5F5;\r\n        text-decoration: underline;\r\n      \">\r\n        Weniger anzeigen\r\n      <\/span>\r\n    <p><strong>Erz\u00e4hler:<\/strong> Schwabingen, Samstag, 6. Februar 2021 \u2013 kurz vor 6 Uhr morgens, auf dem Gel\u00e4nde der Schokoladenmanufaktur Edelberger.<\/p>\r\n\r\n    <p>Karl Zimmermann hatte soeben das Au\u00dfenareal patrouilliert. Wie bei jeder Schicht leuchtete der 41-j\u00e4hrige Sicherheitsmann mit seiner Taschenlampe \u2013 einer silbernen LED Dynamic Lights \u2013 \u00fcber das weitl\u00e4ufige Gel\u00e4nde. Nichts!<\/p>\r\n\r\n    <p>[Hintergrundmusik]<\/p>\r\n\r\n    <p>Karls heutige Schicht war zuweilen alles andere als spektakul\u00e4r gewesen. Er wollte blo\u00df noch nach Hause, seine Nachtschicht zu Ende bringen und bei Dosenbier und einer Folge Star Trek seinen zimmerwarmen Fleischk\u00e4se aufessen.<\/p>\r\n\r\n    <p>Gelangweilt qu\u00e4lte sich der Security-Mann in das Foyer der Firma. Er ignorierte die ungewohnte Dekoration, die offensichtlich von der gestrigen Jubil\u00e4umsfeier stammte.<\/p>\r\n\r\n    <p><strong>Karl:<\/strong> \u201eWar ja klar, die Reichen feiern und unser eins muss schuften.\u201c<\/p>\r\n\r\n    <p>[Schrittger\u00e4usche\u2026 Hall\u2026]<\/p>\r\n\r\n    <p><strong>Erz\u00e4hler:<\/strong> Der letzte Abschnitt f\u00fchrte ihn in den Altbau des Firmenkomplexes. Hier hatte das Management seine B\u00fcros und hielt die wichtigen Meetings ab. Im weiten Korridor vor ihm dr\u00e4ngten sich mehrere B\u00fcror\u00e4ume aneinander. Flackerndes Licht spiegelte sich auf Karls Halbglatze. Ein kurzer Blick in jedes der B\u00fcros.<\/p>\r\n\r\n    <p><strong>Karl:<\/strong> \u201eDrecksjob, ich geh hier noch ein.\u201c<\/p>\r\n\r\n    <p><strong>Erz\u00e4hler:<\/strong> fluchte er gelangweilt und m\u00fcde vor sich hin, doch gerade als er nach der T\u00fcrklinke des B\u00fcros zehn greifen wollte, hielt er inne. Etwas kam ihm seltsam vor, und es war nicht nur die Tatsache, dass die T\u00fcr bereits einen Spalt offen stand und ein Lichtschein nach au\u00dfen drang.<\/p>\r\n\r\n    <p><strong>Karl:<\/strong> \u201eHallo?\u201c<\/p>\r\n\r\n    <p><strong>Erz\u00e4hler:<\/strong> Karl dr\u00fcckte mit schwei\u00dfnasser Hand die T\u00fcr auf.<\/p>\r\n\r\n    <p>[T\u00fcrger\u00e4usch]<\/p>\r\n\r\n    <p><strong>Karl:<\/strong> \u201eIst da jemand?\u201c<\/p>\r\n\r\n    <p><strong>Erz\u00e4hler:<\/strong> Nach einer l\u00e4ngeren Atempause ohne Antwort betrat Karl langsamen Schrittes das Gro\u00dfraumb\u00fcro. Und beim Anblick dessen, was er dort auf dem Boden liegen sah, gefror ihm das Blut in den Adern.<\/p>\r\n\r\n    <p><strong>Karl:<\/strong> \u201eOh Mann\u2026 mir wird schlecht!\u201c<\/p>\r\n\r\n    <p><strong>Erz\u00e4hler:<\/strong> Karl Zimmermann blickte entsetzt auf den Leichnam eines Mannes.<\/p>\r\n\r\n    <p>[Dramatisches Ger\u00e4usch!!!!!]<\/p>\r\n\r\n\r\n  <\/div>\r\n\r\n  <!-- UNTERER BUTTON -->\r\n  <span class=\"readmore-toggle\" style=\"\r\n    cursor: pointer;\r\n    display: inline-block;\r\n    margin-top: 10px;\r\n    color: #F5F5F5;\r\n      font-weight: 700; \/* echtes Roboto Bold *\/\r\n    text-decoration: underline;\r\n  \">\r\n    Transkript f\u00fcr Menschen ohne Geh\u00f6r\r\n  <\/span>\r\n<\/div>\r\n\r\n<script>\r\ndocument.addEventListener(\"DOMContentLoaded\", function() {\r\n  document.querySelectorAll(\".readmore-toggle\").forEach(function(btn) {\r\n\r\n    btn.addEventListener(\"click\", function() {\r\n      const box = btn.closest(\".readmore-box\");\r\n      const text = box.querySelector(\".readmore-text\");\r\n      const toggles = box.querySelectorAll(\".readmore-toggle\");\r\n\r\n      if (!box.classList.contains(\"open\")) {\r\n        text.style.maxHeight = \"3000px\";\r\n        toggles.forEach(t => t.textContent = \"Weniger anzeigen\");\r\n        box.classList.add(\"open\");\r\n      } else {\r\n        text.style.maxHeight = \"0\";\r\n        toggles.forEach(t => t.textContent = \"Hier klicken\");\r\n        box.classList.remove(\"open\");\r\n      }\r\n    });\r\n\r\n  });\r\n});\r\n<\/script>\r\n\t\t\t\t<\/div>\n\t\t\t\t<div class=\"elementor-element elementor-element-1545397e elementor-widget elementor-widget-spacer\" data-id=\"1545397e\" data-element_type=\"widget\" data-e-type=\"widget\" data-widget_type=\"spacer.default\">\n\t\t\t\t\t\t\t<div class=\"elementor-spacer\">\n\t\t\t<div class=\"elementor-spacer-inner\"><\/div>\n\t\t<\/div>\n\t\t\t\t\t\t<\/div>\n\t\t\t\t<div class=\"elementor-element elementor-element-644b780c elementor-widget__width-initial elementor-widget elementor-widget-text-editor\" data-id=\"644b780c\" data-element_type=\"widget\" data-e-type=\"widget\" data-widget_type=\"text-editor.default\">\n\t\t\t\t\t\t\t\t\t<p>Ihr kommt nicht weiter? Hier findet ihr <span style=\"text-decoration: underline;\"><span style=\"color: #ffcc00;\"><a style=\"font-weight: 400; color: #ffcc00; text-decoration: underline;\" href=\"\/help-ff\" target=\"_blank\" rel=\"noopener\">Hilfe und Tipps<\/a><\/span><br \/><\/span><\/p><p>Fall gel\u00f6st?<br \/>Ihr habt alle Fakten aufgedeckt? Hier geht\u00b4s zum <span style=\"text-decoration: underline;\"><span style=\"color: #ffcc00;\"><a style=\"font-weight: 400; color: #ffcc00; text-decoration: underline;\" href=\"\/test-ff\" target=\"_blank\" rel=\"noopener\">Aufl\u00f6sungstest\u00a0<\/a><\/span><\/span><\/p>\t\t\t\t\t\t\t\t<\/div>\n\t\t\t\t\t<\/div>\n\t\t<\/div>\n\t\t\t\t<div class=\"elementor-column elementor-col-33 elementor-top-column elementor-element elementor-element-79f04204\" data-id=\"79f04204\" data-element_type=\"column\" data-e-type=\"column\">\n\t\t\t<div class=\"elementor-widget-wrap elementor-element-populated\">\n\t\t\t\t\t\t<div class=\"elementor-element elementor-element-42e86a62 elementor-widget__width-initial e-transform elementor-hidden-mobile elementor-widget elementor-widget-image\" data-id=\"42e86a62\" data-element_type=\"widget\" data-e-type=\"widget\" data-settings=\"{&quot;_transform_rotateZ_effect&quot;:{&quot;unit&quot;:&quot;px&quot;,&quot;size&quot;:12,&quot;sizes&quot;:[]},&quot;_transform_rotateZ_effect_tablet&quot;:{&quot;unit&quot;:&quot;deg&quot;,&quot;size&quot;:&quot;&quot;,&quot;sizes&quot;:[]},&quot;_transform_rotateZ_effect_mobile&quot;:{&quot;unit&quot;:&quot;deg&quot;,&quot;size&quot;:&quot;&quot;,&quot;sizes&quot;:[]}}\" data-widget_type=\"image.default\">\n\t\t\t\t\t\t\t\t\t\t\t\t\t\t\t<img loading=\"lazy\" decoding=\"async\" width=\"300\" height=\"194\" src=\"https:\/\/magnificum.net\/wp-content\/uploads\/2025\/12\/Titel-FF-web-300x194.jpg\" class=\"attachment-medium size-medium wp-image-21783\" alt=\"\" srcset=\"https:\/\/magnificum.net\/wp-content\/uploads\/2025\/12\/Titel-FF-web-300x194.jpg 300w, https:\/\/magnificum.net\/wp-content\/uploads\/2025\/12\/Titel-FF-web-18x12.jpg 18w, https:\/\/magnificum.net\/wp-content\/uploads\/2025\/12\/Titel-FF-web.jpg 600w\" sizes=\"auto, (max-width: 300px) 100vw, 300px\" \/>\t\t\t\t\t\t\t\t\t\t\t\t\t\t\t<\/div>\n\t\t\t\t\t<\/div>\n\t\t<\/div>\n\t\t\t\t\t<\/div>\n\t\t<\/section>\n\t\t\t\t<section class=\"elementor-section elementor-top-section elementor-element elementor-element-423e979c elementor-section-boxed elementor-section-height-default elementor-section-height-default\" data-id=\"423e979c\" data-element_type=\"section\" data-e-type=\"section\">\n\t\t\t\t\t\t<div class=\"elementor-container elementor-column-gap-default\">\n\t\t\t\t\t<div class=\"elementor-column elementor-col-100 elementor-top-column elementor-element elementor-element-602c4ef6\" data-id=\"602c4ef6\" data-element_type=\"column\" data-e-type=\"column\">\n\t\t\t<div class=\"elementor-widget-wrap elementor-element-populated\">\n\t\t\t\t\t\t<div class=\"elementor-element elementor-element-7e2c9805 elementor-widget elementor-widget-spacer\" data-id=\"7e2c9805\" data-element_type=\"widget\" data-e-type=\"widget\" data-widget_type=\"spacer.default\">\n\t\t\t\t\t\t\t<div class=\"elementor-spacer\">\n\t\t\t<div class=\"elementor-spacer-inner\"><\/div>\n\t\t<\/div>\n\t\t\t\t\t\t<\/div>\n\t\t\t\t\t<\/div>\n\t\t<\/div>\n\t\t\t\t\t<\/div>\n\t\t<\/section>\n\t\t\t\t<section class=\"elementor-section elementor-top-section elementor-element elementor-element-2dc563c elementor-section-boxed elementor-section-height-default elementor-section-height-default\" data-id=\"2dc563c\" data-element_type=\"section\" data-e-type=\"section\">\n\t\t\t\t\t\t<div class=\"elementor-container elementor-column-gap-default\">\n\t\t\t\t\t<div class=\"elementor-column elementor-col-100 elementor-top-column elementor-element elementor-element-83f2446\" data-id=\"83f2446\" data-element_type=\"column\" data-e-type=\"column\">\n\t\t\t<div class=\"elementor-widget-wrap elementor-element-populated\">\n\t\t\t\t\t\t<div class=\"elementor-element elementor-element-14e6ed9 elementor-widget elementor-widget-text-editor\" data-id=\"14e6ed9\" data-element_type=\"widget\" data-e-type=\"widget\" data-widget_type=\"text-editor.default\">\n\t\t\t\t\t\t\t\t\t<p style=\"text-align: center;\"><span style=\"color: #ffffff;\"><strong><a style=\"color: #ffffff;\" href=\"\/datenschutz\">DATENSCHUTZ<\/a>\u00a0 |\u00a0 <a style=\"color: #ffffff;\" href=\"\/impressum\">IMPRESSUM<\/a><\/strong><\/span><\/p>\t\t\t\t\t\t\t\t<\/div>\n\t\t\t\t\t<\/div>\n\t\t<\/div>\n\t\t\t\t\t<\/div>\n\t\t<\/section>\n\t\t\t\t<\/div>\n\t\t","protected":false},"excerpt":{"rendered":"<p>MAGNIFICUM HEISST EUCH WILLKOMMEN! Macht euch Notizen, sichtet die Dokumente und passt auf, dass jede\/r jedes Dokument untersucht. Tauscht euch w\u00e4hrend eurer Ermittlungen gut aus und folgt den spannenden Theorien eurer Kollegen. Verliert dabei aber nicht das Ziel der Ermittlungen aus den Augen! Startklar?Dann findet ihr hier auf der Seite das H\u00f6rspiel-Intro, Hilfen und Tipps [&hellip;]<\/p>\n","protected":false},"author":1,"featured_media":0,"parent":0,"menu_order":0,"comment_status":"closed","ping_status":"closed","template":"elementor_canvas","meta":{"footnotes":""},"class_list":["post-521","page","type-page","status-publish","hentry"],"_links":{"self":[{"href":"http:\/\/magnificum.net\/en\/wp-json\/wp\/v2\/pages\/521","targetHints":{"allow":["GET"]}}],"collection":[{"href":"http:\/\/magnificum.net\/en\/wp-json\/wp\/v2\/pages"}],"about":[{"href":"http:\/\/magnificum.net\/en\/wp-json\/wp\/v2\/types\/page"}],"author":[{"embeddable":true,"href":"http:\/\/magnificum.net\/en\/wp-json\/wp\/v2\/users\/1"}],"replies":[{"embeddable":true,"href":"http:\/\/magnificum.net\/en\/wp-json\/wp\/v2\/comments?post=521"}],"version-history":[{"count":0,"href":"http:\/\/magnificum.net\/en\/wp-json\/wp\/v2\/pages\/521\/revisions"}],"wp:attachment":[{"href":"http:\/\/magnificum.net\/en\/wp-json\/wp\/v2\/media?parent=521"}],"curies":[{"name":"wp","href":"https:\/\/api.w.org\/{rel}","templated":true}]}}