{"id":533,"date":"2025-12-11T18:27:29","date_gmt":"2025-12-11T18:27:29","guid":{"rendered":"http:\/\/enterprism.net\/?page_id=533"},"modified":"2025-12-22T11:46:50","modified_gmt":"2025-12-22T11:46:50","slug":"familiengeheimnis-spielstart","status":"publish","type":"page","link":"http:\/\/magnificum.net\/en\/familiengeheimnis-spielstart\/","title":{"rendered":"Familiengeheimnis &#8211; Spielstart"},"content":{"rendered":"<div data-elementor-type=\"wp-page\" data-elementor-id=\"533\" class=\"elementor elementor-533\">\n\t\t\t\t\t\t<section class=\"elementor-section elementor-top-section elementor-element elementor-element-700ed4e elementor-section-boxed elementor-section-height-default elementor-section-height-default\" data-id=\"700ed4e\" data-element_type=\"section\" data-e-type=\"section\" data-settings=\"{&quot;background_background&quot;:&quot;classic&quot;}\">\n\t\t\t\t\t\t<div class=\"elementor-container elementor-column-gap-default\">\n\t\t\t\t\t<div class=\"elementor-column elementor-col-100 elementor-top-column elementor-element elementor-element-b43d239\" data-id=\"b43d239\" data-element_type=\"column\" data-e-type=\"column\">\n\t\t\t<div class=\"elementor-widget-wrap elementor-element-populated\">\n\t\t\t\t\t\t<div class=\"elementor-element elementor-element-0849358 elementor-widget elementor-widget-spacer\" data-id=\"0849358\" data-element_type=\"widget\" data-e-type=\"widget\" data-widget_type=\"spacer.default\">\n\t\t\t\t\t\t\t<div class=\"elementor-spacer\">\n\t\t\t<div class=\"elementor-spacer-inner\"><\/div>\n\t\t<\/div>\n\t\t\t\t\t\t<\/div>\n\t\t\t\t<div class=\"elementor-element elementor-element-5c6ea12 elementor-widget elementor-widget-image\" data-id=\"5c6ea12\" data-element_type=\"widget\" data-e-type=\"widget\" data-widget_type=\"image.default\">\n\t\t\t\t\t\t\t\t\t\t\t\t\t\t\t<img decoding=\"async\" src=\"https:\/\/magnificum.net\/wp-content\/uploads\/2025\/12\/Logo-eggshell.svg\" title=\"Logo-eggshell\" alt=\"Logo-eggshell\" loading=\"lazy\" \/>\t\t\t\t\t\t\t\t\t\t\t\t\t\t\t<\/div>\n\t\t\t\t<div class=\"elementor-element elementor-element-149e150 elementor-widget elementor-widget-spacer\" data-id=\"149e150\" data-element_type=\"widget\" data-e-type=\"widget\" data-widget_type=\"spacer.default\">\n\t\t\t\t\t\t\t<div class=\"elementor-spacer\">\n\t\t\t<div class=\"elementor-spacer-inner\"><\/div>\n\t\t<\/div>\n\t\t\t\t\t\t<\/div>\n\t\t\t\t<div class=\"elementor-element elementor-element-82c7767 elementor-widget elementor-widget-spacer\" data-id=\"82c7767\" data-element_type=\"widget\" data-e-type=\"widget\" data-widget_type=\"spacer.default\">\n\t\t\t\t\t\t\t<div class=\"elementor-spacer\">\n\t\t\t<div class=\"elementor-spacer-inner\"><\/div>\n\t\t<\/div>\n\t\t\t\t\t\t<\/div>\n\t\t\t\t\t<\/div>\n\t\t<\/div>\n\t\t\t\t\t<\/div>\n\t\t<\/section>\n\t\t\t\t<section class=\"elementor-section elementor-top-section elementor-element elementor-element-7001020 elementor-section-boxed elementor-section-height-default elementor-section-height-default\" data-id=\"7001020\" data-element_type=\"section\" data-e-type=\"section\">\n\t\t\t\t\t\t<div class=\"elementor-container elementor-column-gap-default\">\n\t\t\t\t\t<div class=\"elementor-column elementor-col-66 elementor-top-column elementor-element elementor-element-257152d\" data-id=\"257152d\" data-element_type=\"column\" data-e-type=\"column\">\n\t\t\t<div class=\"elementor-widget-wrap elementor-element-populated\">\n\t\t\t\t\t\t<div class=\"elementor-element elementor-element-4df12f0 elementor-widget elementor-widget-heading\" data-id=\"4df12f0\" data-element_type=\"widget\" data-e-type=\"widget\" data-widget_type=\"heading.default\">\n\t\t\t\t\t<h2 class=\"elementor-heading-title elementor-size-default\">MAGNIFICUM WELCOMES YOU...IF YOU DARE<\/h2>\t\t\t\t<\/div>\n\t\t\t\t\t<\/div>\n\t\t<\/div>\n\t\t\t\t<div class=\"elementor-column elementor-col-33 elementor-top-column elementor-element elementor-element-495ddfa\" data-id=\"495ddfa\" data-element_type=\"column\" data-e-type=\"column\">\n\t\t\t<div class=\"elementor-widget-wrap elementor-element-populated\">\n\t\t\t\t\t\t<div class=\"elementor-element elementor-element-ab442ce e-transform elementor-hidden-desktop elementor-hidden-tablet elementor-widget elementor-widget-image\" data-id=\"ab442ce\" data-element_type=\"widget\" data-e-type=\"widget\" data-settings=\"{&quot;_transform_rotateZ_effect_mobile&quot;:{&quot;unit&quot;:&quot;deg&quot;,&quot;size&quot;:14,&quot;sizes&quot;:[]},&quot;_transform_rotateZ_effect&quot;:{&quot;unit&quot;:&quot;px&quot;,&quot;size&quot;:&quot;&quot;,&quot;sizes&quot;:[]},&quot;_transform_rotateZ_effect_tablet&quot;:{&quot;unit&quot;:&quot;deg&quot;,&quot;size&quot;:&quot;&quot;,&quot;sizes&quot;:[]}}\" data-widget_type=\"image.default\">\n\t\t\t\t\t\t\t\t\t\t\t\t\t\t\t<img loading=\"lazy\" decoding=\"async\" width=\"600\" height=\"304\" src=\"https:\/\/magnificum.net\/wp-content\/uploads\/2025\/12\/FG-Titel-web.png\" class=\"attachment-large size-large wp-image-20992\" alt=\"\" srcset=\"https:\/\/magnificum.net\/wp-content\/uploads\/2025\/12\/FG-Titel-web.png 600w, https:\/\/magnificum.net\/wp-content\/uploads\/2025\/12\/FG-Titel-web-300x152.png 300w, https:\/\/magnificum.net\/wp-content\/uploads\/2025\/12\/FG-Titel-web-18x9.png 18w\" sizes=\"auto, (max-width: 600px) 100vw, 600px\" \/>\t\t\t\t\t\t\t\t\t\t\t\t\t\t\t<\/div>\n\t\t\t\t\t<\/div>\n\t\t<\/div>\n\t\t\t\t\t<\/div>\n\t\t<\/section>\n\t\t\t\t<section class=\"elementor-section elementor-top-section elementor-element elementor-element-c1dae39 elementor-section-boxed elementor-section-height-default elementor-section-height-default\" data-id=\"c1dae39\" data-element_type=\"section\" data-e-type=\"section\">\n\t\t\t\t\t\t<div class=\"elementor-container elementor-column-gap-default\">\n\t\t\t\t\t<div class=\"elementor-column elementor-col-66 elementor-top-column elementor-element elementor-element-85c37b8\" data-id=\"85c37b8\" data-element_type=\"column\" data-e-type=\"column\" data-settings=\"{&quot;background_background&quot;:&quot;classic&quot;}\">\n\t\t\t<div class=\"elementor-widget-wrap elementor-element-populated\">\n\t\t\t\t\t\t<div class=\"elementor-element elementor-element-959389f elementor-widget__width-initial elementor-widget elementor-widget-text-editor\" data-id=\"959389f\" data-element_type=\"widget\" data-e-type=\"widget\" data-widget_type=\"text-editor.default\">\n\t\t\t\t\t\t\t\t\t<p>Macht euch Notizen, sichtet die Dokumente und passt auf, dass jede\/r jedes Dokument untersucht. Tauscht euch w\u00e4hrend eurer Ermittlungen gut aus und folgt den spannenden Theorien eurer Kollegen. Verliert dabei aber nicht das Ziel der Ermittlungen aus den Augen!<\/p><p><strong>Startklar?<\/strong><br \/>Dann findet ihr hier auf der Seite das H\u00f6rspiel-Intro, Hilfen und Tipps sowie den Aufl\u00f6sungstest.<\/p>\t\t\t\t\t\t\t\t<\/div>\n\t\t\t\t<div class=\"elementor-element elementor-element-13b3800 elementor-widget elementor-widget-spacer\" data-id=\"13b3800\" data-element_type=\"widget\" data-e-type=\"widget\" data-widget_type=\"spacer.default\">\n\t\t\t\t\t\t\t<div class=\"elementor-spacer\">\n\t\t\t<div class=\"elementor-spacer-inner\"><\/div>\n\t\t<\/div>\n\t\t\t\t\t\t<\/div>\n\t\t\t\t<div class=\"elementor-element elementor-element-74fb98d elementor-widget elementor-widget-html\" data-id=\"74fb98d\" data-element_type=\"widget\" data-e-type=\"widget\" data-widget_type=\"html.default\">\n\t\t\t\t\t<audio class=\"audio-player\" controls preload=\"metadata\">\r\n  <source src=\"https:\/\/magnificum.net\/wp-content\/uploads\/2025\/12\/Intro-FG-1.mp3\" type=\"audio\/mpeg\">\r\n  Dein Browser unterst\u00fctzt den Audioplayer nicht.\r\n<\/audio>\r\n\r\n<style>\r\n.audio-player{\r\n  display:block !important;\r\n  width:100% !important;\r\n  max-width:800px;\r\n  min-height:44px;      \/* sorgt daf\u00fcr, dass er nicht \u201c0 hoch\u201d wird *\/\r\n  height:auto !important;\r\n  box-sizing:border-box;\r\n\r\n  visibility:visible !important;\r\n  opacity:1 !important;\r\n  transform:none !important;\r\n  position:static !important;\r\n}\r\n<\/style>\r\n\t\t\t\t<\/div>\n\t\t\t\t<div class=\"elementor-element elementor-element-322e1f4 elementor-widget__width-initial elementor-widget elementor-widget-html\" data-id=\"322e1f4\" data-element_type=\"widget\" data-e-type=\"widget\" data-widget_type=\"html.default\">\n\t\t\t\t\t<!-- Roboto einbinden -->\r\n<link href=\"https:\/\/fonts.googleapis.com\/css2?family=Roboto:ital,wght@0,300;0,400;0,500;0,700;1,400&display=swap\" rel=\"stylesheet\">\r\n\r\n<div class=\"readmore-box\" style=\"  position: relative;  max-width: 800px;  font-family: 'Roboto', sans-serif;  line-height: 1.5;  color:#F5F5F5;\">\r\n\r\n  <!-- VERSTECKTER TEXT -->\r\n  <div class=\"readmore-text\" style=\"    max-height: 0;    overflow: hidden;    transition: max-height 0.35s ease;  \">\r\n\r\n    <!-- OBERER ZUKLAPP-BUTTON -->\r\n    <p>\r\n      <span class=\"readmore-toggle\" style=\"        cursor: pointer;        font-weight: bold;        color:#F5F5F5;        text-decoration: underline;      \">\r\n        Weniger anzeigen\r\n      <\/span>\r\n    <\/p>\r\n\r\n    <p><strong>Erz\u00e4hler:<\/strong> Samstag, dritter August 2024. Ein sp\u00e4ter Sommertag im S\u00fcden Frankreichs. Die Sonne brannte \u00fcber den staubigen Stra\u00dfen, w\u00e4hrend halb S\u00fcdfrankreich sich in stickiger Hitze an den K\u00fcstenstr\u00e4nden oder im Schatten alter Platanen dr\u00e4ngte.<\/p>\r\n\r\n    <p>Noch immer war das gro\u00dfe Waldbrandungl\u00fcck der Vorwoche Gespr\u00e4chsthema in den D\u00f6rfern. Ein Feuer, das beinahe die Weinberge verschlungen h\u00e4tte, bevor es durch tagelange L\u00f6schfl\u00fcge unter Kontrolle gebracht wurde. Die Bev\u00f6lkerung war nerv\u00f6s, die Einsatzkr\u00e4fte ersch\u00f6pft.<\/p>\r\n\r\n    <p>Niemand bei der Gendarmerie Nationale rechnete damit, an diesem Wochenende mehr als Routinekontrollen zu fahren. Doch dann sollte ein Anruf in der Zentrale das komplette Wochenende der Gendarmen auf den Kopf stellen.<\/p>\r\n\r\n    <p><strong>Erz\u00e4hler:<\/strong> Brigadier Girard, ein Mann Anfang f\u00fcnfzig, das Gesicht von Sonne und Nikotin gegerbt, f\u00fchrte das Steuer mit fester Hand. Neben ihm sa\u00df Adjutantin Bonnet, deutlich j\u00fcnger, ehrgeizig, aber mit gespannter Miene.<\/p>\r\n\r\n    <p><strong>Mademoiselle Bonnet:<\/strong> \u201eAusgerechnet die Familie Bouchard, Frankreichs Parf\u00fcm-Dynastie. Wenn das rauskommt, Monsieur Girard, dann\u2026\u201c<\/p>\r\n\r\n    <p><strong>Monsieur Girard:<\/strong> \u201eDann haben wir in drei Stunden die halbe Presse aus Paris hier. Und wenn\u2019s kein Unfall war, sondern Mord, dann wird es sehr h\u00e4sslich.\u201c<\/p>\r\n\r\n    <p><strong>Erz\u00e4hler:<\/strong> Die Fahrt f\u00fchrte sie tiefer in die Isolation. Die Landschaft ver\u00e4nderte sich, sanfte H\u00fcgel wichen einem undurchdringlichen Wald aus Zypressen und Steineichen.<\/p>\r\n\r\n    <p>Pl\u00f6tzlich riss der Wald auf. Vor ihnen lag das Anwesen <em>Coeur de Neige<\/em>. Was die Gendarmen zu diesem Zeitpunkt noch nicht wussten: Inzwischen war eine zweite Leiche im Anwesen aufgetaucht.<\/p>\r\n\r\n  <\/div>\r\n\r\n  <!-- UNTERER BUTTON -->\r\n  <span class=\"readmore-toggle\" style=\"    cursor: pointer;    display: inline-block;    margin-top: 10px;    color: #F5F5F5;      font-weight: 700; \/* echtes Roboto Bold *\/    text-decoration: underline;  \">\r\n    Transkript f\u00fcr Menschen ohne Geh\u00f6r\r\n  <\/span>\r\n<\/div>\r\n\r\n<script>\r\ndocument.addEventListener(\"DOMContentLoaded\", function() {\r\n  document.querySelectorAll(\".readmore-toggle\").forEach(function(btn) {\r\n\r\n    btn.addEventListener(\"click\", function() {\r\n      const box = btn.closest(\".readmore-box\");\r\n      const text = box.querySelector(\".readmore-text\");\r\n      const toggles = box.querySelectorAll(\".readmore-toggle\");\r\n\r\n      if (!box.classList.contains(\"open\")) {\r\n        text.style.maxHeight = \"3000px\";\r\n        toggles.forEach(t => t.textContent = \"Weniger anzeigen\");\r\n        box.classList.add(\"open\");\r\n      } else {\r\n        text.style.maxHeight = \"0\";\r\n        toggles.forEach(t => t.textContent = \"Hier klicken\");\r\n        box.classList.remove(\"open\");\r\n      }\r\n    });\r\n\r\n  });\r\n});\r\n<\/script>\r\n\t\t\t\t<\/div>\n\t\t\t\t<div class=\"elementor-element elementor-element-89cdde9 elementor-widget elementor-widget-spacer\" data-id=\"89cdde9\" data-element_type=\"widget\" data-e-type=\"widget\" data-widget_type=\"spacer.default\">\n\t\t\t\t\t\t\t<div class=\"elementor-spacer\">\n\t\t\t<div class=\"elementor-spacer-inner\"><\/div>\n\t\t<\/div>\n\t\t\t\t\t\t<\/div>\n\t\t\t\t<div class=\"elementor-element elementor-element-57d15d2 elementor-widget__width-initial elementor-widget elementor-widget-text-editor\" data-id=\"57d15d2\" data-element_type=\"widget\" data-e-type=\"widget\" data-widget_type=\"text-editor.default\">\n\t\t\t\t\t\t\t\t\t<p>Ihr kommt nicht weiter? Hier findet ihr <span style=\"text-decoration: underline;\"><span style=\"color: #ffcc00;\"><a style=\"font-weight: 400; color: #ffcc00; text-decoration: underline;\" href=\"\/en\/help-fg\/\" target=\"_blank\" rel=\"noopener\">Hilfe und Tipps<\/a><\/span><br \/><\/span><\/p><p>Fall gel\u00f6st?<br \/>Ihr habt alle Fakten aufgedeckt? Hier geht\u00b4s zum <span style=\"text-decoration: underline;\"><span style=\"color: #ffcc00;\"><a style=\"font-weight: 400; color: #ffcc00; text-decoration: underline;\" href=\"\/en\/test-fg\/\" target=\"_blank\" rel=\"noopener\">Aufl\u00f6sungstest\u00a0<\/a><\/span><\/span><\/p>\t\t\t\t\t\t\t\t<\/div>\n\t\t\t\t\t<\/div>\n\t\t<\/div>\n\t\t\t\t<div class=\"elementor-column elementor-col-33 elementor-top-column elementor-element elementor-element-0e87dd8\" data-id=\"0e87dd8\" data-element_type=\"column\" data-e-type=\"column\">\n\t\t\t<div class=\"elementor-widget-wrap elementor-element-populated\">\n\t\t\t\t\t\t<div class=\"elementor-element elementor-element-4903fcf elementor-widget__width-initial e-transform elementor-hidden-mobile elementor-widget elementor-widget-image\" data-id=\"4903fcf\" data-element_type=\"widget\" data-e-type=\"widget\" data-settings=\"{&quot;_transform_rotateZ_effect&quot;:{&quot;unit&quot;:&quot;px&quot;,&quot;size&quot;:12,&quot;sizes&quot;:[]},&quot;_transform_rotateZ_effect_tablet&quot;:{&quot;unit&quot;:&quot;deg&quot;,&quot;size&quot;:&quot;&quot;,&quot;sizes&quot;:[]},&quot;_transform_rotateZ_effect_mobile&quot;:{&quot;unit&quot;:&quot;deg&quot;,&quot;size&quot;:&quot;&quot;,&quot;sizes&quot;:[]}}\" data-widget_type=\"image.default\">\n\t\t\t\t\t\t\t\t\t\t\t\t\t\t\t<img loading=\"lazy\" decoding=\"async\" width=\"600\" height=\"304\" src=\"https:\/\/magnificum.net\/wp-content\/uploads\/2025\/12\/FG-Titel-web.png\" class=\"attachment-large size-large wp-image-20992\" alt=\"\" srcset=\"https:\/\/magnificum.net\/wp-content\/uploads\/2025\/12\/FG-Titel-web.png 600w, https:\/\/magnificum.net\/wp-content\/uploads\/2025\/12\/FG-Titel-web-300x152.png 300w, https:\/\/magnificum.net\/wp-content\/uploads\/2025\/12\/FG-Titel-web-18x9.png 18w\" sizes=\"auto, (max-width: 600px) 100vw, 600px\" \/>\t\t\t\t\t\t\t\t\t\t\t\t\t\t\t<\/div>\n\t\t\t\t\t<\/div>\n\t\t<\/div>\n\t\t\t\t\t<\/div>\n\t\t<\/section>\n\t\t\t\t<section class=\"elementor-section elementor-top-section elementor-element elementor-element-20a7009 elementor-section-boxed elementor-section-height-default elementor-section-height-default\" data-id=\"20a7009\" data-element_type=\"section\" data-e-type=\"section\">\n\t\t\t\t\t\t<div class=\"elementor-container elementor-column-gap-default\">\n\t\t\t\t\t<div class=\"elementor-column elementor-col-100 elementor-top-column elementor-element elementor-element-65a6088\" data-id=\"65a6088\" data-element_type=\"column\" data-e-type=\"column\">\n\t\t\t<div class=\"elementor-widget-wrap elementor-element-populated\">\n\t\t\t\t\t\t<div class=\"elementor-element elementor-element-5d534d6 elementor-widget elementor-widget-spacer\" data-id=\"5d534d6\" data-element_type=\"widget\" data-e-type=\"widget\" data-widget_type=\"spacer.default\">\n\t\t\t\t\t\t\t<div class=\"elementor-spacer\">\n\t\t\t<div class=\"elementor-spacer-inner\"><\/div>\n\t\t<\/div>\n\t\t\t\t\t\t<\/div>\n\t\t\t\t\t<\/div>\n\t\t<\/div>\n\t\t\t\t\t<\/div>\n\t\t<\/section>\n\t\t\t\t<section class=\"elementor-section elementor-top-section elementor-element elementor-element-19da666 elementor-section-boxed elementor-section-height-default elementor-section-height-default\" data-id=\"19da666\" data-element_type=\"section\" data-e-type=\"section\">\n\t\t\t\t\t\t<div class=\"elementor-container elementor-column-gap-default\">\n\t\t\t\t\t<div class=\"elementor-column elementor-col-100 elementor-top-column elementor-element elementor-element-721707e\" data-id=\"721707e\" data-element_type=\"column\" data-e-type=\"column\">\n\t\t\t<div class=\"elementor-widget-wrap elementor-element-populated\">\n\t\t\t\t\t\t<div class=\"elementor-element elementor-element-b824186 elementor-widget elementor-widget-text-editor\" data-id=\"b824186\" data-element_type=\"widget\" data-e-type=\"widget\" data-widget_type=\"text-editor.default\">\n\t\t\t\t\t\t\t\t\t<p style=\"text-align: center;\" class=\"translation-block\"><span style=\"color: #ffffff\"><strong><a style=\"color: #ffffff\" href=\"\/en\/datenschutz\" target=\"_self\">DATA PROTECTION<\/a>\u00a0 |\u00a0 <a style=\"color: #ffffff\" href=\"\/en\/impressum\" target=\"_self\">ILEGAL NOTICE<\/a><\/strong><\/span><\/p>\t\t\t\t\t\t\t\t<\/div>\n\t\t\t\t\t<\/div>\n\t\t<\/div>\n\t\t\t\t\t<\/div>\n\t\t<\/section>\n\t\t\t\t<\/div>","protected":false},"excerpt":{"rendered":"<p>MAGNIFICUM HEISST EUCH WILLKOMMEN! Macht euch Notizen, sichtet die Dokumente und passt auf, dass jede\/r jedes Dokument untersucht. Tauscht euch w\u00e4hrend eurer Ermittlungen gut aus und folgt den spannenden Theorien eurer Kollegen. Verliert dabei aber nicht das Ziel der Ermittlungen aus den Augen! Startklar?Dann findet ihr hier auf der Seite das H\u00f6rspiel-Intro, Hilfen und Tipps [&hellip;]<\/p>\n","protected":false},"author":1,"featured_media":0,"parent":0,"menu_order":0,"comment_status":"closed","ping_status":"closed","template":"elementor_canvas","meta":{"footnotes":""},"class_list":["post-533","page","type-page","status-publish","hentry"],"_links":{"self":[{"href":"http:\/\/magnificum.net\/en\/wp-json\/wp\/v2\/pages\/533","targetHints":{"allow":["GET"]}}],"collection":[{"href":"http:\/\/magnificum.net\/en\/wp-json\/wp\/v2\/pages"}],"about":[{"href":"http:\/\/magnificum.net\/en\/wp-json\/wp\/v2\/types\/page"}],"author":[{"embeddable":true,"href":"http:\/\/magnificum.net\/en\/wp-json\/wp\/v2\/users\/1"}],"replies":[{"embeddable":true,"href":"http:\/\/magnificum.net\/en\/wp-json\/wp\/v2\/comments?post=533"}],"version-history":[{"count":0,"href":"http:\/\/magnificum.net\/en\/wp-json\/wp\/v2\/pages\/533\/revisions"}],"wp:attachment":[{"href":"http:\/\/magnificum.net\/en\/wp-json\/wp\/v2\/media?parent=533"}],"curies":[{"name":"wp","href":"https:\/\/api.w.org\/{rel}","templated":true}]}}