{"id":22255,"date":"2021-01-26T23:45:06","date_gmt":"2021-01-26T23:45:06","guid":{"rendered":"http:\/\/enterprism.net\/?page_id=22255"},"modified":"2026-01-06T09:52:44","modified_gmt":"2026-01-06T09:52:44","slug":"ff-outro","status":"publish","type":"page","link":"https:\/\/magnificum.net\/en\/ff-outro\/","title":{"rendered":"Firmenfeier &#8211; Outro + Urkunden"},"content":{"rendered":"<div data-elementor-type=\"wp-page\" data-elementor-id=\"22255\" class=\"elementor elementor-22255\">\n\t\t\t\t\t\t<section class=\"elementor-section elementor-top-section elementor-element elementor-element-79a30289 elementor-section-boxed elementor-section-height-default elementor-section-height-default\" data-id=\"79a30289\" data-element_type=\"section\" data-e-type=\"section\">\n\t\t\t\t\t\t<div class=\"elementor-container elementor-column-gap-default\">\n\t\t\t\t\t<div class=\"elementor-column elementor-col-100 elementor-top-column elementor-element elementor-element-48c3d9e1\" data-id=\"48c3d9e1\" data-element_type=\"column\" data-e-type=\"column\">\n\t\t\t<div class=\"elementor-widget-wrap elementor-element-populated\">\n\t\t\t\t\t\t<div class=\"elementor-element elementor-element-555033da elementor-widget elementor-widget-spacer\" data-id=\"555033da\" data-element_type=\"widget\" data-e-type=\"widget\" data-widget_type=\"spacer.default\">\n\t\t\t\t\t\t\t<div class=\"elementor-spacer\">\n\t\t\t<div class=\"elementor-spacer-inner\"><\/div>\n\t\t<\/div>\n\t\t\t\t\t\t<\/div>\n\t\t\t\t<div class=\"elementor-element elementor-element-f9e4f4c elementor-widget elementor-widget-heading\" data-id=\"f9e4f4c\" data-element_type=\"widget\" data-e-type=\"widget\" data-widget_type=\"heading.default\">\n\t\t\t\t\t<h2 class=\"elementor-heading-title elementor-size-default\">GRATULATION<\/h2>\t\t\t\t<\/div>\n\t\t\t\t<div class=\"elementor-element elementor-element-ac5d180 elementor-widget elementor-widget-spacer\" data-id=\"ac5d180\" data-element_type=\"widget\" data-e-type=\"widget\" data-widget_type=\"spacer.default\">\n\t\t\t\t\t\t\t<div class=\"elementor-spacer\">\n\t\t\t<div class=\"elementor-spacer-inner\"><\/div>\n\t\t<\/div>\n\t\t\t\t\t\t<\/div>\n\t\t\t\t\t<\/div>\n\t\t<\/div>\n\t\t\t\t\t<\/div>\n\t\t<\/section>\n\t\t\t\t<section class=\"elementor-section elementor-top-section elementor-element elementor-element-00bc7ab elementor-section-boxed elementor-section-height-default elementor-section-height-default\" data-id=\"00bc7ab\" data-element_type=\"section\" data-e-type=\"section\">\n\t\t\t\t\t\t<div class=\"elementor-container elementor-column-gap-default\">\n\t\t\t\t\t<div class=\"elementor-column elementor-col-66 elementor-top-column elementor-element elementor-element-346cda8\" data-id=\"346cda8\" data-element_type=\"column\" data-e-type=\"column\" data-settings=\"{&quot;background_background&quot;:&quot;classic&quot;}\">\n\t\t\t<div class=\"elementor-widget-wrap elementor-element-populated\">\n\t\t\t\t\t\t<div class=\"elementor-element elementor-element-e2ff4ec elementor-widget elementor-widget-heading\" data-id=\"e2ff4ec\" data-element_type=\"widget\" data-e-type=\"widget\" data-widget_type=\"heading.default\">\n\t\t\t\t\t<h2 class=\"elementor-heading-title elementor-size-default\"> H\u00f6rt euch das gro\u00dfes Finale  an!<\/h2>\t\t\t\t<\/div>\n\t\t\t\t<div class=\"elementor-element elementor-element-b76a7d0 elementor-widget__width-initial elementor-widget elementor-widget-wp-widget-media_audio\" data-id=\"b76a7d0\" data-element_type=\"widget\" data-e-type=\"widget\" data-widget_type=\"wp-widget-media_audio.default\">\n\t\t\t\t<div class=\"elementor-widget-container\">\n\t\t\t\t\t<audio class=\"wp-audio-shortcode\" id=\"audio-22255-1\" preload=\"none\" style=\"width: 100%;\" controls=\"controls\"><source type=\"audio\/mpeg\" src=\"https:\/\/magnificum.net\/wp-content\/uploads\/2025\/12\/Outro-FF.mp3?_=1\" \/><source type=\"audio\/mpeg\" src=\"https:\/\/magnificum.net\/wp-content\/uploads\/2025\/12\/Outro-FF.mp3?_=1\" \/><a href=\"https:\/\/magnificum.net\/wp-content\/uploads\/2025\/12\/Outro-FF.mp3\">https:\/\/magnificum.net\/wp-content\/uploads\/2025\/12\/Outro-FF.mp3<\/a><\/audio>\t\t\t\t<\/div>\n\t\t\t\t<\/div>\n\t\t\t\t<div class=\"elementor-element elementor-element-fcb0b5d elementor-widget__width-initial elementor-widget elementor-widget-html\" data-id=\"fcb0b5d\" data-element_type=\"widget\" data-e-type=\"widget\" data-widget_type=\"html.default\">\n\t\t\t\t\t<!-- Roboto einbinden -->\r\n<link href=\"https:\/\/fonts.googleapis.com\/css2?family=Roboto:ital,wght@0,300;0,400;0,500;0,700;1,400&display=swap\" rel=\"stylesheet\">\r\n\r\n<div class=\"readmore-box\" style=\"  position: relative;  max-width: 800px;  font-family: 'Roboto', sans-serif;  line-height: 1.5;  color:#F5F5F5;\">\r\n\r\n  <!-- VERSTECKTER TEXT -->\r\n  <div class=\"readmore-text\" style=\"    max-height: 0;    overflow: hidden;    transition: max-height 0.35s ease;  \">\r\n\r\n    <!-- OBERER ZUKLAPP-BUTTON -->\r\n    <p>\r\n      <span class=\"readmore-toggle\" style=\"        cursor: pointer;        font-weight: bold;        color:#F5F5F5;        text-decoration: underline;      \">\r\n        Weniger anzeigen\r\n      <\/span>\r\n     <p>Eine Woche nach seiner spektakul\u00e4ren Inhaftierung als Hauptverd\u00e4chtiger im Mordfall an Oliver Borgmann wird Ferdinand Edelberger aus der U-Haft entlassen. Ger\u00fcchten zufolge habe ein Team aus Privat-Ermittlern den jungen Mann entlastet und der Polizei in Schwabingen \u00fcber Umwege Indizien geliefert, die seine Unschuld zweifelsfrei belegen.<\/p>\r\n\r\n    <p>Doch was ist dann auf der Firmenfeier zum 100-j\u00e4hrigen Jubil\u00e4um von Edelberger-Schokolade wirklich geschehen und vor allem: wer war so abgebr\u00fcht, Oliver Borgmann am Abend seiner Preisverleihung kaltbl\u00fctig zu ermorden?<\/p>\r\n\r\n    <p>Ein Motiv hatten wahrlich genug. Denn so erfolgreich der Verkaufsleiter S\u00fcd darin war, Schokolade zu verkaufen und Frauen nachzusteigen, so schwierig war sein Verh\u00e4ltnis zu Kollegen und Vorgesetzten. Die eigene Chefin wollte er zur K\u00fcndigung zwingen, weil sie eine Romanze mit einem Konkurrenten unterh\u00e4lt. Seine langj\u00e4hrige Ex-Freundin betrog er reihenweise mit Kolleginnen, die teilweise in derselben Abteilung arbeiten. Den Sohn des Firmenchefs erpresste er mit Fotos, die ihn als Dieb und Spieler entlarven. Wollte er Horst Edelbergers einzigen Erben beseitigen, um seine eigenen Chancen zu verbessern, irgendwann die Firma zu \u00fcbernehmen? Und w\u00fcrde der Firmenpatriarch das nicht unbedingt verhindern wollen?<\/p>\r\n\r\n    <p>Fakt ist: Berta H\u00e4berle, Peggy Lorenz, Horst und Ferdinand Edelberger h\u00e4tten allesamt gute Gr\u00fcnde gehabt, Oliver Borgmann zu beseitigen.<\/p>\r\n\r\n    <p>Die Privat-Ermittler deckten jedoch auf, dass jeder von ihnen ein valides Alibi hatte.<\/p>\r\n\r\n    <p>Berta H\u00e4berle musste Borgmanns fiese Erpressungsversuche schon auf dem R\u00fcckweg von einem gemeinsamen Kundentermin erdulden. Nach der Preisverleihung am Abend hielt es die firmentreue Vertriebschefin nicht mehr aus. Sie verlie\u00df die Firmenfeier vorzeitig und fuhr mit ihrem Dienstwagen nach Belgien, um ihren \u201eSportlichen Ritter\u201c zu daten. Da sie zur Tatzeit nicht auf dem Firmengel\u00e4nde war, kann sie den Mord nicht begangen haben. Frau H\u00e4berle muss sich allerdings daf\u00fcr verantworten, die ermittelnden Polizisten belogen zu haben; Kopfschmerzen waren schlie\u00dflich nicht der Grund f\u00fcr ihren vorzeitigen Abgang.<\/p>\r\n\r\n    <p>Horst Edelberger hatte zwar ein starkes Bed\u00fcrfnis, seinen zwielichtigen Sohn zu sch\u00fctzen, doch auch er war nicht der M\u00f6rder. Immerhin profitierten er und seine Firma von Herrn Borgmanns beeindruckenden Verkaufszahlen. F\u00fcr die Tatzeit hat der Firmenchef ein wasserdichtes Alibi. Der Mann, der sich gerne daf\u00fcr r\u00fchmt, auch die n\u00e4chsten 100 Jahre tief mit der Region verwurzelt bleiben zu wollen, verkaufte seine Firma an einen koreanischen S\u00fc\u00dfwaren-Hersteller, w\u00e4hrend seine Mitarbeiter zeitgleich im Foyer 100 Jahre Edelberger-Tradition zelebrierten. Nach den Feierlichkeiten begab er sich auf sein Privatanwesen. Einen Mord hat Horst Edelberger zwar nicht begangen. Das Handy seines eigenen Sohnes mit Spionagesoftware hacken zu lassen, ist jedoch ein erwiesener Straftatbestand.<\/p>\r\n\r\n    <p>Ferdinand Edelberger hat den Mord ebenso wenig begangen. Ein Unschuldslamm ist der verw\u00f6hnte Sohn des Firmenpatriarchen dabei wahrlich nicht. Er ist ein Enfant Terrible. Am Abend der Mordes pr\u00fcgelte er sich mit Oliver Borgmann vor versammelter Belegschaft aus reiner Missgunst. Dann stachelte er einige Kollegen an, sich mit ihm fernab der Firmenfeier ins B\u00fcro seines Vaters abzuseilen, um sich ordentlich zu betrinken. Ferdinand entfernte sich zwischenzeitig vom Firmengel\u00e4nde, um sich bei Betzys Bude \u2013 einem szenebekannten Umschlagplatz f\u00fcr krumme Gesch\u00e4fte \u2013 mit Drogen einzudecken. Mit diesen heizte er seine Kollegen weiter an und f\u00fchrte die eigene kleine Feier zur umtriebigen Eskalation. Sein Gefolge und er schlossen sich irgendwann gut berauscht der Firmenfeier im Foyer an und f\u00fchrten ihre Ekstase bis tief in die Nacht fort, auch nachdem die eigentliche Firmenfeier l\u00e4ngst beendet war. Ferdinand hat f\u00fcr den Tatzeitraum ein l\u00fcckenloses Alibi. Viel wei\u00df Ferdinand von diesem Abend allerdings nicht mehr. Er war so deliri\u00f6s, dass er sich an weite Teile des Abends nicht mehr erinnern kann. Es bleibt ungekl\u00e4rt, wie das Blut des Opfers an seine H\u00e4nde und Kleidung gelangte. Mutma\u00dflich muss er in seinem Rausch auf die Leiche des Verkaufsleiters gesto\u00dfen sein \u2013 zu einem Zeitpunkt, wo der M\u00f6rder bereits zugeschlagen hatte.<\/p>\r\n\r\n    <p>F\u00fcr Peggy Lorenz war der Abend des 5. Februar sehr dramatisch. Sie versuchte ihren Ex-Freund nach der Preisverleihung damit zu konfrontieren, von ihm schwanger zu sein. Zu ihrem Unmut wollte Oliver Borgmann nichts davon wissen und lie\u00df sie mit dieser Nachricht eiskalt im Stich. Den Mord konnte sie jedoch nicht begehen, denn Peggy hat das Foyer w\u00e4hrend der Tatzeit nie verlassen. Peggys Zutrittskarte wurde zwar zur Tatzeit im Altbau benutzt, jedoch belegen Videoaufzeichnungen, dass ihre Karte von einer Kollegin verwendet wurde. Ferner diagnostizierte Peggys Therapeut, dass die Personalreferentin nicht zu Gewalt neige. Daf\u00fcr sei sie jedoch in h\u00f6chstem Grade manipulativ. Aufgebracht, so kl\u00e4glich abserviert worden zu sein, spannte Frau Lorenz Viktor Baumg\u00e4rtner ein. Das Ermittler-Team konnte aufdecken, dass Frau Lorenz den vorbestraften Herrn Baumg\u00e4rtner wenige Wochen zuvor entgegen s\u00e4mtlicher Recruiting-Auflagen als Hausmeister eingestellt hatte. Beide kannten sich aus einer Selbsthilfe-Gruppe. Es ist anzunehmen, dass Peggy Lorenz von der Schloss-Allee-Trag\u00f6die wusste \u2013 und davon, dass Herr Baumg\u00e4rtner der Mann war, der zun\u00e4chst sein Haus an einen Brand, dann seine Frau durch einen Selbstmord und schlie\u00dflich seine Kinder ans Jugendamt verlor. Bestimmt wusste sie auch, dass ihr Ex-Freund an dieser Trag\u00f6die nicht ganz unbeteiligt war und dass Viktor niemanden Geringeres als Oliver Borgmann f\u00fcr sein tragisches Schicksal verantwortlich machte. Es war schlie\u00dflich Peggy Lorenz, die Herrn Baumg\u00e4rtner ins Foyer der Firmenfeier rief, ihn an der Bar entgegen seiner Bew\u00e4hrungsauflagen mit Alkohol versorgte und ihm heimlich zusteckte, dass der Verkaufsleiter jeden Freitagabend ab 23:00 alleine in seinem B\u00fcro sa\u00df, um eine USA-Videokonferenz abzuhalten.<\/p>\r\n\r\n    <p>Und ja\u2026. es war schlie\u00dflich Viktor Baumg\u00e4rtner, der Oliver Borgmann in seinem B\u00fcro aufsucht. Herr Borgmann wurde vom Hausmeister im Affekt mit einem Gegenstand und einem Hieb von hinten gegen den Kopf erschlagen. Bei seiner Festnahme vor wenigen Tagen sicherte die Polizei die Tatwaffe. Herr Borgmann wurde mit seiner eigenen Preistroph\u00e4e erschlagen.<\/p>\r\n\r\n    <p>Viktor Baumg\u00e4rtner droht jetzt ein Verfahren wegen Totschlags. Peggy Lorenz muss sich vor Gericht wegen Beihilfe zum Mord verantworten.<\/p>\r\n\r\n    <p>Der Fall Oliver Borgmann ist gel\u00f6st und die Akte \u201eFirmenfeier\u201c kann geschlossen werden.<\/p>\r\n\r\n  <\/div>\r\n\r\n  <!-- UNTERER BUTTON -->\r\n  <span class=\"readmore-toggle\" style=\"    cursor: pointer;    display: inline-block;    margin-top: 10px;    color: #F5F5F5;      font-weight: 700; \/* echtes Roboto Bold *\/    text-decoration: underline;  \">\r\n    Transkript f\u00fcr Menschen ohne Geh\u00f6r\r\n  <\/span>\r\n<\/div>\r\n\r\n<script>\r\ndocument.addEventListener(\"DOMContentLoaded\", function() {\r\n  document.querySelectorAll(\".readmore-toggle\").forEach(function(btn) {\r\n\r\n    btn.addEventListener(\"click\", function() {\r\n      const box = btn.closest(\".readmore-box\");\r\n      const text = box.querySelector(\".readmore-text\");\r\n      const toggles = box.querySelectorAll(\".readmore-toggle\");\r\n\r\n      if (!box.classList.contains(\"open\")) {\r\n        text.style.maxHeight = \"3000px\";\r\n        toggles.forEach(t => t.textContent = \"Weniger anzeigen\");\r\n        box.classList.add(\"open\");\r\n      } else {\r\n        text.style.maxHeight = \"0\";\r\n        toggles.forEach(t => t.textContent = \"Hier klicken\");\r\n        box.classList.remove(\"open\");\r\n      }\r\n    });\r\n\r\n  });\r\n});\r\n<\/script>\r\n\t\t\t\t<\/div>\n\t\t\t\t<div class=\"elementor-element elementor-element-b2ac55f elementor-widget elementor-widget-spacer\" data-id=\"b2ac55f\" data-element_type=\"widget\" data-e-type=\"widget\" data-widget_type=\"spacer.default\">\n\t\t\t\t\t\t\t<div class=\"elementor-spacer\">\n\t\t\t<div class=\"elementor-spacer-inner\"><\/div>\n\t\t<\/div>\n\t\t\t\t\t\t<\/div>\n\t\t\t\t\t<\/div>\n\t\t<\/div>\n\t\t\t\t<div class=\"elementor-column elementor-col-33 elementor-top-column elementor-element elementor-element-1c6c105\" data-id=\"1c6c105\" data-element_type=\"column\" data-e-type=\"column\">\n\t\t\t<div class=\"elementor-widget-wrap elementor-element-populated\">\n\t\t\t\t\t\t<div class=\"elementor-element elementor-element-5cbca30 elementor-widget elementor-widget-spacer\" data-id=\"5cbca30\" data-element_type=\"widget\" data-e-type=\"widget\" data-widget_type=\"spacer.default\">\n\t\t\t\t\t\t\t<div class=\"elementor-spacer\">\n\t\t\t<div class=\"elementor-spacer-inner\"><\/div>\n\t\t<\/div>\n\t\t\t\t\t\t<\/div>\n\t\t\t\t<div class=\"elementor-element elementor-element-0339652 elementor-align-center elementor-widget elementor-widget-button\" data-id=\"0339652\" data-element_type=\"widget\" data-e-type=\"widget\" data-widget_type=\"button.default\">\n\t\t\t\t\t\t\t\t\t\t<a class=\"elementor-button elementor-button-link elementor-size-sm\" href=\"https:\/\/magnificum.net\/wp-content\/uploads\/Urkunden_magnificum_Firmenfeier_col.pdf\" target=\"_blank\">\n\t\t\t\t\t\t<span class=\"elementor-button-content-wrapper\">\n\t\t\t\t\t\t\t\t\t<span class=\"elementor-button-text\">Urkunde herunterladen<\/span>\n\t\t\t\t\t<\/span>\n\t\t\t\t\t<\/a>\n\t\t\t\t\t\t\t\t<\/div>\n\t\t\t\t<div class=\"elementor-element elementor-element-291627d elementor-widget elementor-widget-spacer\" data-id=\"291627d\" data-element_type=\"widget\" data-e-type=\"widget\" data-widget_type=\"spacer.default\">\n\t\t\t\t\t\t\t<div class=\"elementor-spacer\">\n\t\t\t<div class=\"elementor-spacer-inner\"><\/div>\n\t\t<\/div>\n\t\t\t\t\t\t<\/div>\n\t\t\t\t<div class=\"elementor-element elementor-element-99ef182 elementor-align-center elementor-widget elementor-widget-button\" data-id=\"99ef182\" data-element_type=\"widget\" data-e-type=\"widget\" data-widget_type=\"button.default\">\n\t\t\t\t\t\t\t\t\t\t<a class=\"elementor-button elementor-button-link elementor-size-sm\" href=\"https:\/\/magnificum.net\/wp-content\/uploads\/Urkunden_magnificum_Firmenfeier_bw.pdf\" target=\"_blank\">\n\t\t\t\t\t\t<span class=\"elementor-button-content-wrapper\">\n\t\t\t\t\t\t\t\t\t<span class=\"elementor-button-text\">Urkunde s\/w herunterladen<\/span>\n\t\t\t\t\t<\/span>\n\t\t\t\t\t<\/a>\n\t\t\t\t\t\t\t\t<\/div>\n\t\t\t\t\t<\/div>\n\t\t<\/div>\n\t\t\t\t\t<\/div>\n\t\t<\/section>\n\t\t\t\t<section class=\"elementor-section elementor-top-section elementor-element elementor-element-24ed261 elementor-section-boxed elementor-section-height-default elementor-section-height-default\" data-id=\"24ed261\" data-element_type=\"section\" data-e-type=\"section\">\n\t\t\t\t\t\t<div class=\"elementor-container elementor-column-gap-default\">\n\t\t\t\t\t<div class=\"elementor-column elementor-col-100 elementor-top-column elementor-element elementor-element-80357c3\" data-id=\"80357c3\" data-element_type=\"column\" data-e-type=\"column\">\n\t\t\t<div class=\"elementor-widget-wrap elementor-element-populated\">\n\t\t\t\t\t\t<div class=\"elementor-element elementor-element-c3da73a elementor-widget elementor-widget-spacer\" data-id=\"c3da73a\" data-element_type=\"widget\" data-e-type=\"widget\" data-widget_type=\"spacer.default\">\n\t\t\t\t\t\t\t<div class=\"elementor-spacer\">\n\t\t\t<div class=\"elementor-spacer-inner\"><\/div>\n\t\t<\/div>\n\t\t\t\t\t\t<\/div>\n\t\t\t\t\t<\/div>\n\t\t<\/div>\n\t\t\t\t\t<\/div>\n\t\t<\/section>\n\t\t\t\t<section class=\"elementor-section elementor-top-section elementor-element elementor-element-6112ba22 elementor-section-boxed elementor-section-height-default elementor-section-height-default\" data-id=\"6112ba22\" data-element_type=\"section\" data-e-type=\"section\">\n\t\t\t\t\t\t<div class=\"elementor-container elementor-column-gap-default\">\n\t\t\t\t\t<div class=\"elementor-column elementor-col-100 elementor-top-column elementor-element elementor-element-269564c9\" data-id=\"269564c9\" data-element_type=\"column\" data-e-type=\"column\">\n\t\t\t<div class=\"elementor-widget-wrap elementor-element-populated\">\n\t\t\t\t\t\t<div class=\"elementor-element elementor-element-e6f280e elementor-widget elementor-widget-text-editor\" data-id=\"e6f280e\" data-element_type=\"widget\" data-e-type=\"widget\" data-widget_type=\"text-editor.default\">\n\t\t\t\t\t\t\t\t\t<p>Hat dir das Spiel gefallen? Dann hilf uns mit einer kurzen Rezension!<\/p>\t\t\t\t\t\t\t\t<\/div>\n\t\t\t\t<div class=\"elementor-element elementor-element-ecacd51 elementor-widget__width-initial elementor-widget elementor-widget-shortcode\" data-id=\"ecacd51\" data-element_type=\"widget\" data-e-type=\"widget\" data-widget_type=\"shortcode.default\">\n\t\t\t\t\t\t\t<div class=\"elementor-shortcode\"><a href=\"https:\/\/magnificum.net\/en\/product\/die-firmenfeier-das-letzte-fest-des-oliver-borgmann\/#review_form\">     Neue Rezension schreiben <\/a><\/div>\n\t\t\t\t\t\t<\/div>\n\t\t\t\t<div class=\"elementor-element elementor-element-0cd4c1a elementor-widget elementor-widget-spacer\" data-id=\"0cd4c1a\" data-element_type=\"widget\" data-e-type=\"widget\" data-widget_type=\"spacer.default\">\n\t\t\t\t\t\t\t<div class=\"elementor-spacer\">\n\t\t\t<div class=\"elementor-spacer-inner\"><\/div>\n\t\t<\/div>\n\t\t\t\t\t\t<\/div>\n\t\t\t\t<div class=\"elementor-element elementor-element-607c911 elementor-widget elementor-widget-spacer\" data-id=\"607c911\" data-element_type=\"widget\" data-e-type=\"widget\" data-widget_type=\"spacer.default\">\n\t\t\t\t\t\t\t<div class=\"elementor-spacer\">\n\t\t\t<div class=\"elementor-spacer-inner\"><\/div>\n\t\t<\/div>\n\t\t\t\t\t\t<\/div>\n\t\t\t\t<div class=\"elementor-element elementor-element-83f158e elementor-widget elementor-widget-text-editor\" data-id=\"83f158e\" data-element_type=\"widget\" data-e-type=\"widget\" data-widget_type=\"text-editor.default\">\n\t\t\t\t\t\t\t\t\t<p style=\"text-align: center;\" class=\"translation-block\"><span style=\"color: #ffffff\"><strong><a style=\"color: #ffffff\" href=\"\/en\/datenschutz\" target=\"_self\">DATA PROTECTION<\/a>\u00a0 |\u00a0 <a style=\"color: #ffffff\" href=\"\/en\/impressum\" target=\"_self\">ILEGAL NOTICE<\/a><\/strong><\/span><\/p>\t\t\t\t\t\t\t\t<\/div>\n\t\t\t\t\t<\/div>\n\t\t<\/div>\n\t\t\t\t\t<\/div>\n\t\t<\/section>\n\t\t\t\t<section class=\"elementor-section elementor-top-section elementor-element elementor-element-6e819f8 elementor-section-boxed elementor-section-height-default elementor-section-height-default\" data-id=\"6e819f8\" data-element_type=\"section\" data-e-type=\"section\">\n\t\t\t\t\t\t<div class=\"elementor-container elementor-column-gap-default\">\n\t\t\t\t\t<div class=\"elementor-column elementor-col-100 elementor-top-column elementor-element elementor-element-8232ac5\" data-id=\"8232ac5\" data-element_type=\"column\" data-e-type=\"column\">\n\t\t\t<div class=\"elementor-widget-wrap\">\n\t\t\t\t\t\t\t<\/div>\n\t\t<\/div>\n\t\t\t\t\t<\/div>\n\t\t<\/section>\n\t\t\t\t<\/div>","protected":false},"excerpt":{"rendered":"<p>GRATULATION H\u00f6rt euch das gro\u00dfes Finale an! Weniger anzeigen Eine Woche nach seiner spektakul\u00e4ren Inhaftierung als Hauptverd\u00e4chtiger im Mordfall an Oliver Borgmann wird Ferdinand Edelberger aus der U-Haft entlassen. Ger\u00fcchten zufolge habe ein Team aus Privat-Ermittlern den jungen Mann entlastet und der Polizei in Schwabingen \u00fcber Umwege Indizien geliefert, die seine Unschuld zweifelsfrei belegen. Doch [&hellip;]<\/p>\n","protected":false},"author":1,"featured_media":0,"parent":0,"menu_order":0,"comment_status":"closed","ping_status":"closed","template":"elementor_canvas","meta":{"footnotes":""},"class_list":["post-22255","page","type-page","status-publish","hentry"],"_links":{"self":[{"href":"https:\/\/magnificum.net\/en\/wp-json\/wp\/v2\/pages\/22255","targetHints":{"allow":["GET"]}}],"collection":[{"href":"https:\/\/magnificum.net\/en\/wp-json\/wp\/v2\/pages"}],"about":[{"href":"https:\/\/magnificum.net\/en\/wp-json\/wp\/v2\/types\/page"}],"author":[{"embeddable":true,"href":"https:\/\/magnificum.net\/en\/wp-json\/wp\/v2\/users\/1"}],"replies":[{"embeddable":true,"href":"https:\/\/magnificum.net\/en\/wp-json\/wp\/v2\/comments?post=22255"}],"version-history":[{"count":0,"href":"https:\/\/magnificum.net\/en\/wp-json\/wp\/v2\/pages\/22255\/revisions"}],"wp:attachment":[{"href":"https:\/\/magnificum.net\/en\/wp-json\/wp\/v2\/media?parent=22255"}],"curies":[{"name":"wp","href":"https:\/\/api.w.org\/{rel}","templated":true}]}}