{"id":22276,"date":"2021-01-26T23:45:06","date_gmt":"2021-01-26T23:45:06","guid":{"rendered":"http:\/\/enterprism.net\/?page_id=22276"},"modified":"2026-01-06T09:49:35","modified_gmt":"2026-01-06T09:49:35","slug":"di-outro","status":"publish","type":"page","link":"https:\/\/magnificum.net\/en\/di-outro\/","title":{"rendered":"Dinner &#8211; Outro + Urkunden"},"content":{"rendered":"<div data-elementor-type=\"wp-page\" data-elementor-id=\"22276\" class=\"elementor elementor-22276\">\n\t\t\t\t\t\t<section class=\"elementor-section elementor-top-section elementor-element elementor-element-79a30289 elementor-section-boxed elementor-section-height-default elementor-section-height-default\" data-id=\"79a30289\" data-element_type=\"section\" data-e-type=\"section\">\n\t\t\t\t\t\t<div class=\"elementor-container elementor-column-gap-default\">\n\t\t\t\t\t<div class=\"elementor-column elementor-col-100 elementor-top-column elementor-element elementor-element-48c3d9e1\" data-id=\"48c3d9e1\" data-element_type=\"column\" data-e-type=\"column\">\n\t\t\t<div class=\"elementor-widget-wrap elementor-element-populated\">\n\t\t\t\t\t\t<div class=\"elementor-element elementor-element-555033da elementor-widget elementor-widget-spacer\" data-id=\"555033da\" data-element_type=\"widget\" data-e-type=\"widget\" data-widget_type=\"spacer.default\">\n\t\t\t\t\t\t\t<div class=\"elementor-spacer\">\n\t\t\t<div class=\"elementor-spacer-inner\"><\/div>\n\t\t<\/div>\n\t\t\t\t\t\t<\/div>\n\t\t\t\t<div class=\"elementor-element elementor-element-7078d4e elementor-widget elementor-widget-heading\" data-id=\"7078d4e\" data-element_type=\"widget\" data-e-type=\"widget\" data-widget_type=\"heading.default\">\n\t\t\t\t\t<h2 class=\"elementor-heading-title elementor-size-default\">GRATULATION<\/h2>\t\t\t\t<\/div>\n\t\t\t\t<div class=\"elementor-element elementor-element-1e63b4a elementor-widget elementor-widget-spacer\" data-id=\"1e63b4a\" data-element_type=\"widget\" data-e-type=\"widget\" data-widget_type=\"spacer.default\">\n\t\t\t\t\t\t\t<div class=\"elementor-spacer\">\n\t\t\t<div class=\"elementor-spacer-inner\"><\/div>\n\t\t<\/div>\n\t\t\t\t\t\t<\/div>\n\t\t\t\t\t<\/div>\n\t\t<\/div>\n\t\t\t\t\t<\/div>\n\t\t<\/section>\n\t\t\t\t<section class=\"elementor-section elementor-top-section elementor-element elementor-element-00bc7ab elementor-section-boxed elementor-section-height-default elementor-section-height-default\" data-id=\"00bc7ab\" data-element_type=\"section\" data-e-type=\"section\">\n\t\t\t\t\t\t<div class=\"elementor-container elementor-column-gap-default\">\n\t\t\t\t\t<div class=\"elementor-column elementor-col-66 elementor-top-column elementor-element elementor-element-346cda8\" data-id=\"346cda8\" data-element_type=\"column\" data-e-type=\"column\" data-settings=\"{&quot;background_background&quot;:&quot;classic&quot;}\">\n\t\t\t<div class=\"elementor-widget-wrap elementor-element-populated\">\n\t\t\t\t\t\t<div class=\"elementor-element elementor-element-e2ff4ec elementor-widget elementor-widget-heading\" data-id=\"e2ff4ec\" data-element_type=\"widget\" data-e-type=\"widget\" data-widget_type=\"heading.default\">\n\t\t\t\t\t<h2 class=\"elementor-heading-title elementor-size-default\"> H\u00f6rt euch das gro\u00dfes Finale  an!<\/h2>\t\t\t\t<\/div>\n\t\t\t\t<div class=\"elementor-element elementor-element-b76a7d0 elementor-widget__width-initial elementor-widget elementor-widget-wp-widget-media_audio\" data-id=\"b76a7d0\" data-element_type=\"widget\" data-e-type=\"widget\" data-widget_type=\"wp-widget-media_audio.default\">\n\t\t\t\t<div class=\"elementor-widget-container\">\n\t\t\t\t\t<audio class=\"wp-audio-shortcode\" id=\"audio-22276-1\" preload=\"none\" style=\"width: 100%;\" controls=\"controls\"><source type=\"audio\/mpeg\" src=\"https:\/\/magnificum.net\/wp-content\/uploads\/2025\/12\/Dinner-Outro.mp3?_=1\" \/><source type=\"audio\/mpeg\" src=\"https:\/\/magnificum.net\/wp-content\/uploads\/2025\/12\/Dinner-Outro.mp3?_=1\" \/><a href=\"https:\/\/magnificum.net\/wp-content\/uploads\/2025\/12\/Dinner-Outro.mp3\">https:\/\/magnificum.net\/wp-content\/uploads\/2025\/12\/Dinner-Outro.mp3<\/a><\/audio>\t\t\t\t<\/div>\n\t\t\t\t<\/div>\n\t\t\t\t<div class=\"elementor-element elementor-element-3ef4208 elementor-widget__width-initial elementor-widget elementor-widget-html\" data-id=\"3ef4208\" data-element_type=\"widget\" data-e-type=\"widget\" data-widget_type=\"html.default\">\n\t\t\t\t\t<!-- Roboto einbinden -->\r\n<link href=\"https:\/\/fonts.googleapis.com\/css2?family=Roboto:ital,wght@0,300;0,400;0,500;0,700;1,400&display=swap\" rel=\"stylesheet\">\r\n\r\n<div class=\"readmore-box\" style=\"  position: relative;  max-width: 800px;  font-family: 'Roboto', sans-serif;  line-height: 1.5;  color:#F5F5F5;\">\r\n\r\n  <!-- VERSTECKTER TEXT -->\r\n  <div class=\"readmore-text\" style=\"    max-height: 0;    overflow: hidden;    transition: max-height 0.35s ease;  \">\r\n\r\n    <!-- OBERER ZUKLAPP-BUTTON -->\r\n    <p>\r\n      <span class=\"readmore-toggle\" style=\"        cursor: pointer;        font-weight: bold;        color:#F5F5F5;        text-decoration: underline;      \">\r\n        Weniger anzeigen\r\n      <\/span>\r\n     <p>Kriminalhauptkommissarin Hanna Dreyer ist sehr zufrieden. Durch tatkr\u00e4ftige Unterst\u00fctzung der kurzfristig eingerichteten Sonderkommission konnte der Fall Agneta Hellwig aufgekl\u00e4rt werden.<\/p>\r\n\r\n    <p>Wie die hinzugezogenen Kollegen ermitteln konnten, ist Frau Hellwig eine h\u00f6chst ambivalente Pers\u00f6nlichkeit.  \r\n    Der Erstverdacht sowie die Eindr\u00fccke aus der Nachbarschaft zeichneten zun\u00e4chst das Bild einer liebenswerten, gutgl\u00e4ubigen, etwas naiven alten Dame. Die Gastgeberin des Dinners scheint das perfekte Opfer f\u00fcr Erbschleicher und Opportunisten zu sein: alleinstehend, reich, alt, ohne Familie und mehr als gro\u00dfz\u00fcgig gegen\u00fcber ihren vermeintlichen Freunden.<\/p>\r\n\r\n    <p>Ihre scheinbar beste Freundin, Constanze Bender-Beckmann, lie\u00df sich und ihren Mann auf teure Veranstaltungen und Reisen einladen, und laut Aussage einer Nachbarin lie\u00df sie sich sogar ein Haus in der Nachbarschaft bauen \u2013 alles auf Agnetas Kosten.<\/p>\r\n\r\n    <p>Mayari Schumann, eingestellt als pers\u00f6nlicher Coach f\u00fcr Kunst und verantwortlich f\u00fcr Agneta Hellwigs Instapic-Account, lie\u00df sich Designer-Klamotten und teure Gegenst\u00e4nde aus Galerien schenken. Angeblich tyrannisierte sie die alte Dame zu sp\u00e4ter Stunde und trieb sie zu immer wilder werdenden Proben und anstrengenden Veranstaltungen.<\/p>\r\n\r\n    <p>Silvan Rothe, der anfangs nur ein altes, schrottiges Auto fuhr, besitzt inzwischen einen schicken Sportwagen, f\u00fchrt eine luxuri\u00f6s ausgestattete Privatpraxis als Ergotherapeut, arbeitet nur noch an zwei Tagen pro Woche und tr\u00e4gt edle Kleidung und teure Uhren.<\/p>\r\n\r\n    <p>Im Laufe der Ermittlungen wurde aufgedeckt, dass es nicht nur Todesdrohungen gegen Agneta Hellwig gab, sondern dass diese von ihrer besten Freundin Constanze und deren Mann Johannes geschrieben worden waren. In der Altpapiertonne der Bender-Beckmanns fand man einen Spendenflyer, auf dem Constanze S\u00e4tze vorformuliert hatte, die sp\u00e4ter bei Instapic unter dem Pseudonym <em>alpha phantom rex<\/em> auftauchten.<\/p>\r\n\r\n    <p>Todesdrohungen, welche sie gleichzeitig mit ihren echten Instapic-Accounts (<em>johnny_boy1954<\/em> und <em>cococonny1956<\/em>) verteidigten.<\/p>\r\n\r\n    <p>Verd\u00e4chtig? Ja \u2013 zumindest bis zu jenem Moment, an dem die Ermittler im Schreibtisch der alten Dame einige pikante Briefe entdeckten.  \r\n    Und sp\u00e4testens hier kippte das Bild der liebreizenden alten Dame.  \r\n    Einer dieser Briefe belegt zweifelsfrei, dass Frau Bender-Beckmann von Frau Hellwig zu jener Aktion angestiftet worden war.<\/p>\r\n\r\n    <p>Das Smartphone, das im Badezimmer gefunden wurde, kann aufgrund des Stickers zweifelsfrei Annouka Satorius zugeordnet werden. Dieselbe Katze klebt an ihrem Klingelschild. Der Chatverlauf berichtet von identischen Notizen, die von der Haush\u00e4lterin gefunden worden waren. Eine dieser Notizen konnte auch im Atelier der alten Dame sichergestellt werden.<\/p>\r\n\r\n    <p>Auf Anraten ihres Liebhabers informierte Frau Satorius alle betroffenen Personen, dass sie bewusst get\u00e4uscht wurden.<\/p>\r\n\r\n    <p>Nachdem die Ermittler die verschlampte toxikologische Analyse erneut aus Doktor Riegels Labor abgeholt hatten, konnte schnell ein Objekt identifiziert werden, an dem Reste eines t\u00f6dlichen Toxins festgestellt wurden: Es handelte sich um ein Wasserglas, das Agneta w\u00e4hrend ihrer Vorstellung austrank.  \r\n    Der Erstverdacht richtete sich auf Frau Schumann, die zugab, dieses Glas auf dem Klavier platziert zu haben.<\/p>\r\n\r\n    <p>Durch den Fund der SD-Karte in einem Buch in Agnetas Haus wurde schlie\u00dflich aufgedeckt, dass sich im Halsband der Katze eine Kamera befand. Die Katzen-Kamera hatte am Tatabend wichtige Indizien aufgezeichnet.<\/p>\r\n\r\n    <p>Vier Personen waren darin zu sehen, die allesamt mit wei\u00dfem Pulver in einem kleinen Reagenzglas an besagtem Wasserglas hantierten:<\/p>\r\n\r\n    <p><strong>Mayari Schumann<\/strong> \u2013 erkennbar am Lippenstift, den sie auf dem Fl\u00fcgel ablegte und auch w\u00e4hrend des Verh\u00f6rs benutzte.<\/p>\r\n\r\n    <p><strong>Johannes Beckmann<\/strong> \u2013 erkennbar am Siegelring, den er auf einem der Tatabend-Fotos trug.<\/p>\r\n\r\n    <p><strong>Constanze Bender-Beckmann<\/strong> \u2013 entlarvt durch den Kratzer, den ihr Frau Hellwigs Katze zugef\u00fcgt hatte. Sie trug ein Pflaster an jener Stelle; dieses konnte in ihrer Handtasche gefunden werden, ebenso wie ein blutverschmiertes Taschentuch und Reste des Pflasters.<\/p>\r\n\r\n    <p>Alle drei Personen sind auf dem Video dabei zu sehen, wie sie eine gewisse Menge des Toxins in Frau Hellwigs Wasserglas sch\u00fctten.<\/p>\r\n\r\n    <p>Frau Hellwigs Freunde hatten offenbar einige Dem\u00fctigungen ertragen m\u00fcssen. Doch das Wissen darum, dass Frau Hellwig nie ernsthaft vorhatte, sie als Haupterben einzutragen, hatte sie gemeinsam dazu gebracht, Agneta Hellwig zu vergiften. Sie hatten einen Plan ausgeheckt, bei dem jeder seinen Teil beitragen sollte.<\/p>\r\n\r\n    <p>Doch wer war die vierte Person auf dem Video?<\/p>\r\n\r\n    <p>Eine Person z\u00f6gerte und entschied sich schlie\u00dflich dagegen, ihren Beitrag zur Vergiftung zu leisten.  \r\n    Die Gastgeberin wurde zwar mit schweren Vergiftungserscheinungen ins Krankenhaus eingeliefert, starb jedoch nicht.  \r\n    Laut der Blutuntersuchung \u00fcberlebte Frau Hellwig einzig aufgrund der Tatsache, dass nur 30 mg statt der t\u00f6dlichen Dosis von 40 mg verabreicht wurden.<\/p>\r\n\r\n    <p>Diese vierte Person war <strong>Silvan Rothe<\/strong> \u2013 erkennbar an der goldenen Uhr, die er am Handgelenk trug. Dieselbe Uhr ist auf einer Rechnung abgebildet, die in Frau Hellwigs Haus gefunden wurde. Durch die Gravur \u201evon deiner dich liebenden Mutter\u201c konnte deduziert werden, dass die Uhr ein Geschenk an Silvan war \u2013 eine Anrede, die Frau Hellwig auch auf dem Katzen-Video verwendete.<\/p>\r\n\r\n    <p>Warum Herr Rothe z\u00f6gerte, kann nicht zweifelsfrei belegt werden. Fakt ist jedoch, dass Frau Hellwig ihm dadurch indirekt ihr Leben verdankt.<\/p>\r\n\r\n    <p>Somit konnten die Verd\u00e4chtigen allesamt \u00fcberf\u00fchrt werden. Die Haftbefehle wurden bereits ausgestellt.  \r\n    Die Akte \u201eDas Dinner\u201c kann geschlossen werden.<\/p>\r\n\r\n  <\/div>\r\n\r\n  <!-- UNTERER BUTTON -->\r\n  <span class=\"readmore-toggle\" style=\"    cursor: pointer;    display: inline-block;    margin-top: 10px;    color: #F5F5F5;      font-weight: 700; \/* echtes Roboto Bold *\/    text-decoration: underline;  \">\r\n    Transkript f\u00fcr Menschen ohne Geh\u00f6r\r\n  <\/span>\r\n<\/div>\r\n\r\n<script>\r\ndocument.addEventListener(\"DOMContentLoaded\", function() {\r\n  document.querySelectorAll(\".readmore-toggle\").forEach(function(btn) {\r\n\r\n    btn.addEventListener(\"click\", function() {\r\n      const box = btn.closest(\".readmore-box\");\r\n      const text = box.querySelector(\".readmore-text\");\r\n      const toggles = box.querySelectorAll(\".readmore-toggle\");\r\n\r\n      if (!box.classList.contains(\"open\")) {\r\n        text.style.maxHeight = \"3000px\";\r\n        toggles.forEach(t => t.textContent = \"Weniger anzeigen\");\r\n        box.classList.add(\"open\");\r\n      } else {\r\n        text.style.maxHeight = \"0\";\r\n        toggles.forEach(t => t.textContent = \"Hier klicken\");\r\n        box.classList.remove(\"open\");\r\n      }\r\n    });\r\n\r\n  });\r\n});\r\n<\/script>\r\n\t\t\t\t<\/div>\n\t\t\t\t<div class=\"elementor-element elementor-element-b2ac55f elementor-widget elementor-widget-spacer\" data-id=\"b2ac55f\" data-element_type=\"widget\" data-e-type=\"widget\" data-widget_type=\"spacer.default\">\n\t\t\t\t\t\t\t<div class=\"elementor-spacer\">\n\t\t\t<div class=\"elementor-spacer-inner\"><\/div>\n\t\t<\/div>\n\t\t\t\t\t\t<\/div>\n\t\t\t\t\t<\/div>\n\t\t<\/div>\n\t\t\t\t<div class=\"elementor-column elementor-col-33 elementor-top-column elementor-element elementor-element-1c6c105\" data-id=\"1c6c105\" data-element_type=\"column\" data-e-type=\"column\">\n\t\t\t<div class=\"elementor-widget-wrap elementor-element-populated\">\n\t\t\t\t\t\t<div class=\"elementor-element elementor-element-cd51b50 elementor-widget elementor-widget-spacer\" data-id=\"cd51b50\" data-element_type=\"widget\" data-e-type=\"widget\" data-widget_type=\"spacer.default\">\n\t\t\t\t\t\t\t<div class=\"elementor-spacer\">\n\t\t\t<div class=\"elementor-spacer-inner\"><\/div>\n\t\t<\/div>\n\t\t\t\t\t\t<\/div>\n\t\t\t\t<div class=\"elementor-element elementor-element-7d15d5e elementor-align-center elementor-widget elementor-widget-button\" data-id=\"7d15d5e\" data-element_type=\"widget\" data-e-type=\"widget\" data-widget_type=\"button.default\">\n\t\t\t\t\t\t\t\t\t\t<a class=\"elementor-button elementor-button-link elementor-size-sm\" href=\"https:\/\/magnificum.net\/wp-content\/uploads\/Urkunden_magnificum_Dinner_col.pdf\" target=\"_blank\">\n\t\t\t\t\t\t<span class=\"elementor-button-content-wrapper\">\n\t\t\t\t\t\t\t\t\t<span class=\"elementor-button-text\">Urkunde herunterladen<\/span>\n\t\t\t\t\t<\/span>\n\t\t\t\t\t<\/a>\n\t\t\t\t\t\t\t\t<\/div>\n\t\t\t\t<div class=\"elementor-element elementor-element-dc0a1dc elementor-widget elementor-widget-spacer\" data-id=\"dc0a1dc\" data-element_type=\"widget\" data-e-type=\"widget\" data-widget_type=\"spacer.default\">\n\t\t\t\t\t\t\t<div class=\"elementor-spacer\">\n\t\t\t<div class=\"elementor-spacer-inner\"><\/div>\n\t\t<\/div>\n\t\t\t\t\t\t<\/div>\n\t\t\t\t<div class=\"elementor-element elementor-element-d70fca9 elementor-align-center elementor-widget elementor-widget-button\" data-id=\"d70fca9\" data-element_type=\"widget\" data-e-type=\"widget\" data-widget_type=\"button.default\">\n\t\t\t\t\t\t\t\t\t\t<a class=\"elementor-button elementor-button-link elementor-size-sm\" href=\"https:\/\/magnificum.net\/wp-content\/uploads\/Urkunden_magnificum_Dinner_bw.pdf\" target=\"_blank\">\n\t\t\t\t\t\t<span class=\"elementor-button-content-wrapper\">\n\t\t\t\t\t\t\t\t\t<span class=\"elementor-button-text\">Urkunde s\/w herunterladen<\/span>\n\t\t\t\t\t<\/span>\n\t\t\t\t\t<\/a>\n\t\t\t\t\t\t\t\t<\/div>\n\t\t\t\t\t<\/div>\n\t\t<\/div>\n\t\t\t\t\t<\/div>\n\t\t<\/section>\n\t\t\t\t<section class=\"elementor-section elementor-top-section elementor-element elementor-element-24ed261 elementor-section-boxed elementor-section-height-default elementor-section-height-default\" data-id=\"24ed261\" data-element_type=\"section\" data-e-type=\"section\">\n\t\t\t\t\t\t<div class=\"elementor-container elementor-column-gap-default\">\n\t\t\t\t\t<div class=\"elementor-column elementor-col-100 elementor-top-column elementor-element elementor-element-80357c3\" data-id=\"80357c3\" data-element_type=\"column\" data-e-type=\"column\">\n\t\t\t<div class=\"elementor-widget-wrap elementor-element-populated\">\n\t\t\t\t\t\t<div class=\"elementor-element elementor-element-c3da73a elementor-widget elementor-widget-spacer\" data-id=\"c3da73a\" data-element_type=\"widget\" data-e-type=\"widget\" data-widget_type=\"spacer.default\">\n\t\t\t\t\t\t\t<div class=\"elementor-spacer\">\n\t\t\t<div class=\"elementor-spacer-inner\"><\/div>\n\t\t<\/div>\n\t\t\t\t\t\t<\/div>\n\t\t\t\t\t<\/div>\n\t\t<\/div>\n\t\t\t\t\t<\/div>\n\t\t<\/section>\n\t\t\t\t<section class=\"elementor-section elementor-top-section elementor-element elementor-element-6112ba22 elementor-section-boxed elementor-section-height-default elementor-section-height-default\" data-id=\"6112ba22\" data-element_type=\"section\" data-e-type=\"section\">\n\t\t\t\t\t\t<div class=\"elementor-container elementor-column-gap-default\">\n\t\t\t\t\t<div class=\"elementor-column elementor-col-100 elementor-top-column elementor-element elementor-element-269564c9\" data-id=\"269564c9\" data-element_type=\"column\" data-e-type=\"column\">\n\t\t\t<div class=\"elementor-widget-wrap elementor-element-populated\">\n\t\t\t\t\t\t<div class=\"elementor-element elementor-element-fd4071a elementor-widget elementor-widget-text-editor\" data-id=\"fd4071a\" data-element_type=\"widget\" data-e-type=\"widget\" data-widget_type=\"text-editor.default\">\n\t\t\t\t\t\t\t\t\t<p>Hat dir das Spiel gefallen? Dann hilf uns mit einer kurzen Rezension!<\/p>\t\t\t\t\t\t\t\t<\/div>\n\t\t\t\t<div class=\"elementor-element elementor-element-2b061cd elementor-widget__width-initial elementor-widget elementor-widget-shortcode\" data-id=\"2b061cd\" data-element_type=\"widget\" data-e-type=\"widget\" data-widget_type=\"shortcode.default\">\n\t\t\t\t\t\t\t<div class=\"elementor-shortcode\"><a href=\"https:\/\/magnificum.net\/en\/product\/das-dinner-die-letzte-arie-der-alten-dame\/#review_form\">     Neue Rezension schreiben <\/a><\/div>\n\t\t\t\t\t\t<\/div>\n\t\t\t\t<div class=\"elementor-element elementor-element-0cd4c1a elementor-widget elementor-widget-spacer\" data-id=\"0cd4c1a\" data-element_type=\"widget\" data-e-type=\"widget\" data-widget_type=\"spacer.default\">\n\t\t\t\t\t\t\t<div class=\"elementor-spacer\">\n\t\t\t<div class=\"elementor-spacer-inner\"><\/div>\n\t\t<\/div>\n\t\t\t\t\t\t<\/div>\n\t\t\t\t<div class=\"elementor-element elementor-element-607c911 elementor-widget elementor-widget-spacer\" data-id=\"607c911\" data-element_type=\"widget\" data-e-type=\"widget\" data-widget_type=\"spacer.default\">\n\t\t\t\t\t\t\t<div class=\"elementor-spacer\">\n\t\t\t<div class=\"elementor-spacer-inner\"><\/div>\n\t\t<\/div>\n\t\t\t\t\t\t<\/div>\n\t\t\t\t\t<\/div>\n\t\t<\/div>\n\t\t\t\t\t<\/div>\n\t\t<\/section>\n\t\t\t\t<section class=\"elementor-section elementor-top-section elementor-element elementor-element-6e819f8 elementor-section-boxed elementor-section-height-default elementor-section-height-default\" data-id=\"6e819f8\" data-element_type=\"section\" data-e-type=\"section\">\n\t\t\t\t\t\t<div class=\"elementor-container elementor-column-gap-default\">\n\t\t\t\t\t<div class=\"elementor-column elementor-col-100 elementor-top-column elementor-element elementor-element-8232ac5\" data-id=\"8232ac5\" data-element_type=\"column\" data-e-type=\"column\">\n\t\t\t<div class=\"elementor-widget-wrap elementor-element-populated\">\n\t\t\t\t\t\t<div class=\"elementor-element elementor-element-f5f837c elementor-widget elementor-widget-text-editor\" data-id=\"f5f837c\" data-element_type=\"widget\" data-e-type=\"widget\" data-widget_type=\"text-editor.default\">\n\t\t\t\t\t\t\t\t\t<p style=\"text-align: center;\" class=\"translation-block\"><span style=\"color: #ffffff\"><strong><a style=\"color: #ffffff\" href=\"\/en\/datenschutz\" target=\"_self\">DATA PROTECTION<\/a>\u00a0 |\u00a0 <a style=\"color: #ffffff\" href=\"\/en\/impressum\" target=\"_self\">ILEGAL NOTICE<\/a><\/strong><\/span><\/p>\t\t\t\t\t\t\t\t<\/div>\n\t\t\t\t\t<\/div>\n\t\t<\/div>\n\t\t\t\t\t<\/div>\n\t\t<\/section>\n\t\t\t\t<\/div>","protected":false},"excerpt":{"rendered":"<p>GRATULATION H\u00f6rt euch das gro\u00dfes Finale an! Weniger anzeigen Kriminalhauptkommissarin Hanna Dreyer ist sehr zufrieden. Durch tatkr\u00e4ftige Unterst\u00fctzung der kurzfristig eingerichteten Sonderkommission konnte der Fall Agneta Hellwig aufgekl\u00e4rt werden. Wie die hinzugezogenen Kollegen ermitteln konnten, ist Frau Hellwig eine h\u00f6chst ambivalente Pers\u00f6nlichkeit. Der Erstverdacht sowie die Eindr\u00fccke aus der Nachbarschaft zeichneten zun\u00e4chst das Bild einer [&hellip;]<\/p>\n","protected":false},"author":1,"featured_media":0,"parent":0,"menu_order":0,"comment_status":"closed","ping_status":"closed","template":"elementor_canvas","meta":{"footnotes":""},"class_list":["post-22276","page","type-page","status-publish","hentry"],"_links":{"self":[{"href":"https:\/\/magnificum.net\/en\/wp-json\/wp\/v2\/pages\/22276","targetHints":{"allow":["GET"]}}],"collection":[{"href":"https:\/\/magnificum.net\/en\/wp-json\/wp\/v2\/pages"}],"about":[{"href":"https:\/\/magnificum.net\/en\/wp-json\/wp\/v2\/types\/page"}],"author":[{"embeddable":true,"href":"https:\/\/magnificum.net\/en\/wp-json\/wp\/v2\/users\/1"}],"replies":[{"embeddable":true,"href":"https:\/\/magnificum.net\/en\/wp-json\/wp\/v2\/comments?post=22276"}],"version-history":[{"count":0,"href":"https:\/\/magnificum.net\/en\/wp-json\/wp\/v2\/pages\/22276\/revisions"}],"wp:attachment":[{"href":"https:\/\/magnificum.net\/en\/wp-json\/wp\/v2\/media?parent=22276"}],"curies":[{"name":"wp","href":"https:\/\/api.w.org\/{rel}","templated":true}]}}