{"id":22285,"date":"2021-01-26T23:45:06","date_gmt":"2021-01-26T23:45:06","guid":{"rendered":"http:\/\/enterprism.net\/?page_id=22285"},"modified":"2026-01-09T08:56:04","modified_gmt":"2026-01-09T08:56:04","slug":"br-outro","status":"publish","type":"page","link":"https:\/\/magnificum.net\/en\/br-outro\/","title":{"rendered":"Brand &#8211; Outro + Urkunden"},"content":{"rendered":"<div data-elementor-type=\"wp-page\" data-elementor-id=\"22285\" class=\"elementor elementor-22285\">\n\t\t\t\t\t\t<section class=\"elementor-section elementor-top-section elementor-element elementor-element-79a30289 elementor-section-boxed elementor-section-height-default elementor-section-height-default\" data-id=\"79a30289\" data-element_type=\"section\" data-e-type=\"section\">\n\t\t\t\t\t\t<div class=\"elementor-container elementor-column-gap-default\">\n\t\t\t\t\t<div class=\"elementor-column elementor-col-100 elementor-top-column elementor-element elementor-element-48c3d9e1\" data-id=\"48c3d9e1\" data-element_type=\"column\" data-e-type=\"column\">\n\t\t\t<div class=\"elementor-widget-wrap elementor-element-populated\">\n\t\t\t\t\t\t<div class=\"elementor-element elementor-element-555033da elementor-widget elementor-widget-spacer\" data-id=\"555033da\" data-element_type=\"widget\" data-e-type=\"widget\" data-widget_type=\"spacer.default\">\n\t\t\t\t\t\t\t<div class=\"elementor-spacer\">\n\t\t\t<div class=\"elementor-spacer-inner\"><\/div>\n\t\t<\/div>\n\t\t\t\t\t\t<\/div>\n\t\t\t\t<div class=\"elementor-element elementor-element-0b92db6 elementor-widget elementor-widget-heading\" data-id=\"0b92db6\" data-element_type=\"widget\" data-e-type=\"widget\" data-widget_type=\"heading.default\">\n\t\t\t\t\t<h2 class=\"elementor-heading-title elementor-size-default\">GRATULATION<\/h2>\t\t\t\t<\/div>\n\t\t\t\t<div class=\"elementor-element elementor-element-b3ef6d6 elementor-widget elementor-widget-spacer\" data-id=\"b3ef6d6\" data-element_type=\"widget\" data-e-type=\"widget\" data-widget_type=\"spacer.default\">\n\t\t\t\t\t\t\t<div class=\"elementor-spacer\">\n\t\t\t<div class=\"elementor-spacer-inner\"><\/div>\n\t\t<\/div>\n\t\t\t\t\t\t<\/div>\n\t\t\t\t\t<\/div>\n\t\t<\/div>\n\t\t\t\t\t<\/div>\n\t\t<\/section>\n\t\t\t\t<section class=\"elementor-section elementor-top-section elementor-element elementor-element-00bc7ab elementor-section-boxed elementor-section-height-default elementor-section-height-default\" data-id=\"00bc7ab\" data-element_type=\"section\" data-e-type=\"section\">\n\t\t\t\t\t\t<div class=\"elementor-container elementor-column-gap-default\">\n\t\t\t\t\t<div class=\"elementor-column elementor-col-66 elementor-top-column elementor-element elementor-element-346cda8\" data-id=\"346cda8\" data-element_type=\"column\" data-e-type=\"column\" data-settings=\"{&quot;background_background&quot;:&quot;classic&quot;}\">\n\t\t\t<div class=\"elementor-widget-wrap elementor-element-populated\">\n\t\t\t\t\t\t<div class=\"elementor-element elementor-element-e2ff4ec elementor-widget elementor-widget-heading\" data-id=\"e2ff4ec\" data-element_type=\"widget\" data-e-type=\"widget\" data-widget_type=\"heading.default\">\n\t\t\t\t\t<h2 class=\"elementor-heading-title elementor-size-default\"> H\u00f6rt euch das gro\u00dfes Finale  an!<\/h2>\t\t\t\t<\/div>\n\t\t\t\t<div class=\"elementor-element elementor-element-b76a7d0 elementor-widget__width-initial elementor-widget elementor-widget-wp-widget-media_audio\" data-id=\"b76a7d0\" data-element_type=\"widget\" data-e-type=\"widget\" data-widget_type=\"wp-widget-media_audio.default\">\n\t\t\t\t<div class=\"elementor-widget-container\">\n\t\t\t\t\t<audio class=\"wp-audio-shortcode\" id=\"audio-22285-1\" preload=\"none\" style=\"width: 100%;\" controls=\"controls\"><source type=\"audio\/mpeg\" src=\"https:\/\/magnificum.net\/wp-content\/uploads\/2025\/12\/Outro.mp3?_=1\" \/><source type=\"audio\/mpeg\" src=\"https:\/\/magnificum.net\/wp-content\/uploads\/2025\/12\/Outro.mp3?_=1\" \/><a href=\"https:\/\/magnificum.net\/wp-content\/uploads\/2025\/12\/Outro.mp3\">https:\/\/magnificum.net\/wp-content\/uploads\/2025\/12\/Outro.mp3<\/a><\/audio>\t\t\t\t<\/div>\n\t\t\t\t<\/div>\n\t\t\t\t<div class=\"elementor-element elementor-element-3cd8823 elementor-widget__width-initial elementor-widget elementor-widget-html\" data-id=\"3cd8823\" data-element_type=\"widget\" data-e-type=\"widget\" data-widget_type=\"html.default\">\n\t\t\t\t\t<!-- Roboto einbinden -->\r\n<link href=\"https:\/\/fonts.googleapis.com\/css2?family=Roboto:ital,wght@0,300;0,400;0,500;0,700;1,400&display=swap\" rel=\"stylesheet\">\r\n\r\n<div class=\"readmore-box\" style=\"  position: relative;  max-width: 800px;  font-family: 'Roboto', sans-serif;  line-height: 1.5;  color:#F5F5F5;\">\r\n\r\n  <!-- VERSTECKTER TEXT -->\r\n  <div class=\"readmore-text\" style=\"    max-height: 0;    overflow: hidden;    transition: max-height 0.35s ease;  \">\r\n\r\n    <!-- OBERER ZUKLAPP-BUTTON -->\r\n    <p>\r\n      <span class=\"readmore-toggle\" style=\"        cursor: pointer;        font-weight: bold;        color:#F5F5F5;        text-decoration: underline;      \">\r\n        Weniger anzeigen\r\n      <\/span>\r\n     <p><strong>Jingle:<\/strong> Radio Norikon, das sind die Nachrichten<\/p>\r\n\r\n    <p><strong>Moderator:<\/strong> Die Brandstifterin von Sehlnau wurde heute verurteilt, und zwar wegen Brandstiftung, Drohung, Sachbesch\u00e4digung und Verstoss gegen das Tierschutzgesetz. Wir schalten nun live zu unserer Korrespondentin, Michelle Rytz, ins Regionalgericht. Michelle, was kannst du uns zum Motiv der T\u00e4terin sagen?<\/p>\r\n\r\n    <p><strong>Korrespondentin:<\/strong> Was hat Yolanda L. dazu getrieben, einen Brand zu legen? Im Gerichtssaal wurde heute klar, dass sie die Hausbesitzerin, Christine Habegger, dazu bringen wollte, aus Sehlnau wegzuziehen und ihr Haus zu verkaufen. Der Vater der T\u00e4terin leidet an Demenz und ihm wurde die Wohnung gek\u00fcndigt. Er h\u00e4tte also mit Demenz aus Sehlnau, aus dem Dorf, wo er sein ganzes Leben verbracht hatte, wegziehen m\u00fcssen. Dies wollte seine Tochter verhindern.<\/p>\r\n\r\n    <p><strong>Moderator:<\/strong> Das verstehe ich nicht. Sie hat ein Haus angez\u00fcndet, das sie selber kaufen wollte?<\/p>\r\n\r\n    <p><strong>Korrespondentin:<\/strong> Ja und Nein. Es fing zun\u00e4chst mit weniger gravierenden Drohungen an, z.&nbsp;B. n\u00e4chtliche Anrufe oder Drohbriefe. Als diese nichts brachten, griff Yolanda L. zu immer drastischeren Mitteln, zuletzt legte sie den Brand. Tats\u00e4chlich wurde aber nicht das Haus angez\u00fcndet, sondern lediglich ein M\u00fcllhaufen in der N\u00e4he des Hauses. L. wusste, dass dieser nicht gut brennt. Sie hatte nicht das Ziel, das Haus niederzubrennen, sondern wollte der Hausbesitzerin lediglich Angst machen.<\/p>\r\n\r\n    <p><strong>Moderator:<\/strong> Welche Beweise f\u00fchrten nun zum Urteil?<\/p>\r\n\r\n    <p><strong>Korrespondentin:<\/strong> Handfeste Beweise gab es nicht, daf\u00fcr aber viele Indizien. Zum Beispiel: Mobilfunkdaten. Sie zeigen, dass sich die Beschuldigte mit einem Firmenhandy in Tatortn\u00e4he im Dorfzentrum aufgehalten hatte. Und zwar ungef\u00e4hr 30 Minuten lang. Daf\u00fcr hatte die Beschuldigte keine Erkl\u00e4rung. Sie hatte erst abgestritten, dass es sich um ihre Nummer handelte \u2013 es ging ja wie gesagt um ein Firmentelefon. Eine Audioaufnahme einer Ermittlerin vor Ort bewies jedoch, dass sie im Namen der Firma Bestellungen entgegennahm und somit das Firmentelefon immer bei sich trug.<\/p>\r\n\r\n    <p><strong>Moderator:<\/strong> Gab es weitere Indizien?<\/p>\r\n\r\n    <p><strong>Korrespondentin:<\/strong> Ja, viel Bedeutung kam einer \u00dcberwachungskamera-Aufnahme zu, die zeigt, dass die Beschuldigte im Nachbardorf 2 Liter Brennspiritus gekauft hatte. Dieser war als Brandbeschleuniger benutzt worden. Und: Die Ermittler konnten L. nachweisen, dass sie bei ihrer Alibiaussage gelogen hatte.<\/p>\r\n\r\n    <p><strong>Moderator:<\/strong> Wie das?<\/p>\r\n\r\n    <p><strong>Korrespondentin:<\/strong> Yolanda L. hatte behauptet, die Sendung \u201eMeine neue Heimat\u201c im Fernsehen gesehen zu haben. Aber: Die Sendung lief am Tattag gar nicht. Sie war einen Monat fr\u00fcher abgesetzt worden. Die Ermittler hatten dies zun\u00e4chst \u00fcbersehen, bemerkten ihren Fehler aber dank eines Leserbriefes in der Regionalzeitung.<\/p>\r\n\r\n    <p><strong>Moderator:<\/strong> Kannst du uns mehr \u00fcber die Drohungen erz\u00e4hlen?<\/p>\r\n\r\n    <p><strong>Korrespondentin:<\/strong> Christine Habegger hatte diese akribisch dokumentiert. Zum Beispiel wurde Habeggers H\u00fcndin mit Schlafmittel vergiftet \u2013 und im M\u00fcll der Familie L. fanden die Ermittler genau das: Schlafmittel. Zudem wurde eine Hassbotschaft an die Hauswand gespr\u00fcht \u2013 genau in der gleichen Farbe, in der Yolanda L. ein Schild f\u00fcr ihr Unternehmen bespr\u00fcht hatte. Dies zeigten Bilder auf der Firmenwebsite. Aufschlussreich war zudem ein Kalenderblatt, das im M\u00fcll von L.\u2019s Gesch\u00e4ftspartner gefunden wurde. Es zeigt, dass immer dann Drohungen gegen Frau Habegger erfolgten, als Yolanda L., die in Norikon wohnt, sich in Sehlnau aufhielt.<\/p>\r\n\r\n    <p><strong>Moderator:<\/strong> Auch Yolanda L.s Gesch\u00e4ftspartner, Adrian R., stand unter Verdacht. Konnte er als Mitt\u00e4ter ausgeschlossen werden?<\/p>\r\n\r\n    <p><strong>Korrespondentin:<\/strong> Nicht abschlie\u00dfend. Es ist durchaus m\u00f6glich, dass er von der Tat wusste oder sogar selber beteiligt war. Angeklagt wurde er jedoch nicht. Laut der Staatsanwaltschaft gibt es keine Beweise daf\u00fcr, dass er beteiligt war.<\/p>\r\n\r\n    <p><strong>Moderator:<\/strong> Lange war ja unklar, wie der Brand in Sehlnau gel\u00f6scht wurde. Kannst du dazu mehr sagen?<\/p>\r\n\r\n    <p><strong>Korrespondentin:<\/strong> Als Zeugin wurde heute eine junge Frau befragt, die zugab, den Brand gel\u00f6scht zu haben. Auch sie konnte dank den Mobilfunkdaten \u00fcberf\u00fchrt werden. Sie hatte n\u00e4mlich angegeben, sie sei ins Nachbardorf Saanenr\u00fcti ins Kino gefahren. Die Mobilfunkdaten zeigten jedoch, dass sie sich im anderen Dorfteil Richtung Hofkirchen aufgehalten hatte.<\/p>\r\n\r\n    <p><strong>Moderator:<\/strong> Ach, und was hat sie dort gemacht?<\/p>\r\n\r\n    <p><strong>Korrespondentin:<\/strong> Nun, sie hatte ein romantisches Verh\u00e4ltnis mit einem verheirateten Mann, der dort wohnt. Auf dem R\u00fcckweg nach Hause hat sie das Feuer entdeckt und gel\u00f6scht. Sie hat dies jedoch verschwiegen, weil sie sonst ihrem Mann h\u00e4tte erkl\u00e4ren m\u00fcssen, warum sie nicht aus Saanenr\u00fcti nach Hause kam, sondern aus der entgegengesetzten Richtung.<\/p>\r\n\r\n    <p><strong>Moderator:<\/strong> Stimmen die Ger\u00fcchte, dass die Polizei gegen eine weitere Person aus Sehlnau ermittelt?<\/p>\r\n\r\n    <p><strong>Korrespondentin:<\/strong> Ja, Doris B. wird vorgeworfen, sie habe nachts heimlich Fotos von ihren Nachbarn gemacht. Die Ermittler kamen ihr auf die Spur, weil sie Negative der Bilder in den M\u00fcll geworfen hatte. Im gleichen M\u00fcll hat man auch eine Farbpalette und einen Pinsel gefunden. Dies f\u00fchrte die Ermittler zu Doris B., die gerne malt und unter anderem auf der Website der Gemeinde Sehlnau Aquarellbilder zeigt.<\/p>\r\n\r\n    <p><strong>Moderator:<\/strong> Letzte Frage \u2013 was wird nun aus dem Haus, das Christine Habegger bewohnte?<\/p>\r\n\r\n    <p><strong>Korrespondentin:<\/strong> Das Haus wird zu einem Heim f\u00fcr Tiere, die ausgesetzt wurden. Das hat Christine Habegger bekannt gegeben. Sie hat das Haus zu einem g\u00fcnstigen Preis an die Betreiber des Heims verkauft. Leider gibt es auch dagegen Kritik. Die Kommission \u201eSauberes Sehlnau\u201c bef\u00fcrchtet \u2013 ich zitiere \u2013 \u201e\u00fcberm\u00e4\u00dfige L\u00e4rmbelastung durch Gebelle und Geruchsemissionen durch Kot und alte Ziegenb\u00f6cke\u201c.<\/p>\r\n\r\n    <p><strong>Moderator:<\/strong> Vielen Dank f\u00fcr die Ausf\u00fchrungen, Michelle Rytz.<\/p>\r\n\r\n\r\n  <\/div>\r\n\r\n  <!-- UNTERER BUTTON -->\r\n  <span class=\"readmore-toggle\" style=\"    cursor: pointer;    display: inline-block;    margin-top: 10px;    color: #F5F5F5;      font-weight: 700; \/* echtes Roboto Bold *\/    text-decoration: underline;  \">\r\n    Transkript f\u00fcr Menschen ohne Geh\u00f6r\r\n  <\/span>\r\n<\/div>\r\n\r\n<script>\r\ndocument.addEventListener(\"DOMContentLoaded\", function() {\r\n  document.querySelectorAll(\".readmore-toggle\").forEach(function(btn) {\r\n\r\n    btn.addEventListener(\"click\", function() {\r\n      const box = btn.closest(\".readmore-box\");\r\n      const text = box.querySelector(\".readmore-text\");\r\n      const toggles = box.querySelectorAll(\".readmore-toggle\");\r\n\r\n      if (!box.classList.contains(\"open\")) {\r\n        text.style.maxHeight = \"3000px\";\r\n        toggles.forEach(t => t.textContent = \"Weniger anzeigen\");\r\n        box.classList.add(\"open\");\r\n      } else {\r\n        text.style.maxHeight = \"0\";\r\n        toggles.forEach(t => t.textContent = \"Hier klicken\");\r\n        box.classList.remove(\"open\");\r\n      }\r\n    });\r\n\r\n  });\r\n});\r\n<\/script>\r\n\t\t\t\t<\/div>\n\t\t\t\t<div class=\"elementor-element elementor-element-b2ac55f elementor-widget elementor-widget-spacer\" data-id=\"b2ac55f\" data-element_type=\"widget\" data-e-type=\"widget\" data-widget_type=\"spacer.default\">\n\t\t\t\t\t\t\t<div class=\"elementor-spacer\">\n\t\t\t<div class=\"elementor-spacer-inner\"><\/div>\n\t\t<\/div>\n\t\t\t\t\t\t<\/div>\n\t\t\t\t\t<\/div>\n\t\t<\/div>\n\t\t\t\t<div class=\"elementor-column elementor-col-33 elementor-top-column elementor-element elementor-element-1c6c105\" data-id=\"1c6c105\" data-element_type=\"column\" data-e-type=\"column\">\n\t\t\t<div class=\"elementor-widget-wrap elementor-element-populated\">\n\t\t\t\t\t\t<div class=\"elementor-element elementor-element-4034242 elementor-widget elementor-widget-spacer\" data-id=\"4034242\" data-element_type=\"widget\" data-e-type=\"widget\" data-widget_type=\"spacer.default\">\n\t\t\t\t\t\t\t<div class=\"elementor-spacer\">\n\t\t\t<div class=\"elementor-spacer-inner\"><\/div>\n\t\t<\/div>\n\t\t\t\t\t\t<\/div>\n\t\t\t\t<div class=\"elementor-element elementor-element-b38075d elementor-align-left elementor-widget elementor-widget-button\" data-id=\"b38075d\" data-element_type=\"widget\" data-e-type=\"widget\" data-widget_type=\"button.default\">\n\t\t\t\t\t\t\t\t\t\t<a class=\"elementor-button elementor-button-link elementor-size-sm\" href=\"https:\/\/magnificum.net\/wp-content\/uploads\/Urkunden_magnificum_Brand_col.pdf\" target=\"_blank\">\n\t\t\t\t\t\t<span class=\"elementor-button-content-wrapper\">\n\t\t\t\t\t\t\t\t\t<span class=\"elementor-button-text\">Urkunde herunterladen<\/span>\n\t\t\t\t\t<\/span>\n\t\t\t\t\t<\/a>\n\t\t\t\t\t\t\t\t<\/div>\n\t\t\t\t<div class=\"elementor-element elementor-element-4fbed20 elementor-widget elementor-widget-spacer\" data-id=\"4fbed20\" data-element_type=\"widget\" data-e-type=\"widget\" data-widget_type=\"spacer.default\">\n\t\t\t\t\t\t\t<div class=\"elementor-spacer\">\n\t\t\t<div class=\"elementor-spacer-inner\"><\/div>\n\t\t<\/div>\n\t\t\t\t\t\t<\/div>\n\t\t\t\t<div class=\"elementor-element elementor-element-058ce1b elementor-align-left elementor-widget elementor-widget-button\" data-id=\"058ce1b\" data-element_type=\"widget\" data-e-type=\"widget\" data-widget_type=\"button.default\">\n\t\t\t\t\t\t\t\t\t\t<a class=\"elementor-button elementor-button-link elementor-size-sm\" href=\"https:\/\/magnificum.net\/wp-content\/uploads\/Urkunden_magnificum_Brand_bw.pdf\" target=\"_blank\">\n\t\t\t\t\t\t<span class=\"elementor-button-content-wrapper\">\n\t\t\t\t\t\t\t\t\t<span class=\"elementor-button-text\">Urkunde s\/w herunterladen<\/span>\n\t\t\t\t\t<\/span>\n\t\t\t\t\t<\/a>\n\t\t\t\t\t\t\t\t<\/div>\n\t\t\t\t<div class=\"elementor-element elementor-element-e309f36 elementor-widget elementor-widget-text-editor\" data-id=\"e309f36\" data-element_type=\"widget\" data-e-type=\"widget\" data-widget_type=\"text-editor.default\">\n\t\t\t\t\t\t\t\t\t<p>Hat dir das Spiel gefallen? Dann hilf uns mit einer kurzen Rezension!<\/p>\t\t\t\t\t\t\t\t<\/div>\n\t\t\t\t<div class=\"elementor-element elementor-element-a8145b1 elementor-widget__width-initial elementor-widget elementor-widget-shortcode\" data-id=\"a8145b1\" data-element_type=\"widget\" data-e-type=\"widget\" data-widget_type=\"shortcode.default\">\n\t\t\t\t\t\t\t<div class=\"elementor-shortcode\"><a href=\"https:\/\/magnificum.net\/en\/product\/der-brand-ein-dorf-und-seine-geheimnisse\/#review_form\">     Neue Rezension schreiben <\/a><\/div>\n\t\t\t\t\t\t<\/div>\n\t\t\t\t<div class=\"elementor-element elementor-element-0cd4c1a elementor-widget elementor-widget-spacer\" data-id=\"0cd4c1a\" data-element_type=\"widget\" data-e-type=\"widget\" data-widget_type=\"spacer.default\">\n\t\t\t\t\t\t\t<div class=\"elementor-spacer\">\n\t\t\t<div class=\"elementor-spacer-inner\"><\/div>\n\t\t<\/div>\n\t\t\t\t\t\t<\/div>\n\t\t\t\t\t<\/div>\n\t\t<\/div>\n\t\t\t\t\t<\/div>\n\t\t<\/section>\n\t\t\t\t<section class=\"elementor-section elementor-top-section elementor-element elementor-element-24ed261 elementor-section-boxed elementor-section-height-default elementor-section-height-default\" data-id=\"24ed261\" data-element_type=\"section\" data-e-type=\"section\">\n\t\t\t\t\t\t<div class=\"elementor-container elementor-column-gap-default\">\n\t\t\t\t\t<div class=\"elementor-column elementor-col-100 elementor-top-column elementor-element elementor-element-80357c3\" data-id=\"80357c3\" data-element_type=\"column\" data-e-type=\"column\">\n\t\t\t<div class=\"elementor-widget-wrap elementor-element-populated\">\n\t\t\t\t\t\t<div class=\"elementor-element elementor-element-c3da73a elementor-widget elementor-widget-spacer\" data-id=\"c3da73a\" data-element_type=\"widget\" data-e-type=\"widget\" data-widget_type=\"spacer.default\">\n\t\t\t\t\t\t\t<div class=\"elementor-spacer\">\n\t\t\t<div class=\"elementor-spacer-inner\"><\/div>\n\t\t<\/div>\n\t\t\t\t\t\t<\/div>\n\t\t\t\t\t<\/div>\n\t\t<\/div>\n\t\t\t\t\t<\/div>\n\t\t<\/section>\n\t\t\t\t<section class=\"elementor-section elementor-top-section elementor-element elementor-element-6112ba22 elementor-section-boxed elementor-section-height-default elementor-section-height-default\" data-id=\"6112ba22\" data-element_type=\"section\" data-e-type=\"section\">\n\t\t\t\t\t\t<div class=\"elementor-container elementor-column-gap-default\">\n\t\t\t\t\t<div class=\"elementor-column elementor-col-100 elementor-top-column elementor-element elementor-element-269564c9\" data-id=\"269564c9\" data-element_type=\"column\" data-e-type=\"column\">\n\t\t\t<div class=\"elementor-widget-wrap elementor-element-populated\">\n\t\t\t\t\t\t<div class=\"elementor-element elementor-element-607c911 elementor-widget elementor-widget-spacer\" data-id=\"607c911\" data-element_type=\"widget\" data-e-type=\"widget\" data-widget_type=\"spacer.default\">\n\t\t\t\t\t\t\t<div class=\"elementor-spacer\">\n\t\t\t<div class=\"elementor-spacer-inner\"><\/div>\n\t\t<\/div>\n\t\t\t\t\t\t<\/div>\n\t\t\t\t\t<\/div>\n\t\t<\/div>\n\t\t\t\t\t<\/div>\n\t\t<\/section>\n\t\t\t\t<section class=\"elementor-section elementor-top-section elementor-element elementor-element-6e819f8 elementor-section-boxed elementor-section-height-default elementor-section-height-default\" data-id=\"6e819f8\" data-element_type=\"section\" data-e-type=\"section\">\n\t\t\t\t\t\t<div class=\"elementor-container elementor-column-gap-default\">\n\t\t\t\t\t<div class=\"elementor-column elementor-col-100 elementor-top-column elementor-element elementor-element-8232ac5\" data-id=\"8232ac5\" data-element_type=\"column\" data-e-type=\"column\">\n\t\t\t<div class=\"elementor-widget-wrap elementor-element-populated\">\n\t\t\t\t\t\t<div class=\"elementor-element elementor-element-b8c594a elementor-widget elementor-widget-text-editor\" data-id=\"b8c594a\" data-element_type=\"widget\" data-e-type=\"widget\" data-widget_type=\"text-editor.default\">\n\t\t\t\t\t\t\t\t\t<p style=\"text-align: center;\" class=\"translation-block\"><span style=\"color: #ffffff\"><strong><a style=\"color: #ffffff\" href=\"\/en\/datenschutz\" target=\"_self\">DATA PROTECTION<\/a>\u00a0 |\u00a0 <a style=\"color: #ffffff\" href=\"\/en\/impressum\" target=\"_self\">ILEGAL NOTICE<\/a><\/strong><\/span><\/p>\t\t\t\t\t\t\t\t<\/div>\n\t\t\t\t\t<\/div>\n\t\t<\/div>\n\t\t\t\t\t<\/div>\n\t\t<\/section>\n\t\t\t\t<\/div>","protected":false},"excerpt":{"rendered":"<p>GRATULATION H\u00f6rt euch das gro\u00dfes Finale an! Weniger anzeigen Jingle: Radio Norikon, das sind die Nachrichten Moderator: Die Brandstifterin von Sehlnau wurde heute verurteilt, und zwar wegen Brandstiftung, Drohung, Sachbesch\u00e4digung und Verstoss gegen das Tierschutzgesetz. Wir schalten nun live zu unserer Korrespondentin, Michelle Rytz, ins Regionalgericht. Michelle, was kannst du uns zum Motiv der T\u00e4terin [&hellip;]<\/p>\n","protected":false},"author":1,"featured_media":0,"parent":0,"menu_order":0,"comment_status":"closed","ping_status":"closed","template":"elementor_canvas","meta":{"footnotes":""},"class_list":["post-22285","page","type-page","status-publish","hentry"],"_links":{"self":[{"href":"https:\/\/magnificum.net\/en\/wp-json\/wp\/v2\/pages\/22285","targetHints":{"allow":["GET"]}}],"collection":[{"href":"https:\/\/magnificum.net\/en\/wp-json\/wp\/v2\/pages"}],"about":[{"href":"https:\/\/magnificum.net\/en\/wp-json\/wp\/v2\/types\/page"}],"author":[{"embeddable":true,"href":"https:\/\/magnificum.net\/en\/wp-json\/wp\/v2\/users\/1"}],"replies":[{"embeddable":true,"href":"https:\/\/magnificum.net\/en\/wp-json\/wp\/v2\/comments?post=22285"}],"version-history":[{"count":0,"href":"https:\/\/magnificum.net\/en\/wp-json\/wp\/v2\/pages\/22285\/revisions"}],"wp:attachment":[{"href":"https:\/\/magnificum.net\/en\/wp-json\/wp\/v2\/media?parent=22285"}],"curies":[{"name":"wp","href":"https:\/\/api.w.org\/{rel}","templated":true}]}}