{"id":22300,"date":"2021-01-26T23:45:06","date_gmt":"2021-01-26T23:45:06","guid":{"rendered":"http:\/\/enterprism.net\/?page_id=22300"},"modified":"2026-01-06T12:50:41","modified_gmt":"2026-01-06T12:50:41","slug":"fg-outro","status":"publish","type":"page","link":"https:\/\/magnificum.net\/en\/fg-outro\/","title":{"rendered":"Familiengeheimniss &#8211; Outro + Urkunden"},"content":{"rendered":"\t\t<div data-elementor-type=\"wp-page\" data-elementor-id=\"22300\" class=\"elementor elementor-22300\">\n\t\t\t\t\t\t<section class=\"elementor-section elementor-top-section elementor-element elementor-element-79a30289 elementor-section-boxed elementor-section-height-default elementor-section-height-default\" data-id=\"79a30289\" data-element_type=\"section\" data-e-type=\"section\">\n\t\t\t\t\t\t<div class=\"elementor-container elementor-column-gap-default\">\n\t\t\t\t\t<div class=\"elementor-column elementor-col-100 elementor-top-column elementor-element elementor-element-48c3d9e1\" data-id=\"48c3d9e1\" data-element_type=\"column\" data-e-type=\"column\">\n\t\t\t<div class=\"elementor-widget-wrap elementor-element-populated\">\n\t\t\t\t\t\t<div class=\"elementor-element elementor-element-555033da elementor-widget elementor-widget-spacer\" data-id=\"555033da\" data-element_type=\"widget\" data-e-type=\"widget\" data-widget_type=\"spacer.default\">\n\t\t\t\t\t\t\t<div class=\"elementor-spacer\">\n\t\t\t<div class=\"elementor-spacer-inner\"><\/div>\n\t\t<\/div>\n\t\t\t\t\t\t<\/div>\n\t\t\t\t<div class=\"elementor-element elementor-element-d199c3f elementor-widget elementor-widget-heading\" data-id=\"d199c3f\" data-element_type=\"widget\" data-e-type=\"widget\" data-widget_type=\"heading.default\">\n\t\t\t\t\t<h2 class=\"elementor-heading-title elementor-size-default\">GRATULATION<\/h2>\t\t\t\t<\/div>\n\t\t\t\t<div class=\"elementor-element elementor-element-803b8fb elementor-widget elementor-widget-spacer\" data-id=\"803b8fb\" data-element_type=\"widget\" data-e-type=\"widget\" data-widget_type=\"spacer.default\">\n\t\t\t\t\t\t\t<div class=\"elementor-spacer\">\n\t\t\t<div class=\"elementor-spacer-inner\"><\/div>\n\t\t<\/div>\n\t\t\t\t\t\t<\/div>\n\t\t\t\t\t<\/div>\n\t\t<\/div>\n\t\t\t\t\t<\/div>\n\t\t<\/section>\n\t\t\t\t<section class=\"elementor-section elementor-top-section elementor-element elementor-element-00bc7ab elementor-section-boxed elementor-section-height-default elementor-section-height-default\" data-id=\"00bc7ab\" data-element_type=\"section\" data-e-type=\"section\">\n\t\t\t\t\t\t<div class=\"elementor-container elementor-column-gap-default\">\n\t\t\t\t\t<div class=\"elementor-column elementor-col-66 elementor-top-column elementor-element elementor-element-346cda8\" data-id=\"346cda8\" data-element_type=\"column\" data-e-type=\"column\" data-settings=\"{&quot;background_background&quot;:&quot;classic&quot;}\">\n\t\t\t<div class=\"elementor-widget-wrap elementor-element-populated\">\n\t\t\t\t\t\t<div class=\"elementor-element elementor-element-e2ff4ec elementor-widget elementor-widget-heading\" data-id=\"e2ff4ec\" data-element_type=\"widget\" data-e-type=\"widget\" data-widget_type=\"heading.default\">\n\t\t\t\t\t<h2 class=\"elementor-heading-title elementor-size-default\"> H\u00f6rt euch das gro\u00dfes Finale  an!<\/h2>\t\t\t\t<\/div>\n\t\t\t\t<div class=\"elementor-element elementor-element-b76a7d0 elementor-widget__width-initial elementor-widget-mobile__width-initial elementor-widget elementor-widget-wp-widget-media_audio\" data-id=\"b76a7d0\" data-element_type=\"widget\" data-e-type=\"widget\" data-widget_type=\"wp-widget-media_audio.default\">\n\t\t\t\t<div class=\"elementor-widget-container\">\n\t\t\t\t\t<audio class=\"wp-audio-shortcode\" id=\"audio-22300-1\" preload=\"none\" style=\"width: 100%;\" controls=\"controls\"><source type=\"audio\/mpeg\" src=\"https:\/\/magnificum.net\/wp-content\/uploads\/2025\/12\/Outro-FG.mp3?_=1\" \/><source type=\"audio\/mpeg\" src=\"https:\/\/magnificum.net\/wp-content\/uploads\/2025\/12\/Outro-FG.mp3?_=1\" \/><a href=\"https:\/\/magnificum.net\/wp-content\/uploads\/2025\/12\/Outro-FG.mp3\">https:\/\/magnificum.net\/wp-content\/uploads\/2025\/12\/Outro-FG.mp3<\/a><\/audio>\t\t\t\t<\/div>\n\t\t\t\t<\/div>\n\t\t\t\t<div class=\"elementor-element elementor-element-73d7440 elementor-widget__width-initial elementor-widget elementor-widget-html\" data-id=\"73d7440\" data-element_type=\"widget\" data-e-type=\"widget\" data-widget_type=\"html.default\">\n\t\t\t\t\t<!-- Roboto einbinden -->\r\n<link href=\"https:\/\/fonts.googleapis.com\/css2?family=Roboto:ital,wght@0,300;0,400;0,500;0,700;1,400&display=swap\" rel=\"stylesheet\">\r\n\r\n<div class=\"readmore-box\" style=\"\r\n  position: relative;\r\n  max-width: 800px;\r\n  font-family: 'Roboto', sans-serif;\r\n  line-height: 1.5;\r\n  color:#F5F5F5;\r\n\">\r\n\r\n  <!-- VERSTECKTER TEXT -->\r\n  <div class=\"readmore-text\" style=\"\r\n    max-height: 0;\r\n    overflow: hidden;\r\n    transition: max-height 0.35s ease;\r\n  \">\r\n\r\n    <!-- OBERER ZUKLAPP-BUTTON -->\r\n    <p>\r\n      <span class=\"readmore-toggle\" style=\"\r\n        cursor: pointer;\r\n        font-weight: bold;\r\n        color:#F5F5F5;\r\n        text-decoration: underline;\r\n      \">\r\n        Weniger anzeigen\r\n      <\/span>\r\n      <\/p>\r\n\r\n    <p>[Musik l\u00e4uft im Hintergrund]<\/p>\r\n\r\n    <p>Das Anwesen Chalet C\u0153ur de Neige wurde am Samstag, den 3. August 2024, zum Schauplatz eines doppelten Mordes. Ein ersch\u00fctterndes Zeugnis daf\u00fcr, wie tief vergrabene Familiengeheimnisse und die Last jugendlichen Leichtsinns \u00fcber Jahrzehnte hinweg eine zerst\u00f6rerische Kraft entfalten k\u00f6nnen. Die Ermittlungen enth\u00fcllten nicht nur die T\u00e4ter, sondern auch die tiefe menschliche Tragik hinter den Ereignissen.<\/p>\r\n\r\n    <p>Die Wurzeln jenes Verh\u00e4ngnisses reichen Jahrzehnte zur\u00fcck. Zu einer L\u00fcge im Jahre 1996. Damals stahlen die noch jugendlichen Geschwister Louis und Chlo\u00e9 Bouchard eine wertvolle Brosche. Um den Diebstahl zu vertuschen, schoben sie die Schuld der damaligen Haush\u00e4lterin Juliette Garcia in die Schuhe. Diese L\u00fcge f\u00fchrte indirekt zum tragischen Unfalltod Juliettes.<\/p>\r\n\r\n    <p>Diese hinterlie\u00df ihre trauernde Tochter Angelina Garcia. Dieses erdr\u00fcckende gemeinsame Geheimnis, die Mitverantwortung f\u00fcr den Tod eines Menschen, hing \u00fcber Louis und Chlo\u00e9 wie ein Damoklesschwert.<\/p>\r\n\r\n    <p>Die Ermittler kamen dieser Trag\u00f6die durch Zeitungsartikel und in einem Buch versteckte Koordinaten auf die Spur. In Chlo\u00e9s Erinnerungskiste, tief im Wald versteckt, fanden sie schlie\u00dflich auch physische Beweise: die Quittung der Pfandleihe und das gestohlene Schmuckst\u00fcck selbst. Die Schuld war tief vergraben, doch die Vergangenheit kehrte zur\u00fcck.<\/p>\r\n\r\n    <p>Um herauszufinden, wer f\u00fcr den Tod ihrer Mutter verantwortlich war, inszenierte Angelina Garcia eine gut durchdachte T\u00e4uschung. Sie reiste als Marie Moreau zum j\u00e4hrlichen Familienfest an \u2013 die angebliche Verlobte von Philippe Bouchard, der seit Jahren keinen Kontakt mehr zu seiner Familie gepflegt hatte.<\/p>\r\n\r\n    <p>Mit einem Brief an Aur\u00e9lie, in welchem sie um Hilfe bei der Familienvers\u00f6hnung bat, brachte sie den Stein ins Rollen. Die sehr vertraulich wirkenden Details aus Philippes Kindheit, die im Brief erw\u00e4hnt wurden, waren kein Zufall. Schlie\u00dflich hatte Angelina als Kind im Haushalt gelebt.<\/p>\r\n\r\n    <p>Das beigef\u00fcgte Paarfoto, das ihre Beziehung belegen sollte, erwies sich als F\u00e4lschung. Das Originalfoto, das Philippe mit einer anderen Frau zeigt, konnten die Ermittler auf der Webseite von Wildlife Rescue sicherstellen.<\/p>\r\n\r\n    <p>Angelinas Mission war es, die L\u00fcgen der Bouchard aufzudecken, die Familie leiden zu lassen oder gar zu vernichten. Ihre anonymen Drohschreiben \u2013 \u201eIch kenne dein Geheimnis und bald wird es jeder erfahren\u201c \u2013, die bereits in der Nacht vor den Morden mehrere Familienmitglieder erhielten, waren ihr Auftakt.<\/p>\r\n\r\n    <p>Angelina beobachtete von nun an die Bewohner sehr genau. Die n\u00e4chtlichen Bewegungen, erfasst durch das Smart-Home-System, zeichnen ein klares Bild von Angelinas strategischem Vorgehen.<\/p>\r\n\r\n    <p>[mysteri\u00f6se Musik]<\/p>\r\n\r\n    <p>Der Fall um die zwei Morde im Chalet C\u0153ur de Neige ist jedenfalls gel\u00f6st. Die Akte kann geschlossen werden.<\/p>\r\n  <\/div>\r\n\r\n  <!-- UNTERER BUTTON -->\r\n  <span class=\"readmore-toggle\" style=\"\r\n    cursor: pointer;\r\n    display: inline-block;\r\n    margin-top: 10px;\r\n    color: #F5F5F5;\r\n      font-weight: 700; \/* echtes Roboto Bold *\/\r\n    text-decoration: underline;\r\n  \">\r\n    Transkript f\u00fcr Menschen ohne Geh\u00f6r\r\n  <\/span>\r\n<\/div>\r\n\r\n<script>\r\ndocument.addEventListener(\"DOMContentLoaded\", function() {\r\n  document.querySelectorAll(\".readmore-toggle\").forEach(function(btn) {\r\n\r\n    btn.addEventListener(\"click\", function() {\r\n      const box = btn.closest(\".readmore-box\");\r\n      const text = box.querySelector(\".readmore-text\");\r\n      const toggles = box.querySelectorAll(\".readmore-toggle\");\r\n\r\n      if (!box.classList.contains(\"open\")) {\r\n        text.style.maxHeight = \"3000px\";\r\n        toggles.forEach(t => t.textContent = \"Weniger anzeigen\");\r\n        box.classList.add(\"open\");\r\n      } else {\r\n        text.style.maxHeight = \"0\";\r\n        toggles.forEach(t => t.textContent = \"Hier klicken\");\r\n        box.classList.remove(\"open\");\r\n      }\r\n    });\r\n\r\n  });\r\n});\r\n<\/script>\r\n\t\t\t\t<\/div>\n\t\t\t\t<div class=\"elementor-element elementor-element-b2ac55f elementor-widget elementor-widget-spacer\" data-id=\"b2ac55f\" data-element_type=\"widget\" data-e-type=\"widget\" data-widget_type=\"spacer.default\">\n\t\t\t\t\t\t\t<div class=\"elementor-spacer\">\n\t\t\t<div class=\"elementor-spacer-inner\"><\/div>\n\t\t<\/div>\n\t\t\t\t\t\t<\/div>\n\t\t\t\t\t<\/div>\n\t\t<\/div>\n\t\t\t\t<div class=\"elementor-column elementor-col-33 elementor-top-column elementor-element elementor-element-1c6c105\" data-id=\"1c6c105\" data-element_type=\"column\" data-e-type=\"column\">\n\t\t\t<div class=\"elementor-widget-wrap elementor-element-populated\">\n\t\t\t\t\t\t<div class=\"elementor-element elementor-element-0e2ba18 elementor-widget elementor-widget-spacer\" data-id=\"0e2ba18\" data-element_type=\"widget\" data-e-type=\"widget\" data-widget_type=\"spacer.default\">\n\t\t\t\t\t\t\t<div class=\"elementor-spacer\">\n\t\t\t<div class=\"elementor-spacer-inner\"><\/div>\n\t\t<\/div>\n\t\t\t\t\t\t<\/div>\n\t\t\t\t<div class=\"elementor-element elementor-element-26223aa elementor-align-center elementor-widget elementor-widget-button\" data-id=\"26223aa\" data-element_type=\"widget\" data-e-type=\"widget\" data-widget_type=\"button.default\">\n\t\t\t\t\t\t\t\t\t\t<a class=\"elementor-button elementor-button-link elementor-size-sm\" href=\"https:\/\/magnificum.net\/wp-content\/uploads\/Urkunden_magnificum_Familiengeheimnis_col.pdf\" target=\"_blank\">\n\t\t\t\t\t\t<span class=\"elementor-button-content-wrapper\">\n\t\t\t\t\t\t\t\t\t<span class=\"elementor-button-text\">Urkunde herunterladen<\/span>\n\t\t\t\t\t<\/span>\n\t\t\t\t\t<\/a>\n\t\t\t\t\t\t\t\t<\/div>\n\t\t\t\t<div class=\"elementor-element elementor-element-105439b elementor-widget elementor-widget-spacer\" data-id=\"105439b\" data-element_type=\"widget\" data-e-type=\"widget\" data-widget_type=\"spacer.default\">\n\t\t\t\t\t\t\t<div class=\"elementor-spacer\">\n\t\t\t<div class=\"elementor-spacer-inner\"><\/div>\n\t\t<\/div>\n\t\t\t\t\t\t<\/div>\n\t\t\t\t<div class=\"elementor-element elementor-element-e8a07db elementor-align-center elementor-widget elementor-widget-button\" data-id=\"e8a07db\" data-element_type=\"widget\" data-e-type=\"widget\" data-widget_type=\"button.default\">\n\t\t\t\t\t\t\t\t\t\t<a class=\"elementor-button elementor-button-link elementor-size-sm\" href=\"https:\/\/magnificum.net\/wp-content\/uploads\/Urkunden_magnificum_Familiengeheimnis_bw.pdf\" target=\"_blank\">\n\t\t\t\t\t\t<span class=\"elementor-button-content-wrapper\">\n\t\t\t\t\t\t\t\t\t<span class=\"elementor-button-text\">Urkunde s\/w herunterladen<\/span>\n\t\t\t\t\t<\/span>\n\t\t\t\t\t<\/a>\n\t\t\t\t\t\t\t\t<\/div>\n\t\t\t\t\t<\/div>\n\t\t<\/div>\n\t\t\t\t\t<\/div>\n\t\t<\/section>\n\t\t\t\t<section class=\"elementor-section elementor-top-section elementor-element elementor-element-24ed261 elementor-section-boxed elementor-section-height-default elementor-section-height-default\" data-id=\"24ed261\" data-element_type=\"section\" data-e-type=\"section\">\n\t\t\t\t\t\t<div class=\"elementor-container elementor-column-gap-default\">\n\t\t\t\t\t<div class=\"elementor-column elementor-col-100 elementor-top-column elementor-element elementor-element-80357c3\" data-id=\"80357c3\" data-element_type=\"column\" data-e-type=\"column\">\n\t\t\t<div class=\"elementor-widget-wrap elementor-element-populated\">\n\t\t\t\t\t\t<div class=\"elementor-element elementor-element-c3da73a elementor-widget elementor-widget-spacer\" data-id=\"c3da73a\" data-element_type=\"widget\" data-e-type=\"widget\" data-widget_type=\"spacer.default\">\n\t\t\t\t\t\t\t<div class=\"elementor-spacer\">\n\t\t\t<div class=\"elementor-spacer-inner\"><\/div>\n\t\t<\/div>\n\t\t\t\t\t\t<\/div>\n\t\t\t\t<div class=\"elementor-element elementor-element-7b0c3e5 elementor-widget elementor-widget-text-editor\" data-id=\"7b0c3e5\" data-element_type=\"widget\" data-e-type=\"widget\" data-widget_type=\"text-editor.default\">\n\t\t\t\t\t\t\t\t\t<p>Hat dir das Spiel gefallen? Dann hilf uns mit einer kurzen Rezension!<\/p>\t\t\t\t\t\t\t\t<\/div>\n\t\t\t\t<div class=\"elementor-element elementor-element-2cec9f9 elementor-widget__width-initial elementor-widget elementor-widget-shortcode\" data-id=\"2cec9f9\" data-element_type=\"widget\" data-e-type=\"widget\" data-widget_type=\"shortcode.default\">\n\t\t\t\t\t\t\t<div class=\"elementor-shortcode\"><a href=\"https:\/\/magnificum.net\/produkt\/das-familiengeheimnis-zwei-tote-im-hause-bouchard#review_form\">     Neue Rezension schreiben <\/a><\/div>\n\t\t\t\t\t\t<\/div>\n\t\t\t\t\t<\/div>\n\t\t<\/div>\n\t\t\t\t\t<\/div>\n\t\t<\/section>\n\t\t\t\t<section class=\"elementor-section elementor-top-section elementor-element elementor-element-6112ba22 elementor-section-boxed elementor-section-height-default elementor-section-height-default\" data-id=\"6112ba22\" data-element_type=\"section\" data-e-type=\"section\">\n\t\t\t\t\t\t<div class=\"elementor-container elementor-column-gap-default\">\n\t\t\t\t\t<div class=\"elementor-column elementor-col-100 elementor-top-column elementor-element elementor-element-269564c9\" data-id=\"269564c9\" data-element_type=\"column\" data-e-type=\"column\">\n\t\t\t<div class=\"elementor-widget-wrap elementor-element-populated\">\n\t\t\t\t\t\t<div class=\"elementor-element elementor-element-0cd4c1a elementor-widget elementor-widget-spacer\" data-id=\"0cd4c1a\" data-element_type=\"widget\" data-e-type=\"widget\" data-widget_type=\"spacer.default\">\n\t\t\t\t\t\t\t<div class=\"elementor-spacer\">\n\t\t\t<div class=\"elementor-spacer-inner\"><\/div>\n\t\t<\/div>\n\t\t\t\t\t\t<\/div>\n\t\t\t\t<div class=\"elementor-element elementor-element-607c911 elementor-widget elementor-widget-spacer\" data-id=\"607c911\" data-element_type=\"widget\" data-e-type=\"widget\" data-widget_type=\"spacer.default\">\n\t\t\t\t\t\t\t<div class=\"elementor-spacer\">\n\t\t\t<div class=\"elementor-spacer-inner\"><\/div>\n\t\t<\/div>\n\t\t\t\t\t\t<\/div>\n\t\t\t\t\t<\/div>\n\t\t<\/div>\n\t\t\t\t\t<\/div>\n\t\t<\/section>\n\t\t\t\t<section class=\"elementor-section elementor-top-section elementor-element elementor-element-6e819f8 elementor-section-boxed elementor-section-height-default elementor-section-height-default\" data-id=\"6e819f8\" data-element_type=\"section\" data-e-type=\"section\">\n\t\t\t\t\t\t<div class=\"elementor-container elementor-column-gap-default\">\n\t\t\t\t\t<div class=\"elementor-column elementor-col-100 elementor-top-column elementor-element elementor-element-8232ac5\" data-id=\"8232ac5\" data-element_type=\"column\" data-e-type=\"column\">\n\t\t\t<div class=\"elementor-widget-wrap elementor-element-populated\">\n\t\t\t\t\t\t<div class=\"elementor-element elementor-element-372a691 elementor-widget elementor-widget-text-editor\" data-id=\"372a691\" data-element_type=\"widget\" data-e-type=\"widget\" data-widget_type=\"text-editor.default\">\n\t\t\t\t\t\t\t\t\t<p style=\"text-align: center;\"><span style=\"color: #ffffff;\"><strong><a style=\"color: #ffffff;\" href=\"\/datenschutz\">DATENSCHUTZ<\/a>\u00a0 |\u00a0 <a style=\"color: #ffffff;\" href=\"\/impressum\">IMPRESSUM<\/a><\/strong><\/span><\/p>\t\t\t\t\t\t\t\t<\/div>\n\t\t\t\t\t<\/div>\n\t\t<\/div>\n\t\t\t\t\t<\/div>\n\t\t<\/section>\n\t\t\t\t<\/div>\n\t\t","protected":false},"excerpt":{"rendered":"<p>GRATULATION H\u00f6rt euch das gro\u00dfes Finale an! Weniger anzeigen [Musik l\u00e4uft im Hintergrund] Das Anwesen Chalet C\u0153ur de Neige wurde am Samstag, den 3. August 2024, zum Schauplatz eines doppelten Mordes. Ein ersch\u00fctterndes Zeugnis daf\u00fcr, wie tief vergrabene Familiengeheimnisse und die Last jugendlichen Leichtsinns \u00fcber Jahrzehnte hinweg eine zerst\u00f6rerische Kraft entfalten k\u00f6nnen. Die Ermittlungen enth\u00fcllten [&hellip;]<\/p>\n","protected":false},"author":1,"featured_media":0,"parent":0,"menu_order":0,"comment_status":"closed","ping_status":"closed","template":"elementor_canvas","meta":{"footnotes":""},"class_list":["post-22300","page","type-page","status-publish","hentry"],"_links":{"self":[{"href":"https:\/\/magnificum.net\/en\/wp-json\/wp\/v2\/pages\/22300","targetHints":{"allow":["GET"]}}],"collection":[{"href":"https:\/\/magnificum.net\/en\/wp-json\/wp\/v2\/pages"}],"about":[{"href":"https:\/\/magnificum.net\/en\/wp-json\/wp\/v2\/types\/page"}],"author":[{"embeddable":true,"href":"https:\/\/magnificum.net\/en\/wp-json\/wp\/v2\/users\/1"}],"replies":[{"embeddable":true,"href":"https:\/\/magnificum.net\/en\/wp-json\/wp\/v2\/comments?post=22300"}],"version-history":[{"count":0,"href":"https:\/\/magnificum.net\/en\/wp-json\/wp\/v2\/pages\/22300\/revisions"}],"wp:attachment":[{"href":"https:\/\/magnificum.net\/en\/wp-json\/wp\/v2\/media?parent=22300"}],"curies":[{"name":"wp","href":"https:\/\/api.w.org\/{rel}","templated":true}]}}