{"id":22739,"date":"2025-12-18T17:24:39","date_gmt":"2025-12-18T17:24:39","guid":{"rendered":"http:\/\/enterprism.net\/?page_id=22739"},"modified":"2025-12-29T10:36:14","modified_gmt":"2025-12-29T10:36:14","slug":"datenschutz","status":"publish","type":"page","link":"https:\/\/magnificum.net\/en\/datenschutz\/","title":{"rendered":"Datenschutz"},"content":{"rendered":"<div data-elementor-type=\"wp-page\" data-elementor-id=\"22739\" class=\"elementor elementor-22739\">\n\t\t\t\t\t\t<section class=\"elementor-section elementor-top-section elementor-element elementor-element-934787d elementor-section-boxed elementor-section-height-default elementor-section-height-default\" data-id=\"934787d\" data-element_type=\"section\" data-e-type=\"section\">\n\t\t\t\t\t\t<div class=\"elementor-container elementor-column-gap-default\">\n\t\t\t\t\t<div class=\"elementor-column elementor-col-100 elementor-top-column elementor-element elementor-element-28fd393\" data-id=\"28fd393\" data-element_type=\"column\" data-e-type=\"column\">\n\t\t\t<div class=\"elementor-widget-wrap elementor-element-populated\">\n\t\t\t\t\t\t<div class=\"elementor-element elementor-element-461a9f9 elementor-widget elementor-widget-text-editor\" data-id=\"461a9f9\" data-element_type=\"widget\" data-e-type=\"widget\" data-widget_type=\"text-editor.default\">\n\t\t\t\t\t\t\t\t\t<h1 class=\"has-text-color wp-block-heading\">DATA PROTECTION<\/h1><p class=\"has-text-color\"><strong>Controller<\/strong><\/p><p class=\"has-text-color\">The controller within the meaning of the General Data Protection Regulation (GDPR) and other national data protection laws is:<br \/>Benjamin Scheel<br \/>Magnificum GmbH<br \/>Knollstra\u00dfe 8<br \/>70191 Stuttgart<br \/>Deutschland<br \/><br \/>E-Mail: info@magnificum.net<\/p><p class=\"has-text-color\"><strong>Legal Basis for Data Processing<\/strong><\/p><p class=\"has-text-color\">If we obtain the consent of the data subject for processing personal data, Article 6(1)(a) GDPR serves as the legal basis.<\/p><p class=\"has-text-color\">If the processing of personal data is necessary for the performance of a contract with the data subject or for pre-contractual measures initiated by the data subject, Article 6(1)(b) GDPR serves as the legal basis.<\/p><p class=\"has-text-color\">If the processing of personal data is necessary to comply with a legal obligation to which we are subject, Article 6(1)(c) GDPR serves as the legal basis.<\/p><p class=\"has-text-color\">If the processing of personal data is necessary to protect vital interests of the data subject or another natural person, Article 6(1)(d) GDPR serves as the legal basis.<\/p><p class=\"has-text-color\">If the processing of personal data is carried out in the public interest or in the exercise of official authority, Article 6(1)(e) GDPR serves as the legal basis.<\/p><p class=\"has-text-color\">If the processing of personal data is necessary for the purposes of the legitimate interests pursued by the controller or a third party, and these interests are not overridden by the interests, fundamental rights, or freedoms of the data subject, Article 6(1)(f) GDPR serves as the legal basis.<\/p><p class=\"has-text-color\"><strong>Purposes of Data Processing<\/strong><\/p><p class=\"has-text-color\">Components of our website that collect corresponding data include:<br \/>Contact forms<br \/>Newsletter subscription<br \/>Tracking codes<br \/>Third-party plug-ins (e.g. social buttons)<br \/>Third-party content (e.g. YouTube videos)<br \/>\u2022 Cookies<\/p><p class=\"has-text-color\">In order to make your visit as user-friendly as possible and to provide all available features, we collect a range of data and information from the device you use to access our website. This includes:<br \/>IP address<br \/>Operating system<br \/>Browser type and version<br \/>Date and time of access<\/p><p class=\"has-text-color\">This data is not evaluated for marketing purposes in this context.<\/p><p class=\"has-text-color\"><strong>Integrated Third-Party Providers<\/strong><\/p><p class=\"has-text-color\">We use the Google service reCAPTCHA to determine whether an entry in our contact or newsletter form is made by a human or a computer.<br \/>Google analyzes the following data to determine whether you are a human or a computer: the IP address of the device used, the website you visit and on which the CAPTCHA is embedded, the date and duration of the visit, identification data of the browser and operating system used, your Google account if you are logged into Google, mouse movements over the reCAPTCHA areas, and tasks that require identifying images.<br \/>The legal basis for this data processing is Article 6(1)(f) GDPR.<br \/>We have a legitimate interest in this data processing to ensure the security of our website and to protect ourselves against automated inputs (attacks).<\/p><p class=\"has-text-color\"><strong>Duration of Data Storage<\/strong><\/p><p class=\"has-text-color\">All personal data collected during your visit through the use of session cookies is automatically deleted once the purpose of its collection has been fulfilled.<br \/>Session data is therefore stored only until you end your session (by leaving or closing the website).<\/p><p class=\"has-text-color\"><strong>Information on Data Subject Rights<\/strong><\/p><p class=\"has-text-color\">Within the meaning of the GDPR, you are considered a data subject if personal data relating to you is processed by us. You may therefore exercise various data subject rights enshrined in the GDPR. These include the right of access (Article 15 GDPR), the right to rectification (Article 16 GDPR), the right to erasure (Article 17 GDPR), the right to restriction of processing (Article 18 GDPR), the right to object (Article 21 GDPR), the right to lodge a complaint with a supervisory authority (Article 77 GDPR), and the right to data portability (Article 20 GDPR).<\/p><p class=\"has-text-color\"><strong>Information on Statutory or Contractual Obligation to Provide Data<\/strong><\/p><p class=\"has-text-color\">The collection of your personal data is essential for the conclusion of a contract as well as for the fulfillment of contractual obligations and service provisions. If you do not provide the requested information, neither a successful conclusion of a contract nor further contractual services will be possible.<br \/><br \/><\/p><p data-start=\"299\" data-end=\"333\"><strong data-start=\"299\" data-end=\"333\">Reviews\u00a0<\/strong><\/p><p data-start=\"335\" data-end=\"599\">If you submit a review or rating on our website or via connected systems (e.g. shop or review features), we process the data you provide as part of the review (such as name, email address, and the content of the review).<\/p><p data-start=\"601\" data-end=\"832\">We reserve the right to send you a personal thank-you email in connection with the review you have submitted. This email does not contain any advertising content.<\/p><p data-start=\"834\" data-end=\"1032\">The processing is based on our legitimate interest pursuant to Art. 6(1)(f) GDPR, to improve our services and to show appreciation for the feedback of our customers.<\/p><p data-start=\"1034\" data-end=\"1217\">You may object to the use of your email address for this purpose at any time. An informal notification to the contact details provided in the legal notice is sufficient.<\/p>\t\t\t\t\t\t\t\t<\/div>\n\t\t\t\t\t<\/div>\n\t\t<\/div>\n\t\t\t\t\t<\/div>\n\t\t<\/section>\n\t\t\t\t<\/div>","protected":false},"excerpt":{"rendered":"<p>DATENSCHUTZ Verantwortlicher Der\u00a0Verantwortliche\u00a0im Sinne der Datenschutz-Grundverordnung (DSGVO) und anderer nationaler Datenschutzgesetze ist:Benjamin ScheelMagnificum GmbHKnollstra\u00dfe 870191 StuttgartDeutschland E-Mail: info@magnificum.net Rechtsgrundlage f\u00fcr die Datenverarbeitung Insofern wir f\u00fcr die Verarbeitung der personenbezogenen Daten eine\u00a0Einwilligung\u00a0der betroffenen Person eingeholt haben, gilt Artikel 6 Absatz 1 Unterabsatz 1a der DSGVO als rechtliche Grundlage. Ist die Verarbeitung personenbezogener Daten f\u00fcr die\u00a0Erf\u00fcllung eines [&hellip;]<\/p>\n","protected":false},"author":1,"featured_media":0,"parent":0,"menu_order":0,"comment_status":"closed","ping_status":"closed","template":"","meta":{"footnotes":""},"class_list":["post-22739","page","type-page","status-publish","hentry"],"_links":{"self":[{"href":"https:\/\/magnificum.net\/en\/wp-json\/wp\/v2\/pages\/22739","targetHints":{"allow":["GET"]}}],"collection":[{"href":"https:\/\/magnificum.net\/en\/wp-json\/wp\/v2\/pages"}],"about":[{"href":"https:\/\/magnificum.net\/en\/wp-json\/wp\/v2\/types\/page"}],"author":[{"embeddable":true,"href":"https:\/\/magnificum.net\/en\/wp-json\/wp\/v2\/users\/1"}],"replies":[{"embeddable":true,"href":"https:\/\/magnificum.net\/en\/wp-json\/wp\/v2\/comments?post=22739"}],"version-history":[{"count":11,"href":"https:\/\/magnificum.net\/en\/wp-json\/wp\/v2\/pages\/22739\/revisions"}],"predecessor-version":[{"id":27438,"href":"https:\/\/magnificum.net\/en\/wp-json\/wp\/v2\/pages\/22739\/revisions\/27438"}],"wp:attachment":[{"href":"https:\/\/magnificum.net\/en\/wp-json\/wp\/v2\/media?parent=22739"}],"curies":[{"name":"wp","href":"https:\/\/api.w.org\/{rel}","templated":true}]}}