{"id":3464,"date":"2021-09-19T00:14:29","date_gmt":"2021-09-19T00:14:29","guid":{"rendered":"https:\/\/magnificum.net\/?page_id=3464"},"modified":"2026-01-31T11:08:36","modified_gmt":"2026-01-31T11:08:36","slug":"magnificum-krimispiel-das-bankett-teil-1-im-test","status":"publish","type":"page","link":"https:\/\/magnificum.net\/en\/magnificum-krimispiel-das-bankett-teil-1-im-test\/","title":{"rendered":"Bankett Teil 1 &#8211; Rezensionen"},"content":{"rendered":"<div style=\"background-image:url(&apos;https:\/\/magnificum.net\/wp-content\/uploads\/2025\/12\/spielstart-HG-b1-scaled.jpg&apos;);background-size:cover;background-attachment:fixed;\" class=\"wp-block-group has-base-color has-text-color has-link-color wp-elements-1f883fe160428f4972a8ca5c3ebcdf2e has-global-padding is-layout-constrained wp-container-core-group-is-layout-abb6fe41 wp-block-group-is-layout-constrained has-background\">\n<div class=\"wp-block-group has-global-padding is-layout-constrained wp-block-group-is-layout-constrained\">\n<div class=\"wp-block-columns is-layout-flex wp-container-core-columns-is-layout-28f84493 wp-block-columns-is-layout-flex\">\n<div class=\"wp-block-column is-layout-flow wp-block-column-is-layout-flow\" style=\"flex-basis:100%\">\n<div class=\"wp-block-group has-medium-font-size has-global-padding is-layout-constrained wp-container-core-group-is-layout-7db9d80f wp-block-group-is-layout-constrained\" style=\"padding-right:0;padding-left:0\">\n<div style=\"height:62px\" aria-hidden=\"true\" class=\"wp-block-spacer\"><\/div>\n\n\n\n<div class=\"wp-block-group has-global-padding is-layout-constrained wp-container-core-group-is-layout-48beaae4 wp-block-group-is-layout-constrained\" style=\"padding-top:0;padding-right:var(--wp--preset--spacing--50);padding-bottom:0;padding-left:var(--wp--preset--spacing--50)\">\n<h2 class=\"wp-block-heading\">Das Bankett \u2013 Teil 1: Spieler-Rezensionen<\/h2>\n\n\n\n<div style=\"height:62px\" aria-hidden=\"true\" class=\"wp-block-spacer\"><\/div>\n\n\n\n<div style=\"height:50px\" aria-hidden=\"true\" class=\"wp-block-spacer\"><\/div>\n\n\n\n<p class=\"has-medium-font-size\" style=\"padding-right:var(--wp--preset--spacing--50);padding-left:var(--wp--preset--spacing--50)\">Zum Krimispiel <strong>\u201eDas Bankett Teil 1\u201c von MAGNIFICUM<\/strong> liegen zahlreiche Kundenrezensionen vor.<br>Auf dieser Seite findest du <strong>authentische Erfahrungsberichte<\/strong>, die dir helfen sollen, besser einzusch\u00e4tzen, <strong>ob dieses Spiel zu euch passt<\/strong>.<\/p>\n\n\n\n<blockquote class=\"wp-block-quote is-layout-flow wp-block-quote-is-layout-flow\">\n<p>Wenn du dir einen \u00dcberblick \u00fcber alle <strong>Murder Mystery Games<\/strong> von MAGNIFICUM verschaffen m\u00f6chtest, findest du ihn hier.<\/p>\n<\/blockquote>\n\n\n\n<p>\u27a1\ufe0f <strong><a href=\"https:\/\/magnificum.net\/en\/\" data-type=\"link\" data-id=\"www.magnificum.net\">\u201eKrimispiele\u201c <\/a><\/strong><\/p>\n\n\n\n<div class=\"wp-block-buttons is-layout-flex wp-block-buttons-is-layout-flex\">\n<div class=\"wp-block-button\"><a class=\"wp-block-button__link has-custom-eggshel-color has-custom-mfg-bl-background-color has-text-color has-background has-link-color wp-element-button\" href=\"https:\/\/magnificum.net\/en\/product\/das-bankett-teil-1-der-raub-des-diamanten-von-ramanpur\/\">Spiel kaufen<\/a><\/div>\n<\/div>\n\n\n\n<div style=\"height:49px\" aria-hidden=\"true\" class=\"wp-block-spacer\"><\/div>\n\n\n\n<div data-block-name=\"woocommerce\/reviews-by-product\" data-edit-mode=\"false\" data-show-review-image=\"false\" class=\"wp-block-woocommerce-reviews-by-product wc-block-reviews-by-product has-name has-date has-rating has-content\" data-image-type=\"reviewer\" data-orderby=\"most-recent\" data-reviews-on-page-load=\"10\" data-reviews-on-load-more=\"10\" data-show-load-more=\"true\" data-show-orderby=\"true\" data-product-id=\"269\"><\/div>\n\n\n\n<h2 class=\"wp-block-heading\"><\/h2>\n<\/div>\n<\/div>\n<\/div>\n<\/div>\n<\/div>\n<\/div>","protected":false},"excerpt":{"rendered":"<p>Das Bankett \u2013 Teil 1: Spieler-Rezensionen Zum Krimispiel \u201eDas Bankett Teil 1\u201c von MAGNIFICUM liegen zahlreiche Kundenrezensionen vor.Auf dieser Seite findest du authentische Erfahrungsberichte, die dir helfen sollen, besser einzusch\u00e4tzen, ob dieses Spiel zu euch passt. Wenn du dir einen \u00dcberblick \u00fcber alle Krimispiele von MAGNIFICUM verschaffen m\u00f6chtest, findest du ihn hier. \u27a1\ufe0f \u201eKrimispiele\u201c<\/p>","protected":false},"author":1,"featured_media":0,"parent":0,"menu_order":0,"comment_status":"closed","ping_status":"closed","template":"","meta":{"footnotes":""},"class_list":["post-3464","page","type-page","status-publish","hentry"],"_links":{"self":[{"href":"https:\/\/magnificum.net\/en\/wp-json\/wp\/v2\/pages\/3464","targetHints":{"allow":["GET"]}}],"collection":[{"href":"https:\/\/magnificum.net\/en\/wp-json\/wp\/v2\/pages"}],"about":[{"href":"https:\/\/magnificum.net\/en\/wp-json\/wp\/v2\/types\/page"}],"author":[{"embeddable":true,"href":"https:\/\/magnificum.net\/en\/wp-json\/wp\/v2\/users\/1"}],"replies":[{"embeddable":true,"href":"https:\/\/magnificum.net\/en\/wp-json\/wp\/v2\/comments?post=3464"}],"version-history":[{"count":0,"href":"https:\/\/magnificum.net\/en\/wp-json\/wp\/v2\/pages\/3464\/revisions"}],"wp:attachment":[{"href":"https:\/\/magnificum.net\/en\/wp-json\/wp\/v2\/media?parent=3464"}],"curies":[{"name":"wp","href":"https:\/\/api.w.org\/{rel}","templated":true}]}}