{"id":4296,"date":"2021-10-20T21:45:13","date_gmt":"2021-10-20T21:45:13","guid":{"rendered":"https:\/\/magnificum.net\/?page_id=4296"},"modified":"2026-01-31T11:09:42","modified_gmt":"2026-01-31T11:09:42","slug":"magnificum-krimispiel-das-bankett-teil-2-im-test","status":"publish","type":"page","link":"https:\/\/magnificum.net\/en\/magnificum-krimispiel-das-bankett-teil-2-im-test\/","title":{"rendered":"Bankett Teil 2 &#8211; Rezensionen"},"content":{"rendered":"<div class=\"wp-block-group has-accent-5-color has-text-color has-link-color wp-elements-0ac5c52916ae3bf3e3c2f3128188344a has-global-padding is-layout-constrained wp-container-core-group-is-layout-4507606f wp-block-group-is-layout-constrained has-background\" style=\"margin-top:0;margin-bottom:0;padding-top:var(--wp--preset--spacing--50);padding-right:var(--wp--preset--spacing--50);padding-bottom:var(--wp--preset--spacing--50);padding-left:var(--wp--preset--spacing--50);background-image:url(&apos;https:\/\/magnificum.net\/wp-content\/uploads\/2025\/12\/spielstart-HG-b2-scaled.jpg&apos;);background-size:cover;background-attachment:fixed;\">\n<div style=\"height:50px\" aria-hidden=\"true\" class=\"wp-block-spacer\"><\/div>\n\n\n\n<h1 class=\"wp-block-heading\" style=\"padding-top:0;padding-right:var(--wp--preset--spacing--50);padding-bottom:0;padding-left:var(--wp--preset--spacing--50)\">Das Bankett \u2013 Teil 2: Spieler-Rezensionen<\/h1>\n\n\n\n<div style=\"height:50px\" aria-hidden=\"true\" class=\"wp-block-spacer\"><\/div>\n\n\n\n<p class=\"has-medium-font-size\" style=\"padding-right:var(--wp--preset--spacing--50);padding-left:var(--wp--preset--spacing--50)\">Zum Krimispiel <strong>\u201eDas Bankett Teil 2\u201c von MAGNIFICUM<\/strong> liegen zahlreiche Kundenrezensionen vor.<br>Auf dieser Seite findest du <strong>authentische Erfahrungsberichte<\/strong>, die dir helfen sollen, besser einzusch\u00e4tzen, <strong>ob dieses Spiel zu euch passt<\/strong>.<\/p>\n\n\n\n<blockquote class=\"wp-block-quote is-layout-flow wp-block-quote-is-layout-flow\">\n<p>Wenn du dir einen \u00dcberblick \u00fcber alle <strong>Murder Mystery Games<\/strong> von MAGNIFICUM verschaffen m\u00f6chtest, findest du ihn hier.<\/p>\n<\/blockquote>\n\n\n\n<p class=\"has-medium-font-size\" style=\"padding-right:var(--wp--preset--spacing--50);padding-left:var(--wp--preset--spacing--50)\">\u27a1\ufe0f <strong><a href=\"https:\/\/magnificum.net\/en\/\" data-type=\"link\" data-id=\"www.magnificum.net\">\u201eKrimispiele\u201c <\/a><\/strong><\/p>\n\n\n\n<div style=\"height:100px\" aria-hidden=\"true\" class=\"wp-block-spacer\"><\/div>\n\n\n\n<div class=\"wp-block-buttons is-layout-flex wp-block-buttons-is-layout-flex\" style=\"padding-right:var(--wp--preset--spacing--50);padding-left:var(--wp--preset--spacing--50)\">\n<div class=\"wp-block-button\"><a class=\"wp-block-button__link wp-element-button\" href=\"https:\/\/magnificum.net\/en\/product\/das-bankett-teil-2-der-fluch-des-diamanten-von-ramanpur\/\">Spiel kaufen<\/a><\/div>\n<\/div>\n\n\n\n<div style=\"height:50px\" aria-hidden=\"true\" class=\"wp-block-spacer\"><\/div>\n\n\n\n<div data-block-name=\"woocommerce\/reviews-by-product\" data-edit-mode=\"false\" data-font-size=\"medium\" data-show-review-image=\"false\" class=\"wp-block-woocommerce-reviews-by-product wc-block-reviews-by-product has-name has-date has-rating has-content has-medium-font-size\" data-image-type=\"reviewer\" data-orderby=\"most-recent\" data-reviews-on-page-load=\"10\" data-reviews-on-load-more=\"10\" data-show-load-more=\"true\" data-show-orderby=\"true\" data-product-id=\"291\"><\/div>\n<\/div>","protected":false},"excerpt":{"rendered":"<p>Das Bankett \u2013 Teil 2: Spieler-Rezensionen Zum Krimispiel \u201eDas Bankett Teil 2\u201c von MAGNIFICUM liegen zahlreiche Kundenrezensionen vor.Auf dieser Seite findest du authentische Erfahrungsberichte, die dir helfen sollen, besser einzusch\u00e4tzen, ob dieses Spiel zu euch passt. Wenn du dir einen \u00dcberblick \u00fcber alle Krimispiele von MAGNIFICUM verschaffen m\u00f6chtest, findest du ihn hier. \u27a1\ufe0f \u201eKrimispiele\u201c<\/p>","protected":false},"author":1,"featured_media":0,"parent":0,"menu_order":0,"comment_status":"closed","ping_status":"closed","template":"","meta":{"footnotes":""},"class_list":["post-4296","page","type-page","status-publish","hentry"],"_links":{"self":[{"href":"https:\/\/magnificum.net\/en\/wp-json\/wp\/v2\/pages\/4296","targetHints":{"allow":["GET"]}}],"collection":[{"href":"https:\/\/magnificum.net\/en\/wp-json\/wp\/v2\/pages"}],"about":[{"href":"https:\/\/magnificum.net\/en\/wp-json\/wp\/v2\/types\/page"}],"author":[{"embeddable":true,"href":"https:\/\/magnificum.net\/en\/wp-json\/wp\/v2\/users\/1"}],"replies":[{"embeddable":true,"href":"https:\/\/magnificum.net\/en\/wp-json\/wp\/v2\/comments?post=4296"}],"version-history":[{"count":0,"href":"https:\/\/magnificum.net\/en\/wp-json\/wp\/v2\/pages\/4296\/revisions"}],"wp:attachment":[{"href":"https:\/\/magnificum.net\/en\/wp-json\/wp\/v2\/media?parent=4296"}],"curies":[{"name":"wp","href":"https:\/\/api.w.org\/{rel}","templated":true}]}}