{"id":495,"date":"2025-12-11T18:27:29","date_gmt":"2025-12-11T18:27:29","guid":{"rendered":"http:\/\/enterprism.net\/?page_id=495"},"modified":"2025-12-22T11:18:44","modified_gmt":"2025-12-22T11:18:44","slug":"dinner-spielstart","status":"publish","type":"page","link":"https:\/\/magnificum.net\/en\/dinner-spielstart\/","title":{"rendered":"Dinner-Spielstart"},"content":{"rendered":"<div data-elementor-type=\"wp-page\" data-elementor-id=\"495\" class=\"elementor elementor-495\">\n\t\t\t\t\t\t<section class=\"elementor-section elementor-top-section elementor-element elementor-element-42a5deda elementor-section-boxed elementor-section-height-default elementor-section-height-default\" data-id=\"42a5deda\" data-element_type=\"section\" data-e-type=\"section\" data-settings=\"{&quot;background_background&quot;:&quot;classic&quot;}\">\n\t\t\t\t\t\t<div class=\"elementor-container elementor-column-gap-default\">\n\t\t\t\t\t<div class=\"elementor-column elementor-col-100 elementor-top-column elementor-element elementor-element-1b787346\" data-id=\"1b787346\" data-element_type=\"column\" data-e-type=\"column\">\n\t\t\t<div class=\"elementor-widget-wrap elementor-element-populated\">\n\t\t\t\t\t\t<div class=\"elementor-element elementor-element-2b4533c1 elementor-widget elementor-widget-spacer\" data-id=\"2b4533c1\" data-element_type=\"widget\" data-e-type=\"widget\" data-widget_type=\"spacer.default\">\n\t\t\t\t\t\t\t<div class=\"elementor-spacer\">\n\t\t\t<div class=\"elementor-spacer-inner\"><\/div>\n\t\t<\/div>\n\t\t\t\t\t\t<\/div>\n\t\t\t\t<div class=\"elementor-element elementor-element-4751fab2 elementor-widget elementor-widget-image\" data-id=\"4751fab2\" data-element_type=\"widget\" data-e-type=\"widget\" data-widget_type=\"image.default\">\n\t\t\t\t\t\t\t\t\t\t\t\t\t\t\t<img decoding=\"async\" src=\"https:\/\/magnificum.net\/wp-content\/uploads\/2025\/12\/Logo-eggshell.svg\" title=\"Logo-eggshell\" alt=\"Logo-eggshell\" loading=\"lazy\" \/>\t\t\t\t\t\t\t\t\t\t\t\t\t\t\t<\/div>\n\t\t\t\t<div class=\"elementor-element elementor-element-7f23ae33 elementor-widget elementor-widget-spacer\" data-id=\"7f23ae33\" data-element_type=\"widget\" data-e-type=\"widget\" data-widget_type=\"spacer.default\">\n\t\t\t\t\t\t\t<div class=\"elementor-spacer\">\n\t\t\t<div class=\"elementor-spacer-inner\"><\/div>\n\t\t<\/div>\n\t\t\t\t\t\t<\/div>\n\t\t\t\t<div class=\"elementor-element elementor-element-5bb00633 elementor-widget elementor-widget-spacer\" data-id=\"5bb00633\" data-element_type=\"widget\" data-e-type=\"widget\" data-widget_type=\"spacer.default\">\n\t\t\t\t\t\t\t<div class=\"elementor-spacer\">\n\t\t\t<div class=\"elementor-spacer-inner\"><\/div>\n\t\t<\/div>\n\t\t\t\t\t\t<\/div>\n\t\t\t\t\t<\/div>\n\t\t<\/div>\n\t\t\t\t\t<\/div>\n\t\t<\/section>\n\t\t\t\t<section class=\"elementor-section elementor-top-section elementor-element elementor-element-58b42eca elementor-section-boxed elementor-section-height-default elementor-section-height-default\" data-id=\"58b42eca\" data-element_type=\"section\" data-e-type=\"section\">\n\t\t\t\t\t\t<div class=\"elementor-container elementor-column-gap-default\">\n\t\t\t\t\t<div class=\"elementor-column elementor-col-66 elementor-top-column elementor-element elementor-element-6eb51cf1\" data-id=\"6eb51cf1\" data-element_type=\"column\" data-e-type=\"column\">\n\t\t\t<div class=\"elementor-widget-wrap elementor-element-populated\">\n\t\t\t\t\t\t<div class=\"elementor-element elementor-element-65c00a7 elementor-widget elementor-widget-heading\" data-id=\"65c00a7\" data-element_type=\"widget\" data-e-type=\"widget\" data-widget_type=\"heading.default\">\n\t\t\t\t\t<h2 class=\"elementor-heading-title elementor-size-default\">MAGNIFICUM WELCOMES YOU...IF YOU DARE<\/h2>\t\t\t\t<\/div>\n\t\t\t\t\t<\/div>\n\t\t<\/div>\n\t\t\t\t<div class=\"elementor-column elementor-col-33 elementor-top-column elementor-element elementor-element-4b062b95\" data-id=\"4b062b95\" data-element_type=\"column\" data-e-type=\"column\">\n\t\t\t<div class=\"elementor-widget-wrap elementor-element-populated\">\n\t\t\t\t\t\t<div class=\"elementor-element elementor-element-2ac0e12c e-transform elementor-hidden-desktop elementor-hidden-tablet elementor-widget elementor-widget-image\" data-id=\"2ac0e12c\" data-element_type=\"widget\" data-e-type=\"widget\" data-settings=\"{&quot;_transform_rotateZ_effect_mobile&quot;:{&quot;unit&quot;:&quot;deg&quot;,&quot;size&quot;:14,&quot;sizes&quot;:[]},&quot;_transform_rotateZ_effect&quot;:{&quot;unit&quot;:&quot;px&quot;,&quot;size&quot;:&quot;&quot;,&quot;sizes&quot;:[]},&quot;_transform_rotateZ_effect_tablet&quot;:{&quot;unit&quot;:&quot;deg&quot;,&quot;size&quot;:&quot;&quot;,&quot;sizes&quot;:[]}}\" data-widget_type=\"image.default\">\n\t\t\t\t\t\t\t\t\t\t\t\t\t\t\t<img loading=\"lazy\" decoding=\"async\" width=\"600\" height=\"393\" src=\"https:\/\/magnificum.net\/wp-content\/uploads\/2025\/12\/DI-Titel-web.png\" class=\"attachment-large size-large wp-image-21782\" alt=\"\" srcset=\"https:\/\/magnificum.net\/wp-content\/uploads\/2025\/12\/DI-Titel-web.png 600w, https:\/\/magnificum.net\/wp-content\/uploads\/2025\/12\/DI-Titel-web-300x197.png 300w, https:\/\/magnificum.net\/wp-content\/uploads\/2025\/12\/DI-Titel-web-18x12.png 18w\" sizes=\"auto, (max-width: 600px) 100vw, 600px\" \/>\t\t\t\t\t\t\t\t\t\t\t\t\t\t\t<\/div>\n\t\t\t\t\t<\/div>\n\t\t<\/div>\n\t\t\t\t\t<\/div>\n\t\t<\/section>\n\t\t\t\t<section class=\"elementor-section elementor-top-section elementor-element elementor-element-184ed961 elementor-section-boxed elementor-section-height-default elementor-section-height-default\" data-id=\"184ed961\" data-element_type=\"section\" data-e-type=\"section\">\n\t\t\t\t\t\t<div class=\"elementor-container elementor-column-gap-default\">\n\t\t\t\t\t<div class=\"elementor-column elementor-col-66 elementor-top-column elementor-element elementor-element-58982a1d\" data-id=\"58982a1d\" data-element_type=\"column\" data-e-type=\"column\" data-settings=\"{&quot;background_background&quot;:&quot;classic&quot;}\">\n\t\t\t<div class=\"elementor-widget-wrap elementor-element-populated\">\n\t\t\t\t\t\t<div class=\"elementor-element elementor-element-6727c106 elementor-widget__width-initial elementor-widget elementor-widget-text-editor\" data-id=\"6727c106\" data-element_type=\"widget\" data-e-type=\"widget\" data-widget_type=\"text-editor.default\">\n\t\t\t\t\t\t\t\t\t<p>Macht euch Notizen, sichtet die Dokumente und passt auf, dass jede\/r jedes Dokument untersucht. Tauscht euch w\u00e4hrend eurer Ermittlungen gut aus und folgt den spannenden Theorien eurer Kollegen. Verliert dabei aber nicht das Ziel der Ermittlungen aus den Augen!<\/p><p><strong>Startklar?<\/strong><br \/>Dann findet ihr hier auf der Seite das H\u00f6rspiel-Intro, Hilfen und Tipps sowie den Aufl\u00f6sungstest.<\/p>\t\t\t\t\t\t\t\t<\/div>\n\t\t\t\t<div class=\"elementor-element elementor-element-47269b1d elementor-widget elementor-widget-html\" data-id=\"47269b1d\" data-element_type=\"widget\" data-e-type=\"widget\" data-widget_type=\"html.default\">\n\t\t\t\t\t<audio class=\"audio-player\" controls preload=\"metadata\">\r\n  <source src=\"https:\/\/magnificum.net\/\/wp-content\/uploads\/2025\/12\/Intro-Dinner.mp3\" type=\"audio\/mpeg\">\r\n  Dein Browser unterst\u00fctzt den Audioplayer nicht.\r\n<\/audio>\r\n\r\n<style>\r\n.audio-player{\r\n  display:block !important;\r\n  width:100% !important;\r\n  max-width:800px;\r\n  min-height:44px;      \/* sorgt daf\u00fcr, dass er nicht \u201c0 hoch\u201d wird *\/\r\n  height:auto !important;\r\n  box-sizing:border-box;\r\n\r\n  visibility:visible !important;\r\n  opacity:1 !important;\r\n  transform:none !important;\r\n  position:static !important;\r\n}\r\n<\/style>\r\n\t\t\t\t<\/div>\n\t\t\t\t<div class=\"elementor-element elementor-element-3d96b5ef elementor-widget__width-initial elementor-widget elementor-widget-html\" data-id=\"3d96b5ef\" data-element_type=\"widget\" data-e-type=\"widget\" data-widget_type=\"html.default\">\n\t\t\t\t\t<!-- Roboto einbinden -->\r\n<link href=\"https:\/\/fonts.googleapis.com\/css2?family=Roboto:ital,wght@0,300;0,400;0,500;0,700;1,400&display=swap\" rel=\"stylesheet\">\r\n\r\n<div class=\"readmore-box\" style=\"  position: relative;  max-width: 800px;  font-family: 'Roboto', sans-serif;  line-height: 1.5;  color:#F5F5F5;\">\r\n\r\n  <!-- VERSTECKTER TEXT -->\r\n  <div class=\"readmore-text\" style=\"    max-height: 0;    overflow: hidden;    transition: max-height 0.35s ease;  \">\r\n\r\n    <!-- OBERER ZUKLAPP-BUTTON -->\r\n    <p>\r\n      <span class=\"readmore-toggle\" style=\"        cursor: pointer;        font-weight: bold;        color:#F5F5F5;        text-decoration: underline;      \">\r\n        Weniger anzeigen\r\n      <\/span>\r\n    <p><strong>Bremerburgen, Samstag 21. Mai, 20:30 Uhr in einer Notrufzentrale irgendwo im Norden Deutschlands<\/strong><\/p>\r\n\r\n    <p>Lars Kr\u00fcger starrte konzentriert auf sein Smartphone. Entgegen der Statistik war die Schicht des jungen Mannes aus Bremerburgen in der zust\u00e4ndigen Notrufzentrale auff\u00e4llig ruhig verlaufen, obwohl Wochenende und dazu noch Vollmond war.<br>\r\n    Ganze zwei Anrufe waren in seiner Schicht eingegangen. Ein \u00e4lterer Herr hatte eine Katze gemeldet, die selbst\u00e4ndig nicht mehr vom Baum runterkam. Eine junge Frau hatte den Notruf angerufen, weil sie sehr starke Kopfschmerzen hatte und ihre Apotheke bereits geschlossen war.<\/p>\r\n\r\n    <p>Den \u00c4rger dar\u00fcber, mit welchem Bl\u00f6dsinn Menschen regelm\u00e4\u00dfig die 112 blockierten hatte Lars wie immer verdr\u00e4ngt. Und sein Lieblings-Gadget, um Dinge zu verdr\u00e4ngen war sein Smartphone.<\/p>\r\n\r\n    <p>&lt;Tetris Ger\u00e4usche&gt;<\/p>\r\n\r\n    <p>\u201enjaaach, verdammt! Nicht schon wieder\u201c<\/p>\r\n\r\n    <p>Lars Schichtwechsel stand unmittelbar bevor. Sein Feierabend war also zum greifen nahe. Doch dann ging um 20:31 Uhr ein Notruf bei ihm ein. Er legte das Smartphone beiseite und nahm den Anruf geschwind entgegen.<\/p>\r\n\r\n    <p><strong>Lars:<\/strong> Notrufzentrale Bremerburgen, was kann ich f\u00fcr Sie tun?<\/p>\r\n\r\n    <p><strong>Frau S:<\/strong> Bitte bitte, sie m\u00fcssen schnell kommen, es ist etwas schreckliches passiert!<\/p>\r\n\r\n    <p>Die Frau am Telefon stand offensichtlich unter erheblichem Stress. Lars machte den Job lange genug, um intuitiv den Ernst der Lage zu erkennen.<\/p>\r\n\r\n    <p><strong>Lars:<\/strong> Bitte, nennen sie mir erst einmal ihren Namen und ihren Aufenthaltsort dann schildern sie bitte, was genau passiert ist.<\/p>\r\n\r\n    <p><strong>Frau S:<\/strong> Ich bin Frau Satorius. Annouka Sartorius. Ich bin an folgender Adresse: an der L\u00e4rche 4 in Bremerburgen. Wir brauchen unbedingt einen Rettungswagen! Meine Arbeitgeberin stirbt gleich\u2026 ich glaube, sie ist vergiftet worden!<\/p>\r\n\r\n  <\/div>\r\n\r\n  <!-- UNTERER BUTTON -->\r\n  <span class=\"readmore-toggle\" style=\"    cursor: pointer;    display: inline-block;    margin-top: 10px;    color: #F5F5F5;      font-weight: 700; \/* echtes Roboto Bold *\/    text-decoration: underline;  \">\r\n    Transkript f\u00fcr Menschen ohne Geh\u00f6r\r\n  <\/span>\r\n<\/div>\r\n\r\n<script>\r\ndocument.addEventListener(\"DOMContentLoaded\", function() {\r\n  document.querySelectorAll(\".readmore-toggle\").forEach(function(btn) {\r\n\r\n    btn.addEventListener(\"click\", function() {\r\n      const box = btn.closest(\".readmore-box\");\r\n      const text = box.querySelector(\".readmore-text\");\r\n      const toggles = box.querySelectorAll(\".readmore-toggle\");\r\n\r\n      if (!box.classList.contains(\"open\")) {\r\n        text.style.maxHeight = \"3000px\";\r\n        toggles.forEach(t => t.textContent = \"Weniger anzeigen\");\r\n        box.classList.add(\"open\");\r\n      } else {\r\n        text.style.maxHeight = \"0\";\r\n        toggles.forEach(t => t.textContent = \"Hier klicken\");\r\n        box.classList.remove(\"open\");\r\n      }\r\n    });\r\n\r\n  });\r\n});\r\n<\/script>\r\n\t\t\t\t<\/div>\n\t\t\t\t<div class=\"elementor-element elementor-element-433073d4 elementor-widget elementor-widget-spacer\" data-id=\"433073d4\" data-element_type=\"widget\" data-e-type=\"widget\" data-widget_type=\"spacer.default\">\n\t\t\t\t\t\t\t<div class=\"elementor-spacer\">\n\t\t\t<div class=\"elementor-spacer-inner\"><\/div>\n\t\t<\/div>\n\t\t\t\t\t\t<\/div>\n\t\t\t\t<div class=\"elementor-element elementor-element-1cbd7dd0 elementor-widget__width-initial elementor-widget elementor-widget-text-editor\" data-id=\"1cbd7dd0\" data-element_type=\"widget\" data-e-type=\"widget\" data-widget_type=\"text-editor.default\">\n\t\t\t\t\t\t\t\t\t<p>Ihr kommt nicht weiter? Hier findet ihr <span style=\"text-decoration: underline;\"><span style=\"color: #ffcc00;\"><a style=\"font-weight: 400; color: #ffcc00; text-decoration: underline;\" href=\"\/en\/help-di\/\" target=\"_blank\" rel=\"noopener\">Hilfe und Tipps<\/a><\/span><br \/><\/span><\/p><p>Fall gel\u00f6st?<br \/>Ihr habt alle Fakten aufgedeckt? Hier gehts zum <span style=\"text-decoration: underline;\"><span style=\"color: #ffcc00;\"><a style=\"font-weight: 400; color: #ffcc00; text-decoration: underline;\" href=\"\/en\/test-di\/\" target=\"_blank\" rel=\"noopener\">Aufl\u00f6sungstest\u00a0<\/a><\/span><\/span><\/p>\t\t\t\t\t\t\t\t<\/div>\n\t\t\t\t\t<\/div>\n\t\t<\/div>\n\t\t\t\t<div class=\"elementor-column elementor-col-33 elementor-top-column elementor-element elementor-element-70e93dab\" data-id=\"70e93dab\" data-element_type=\"column\" data-e-type=\"column\">\n\t\t\t<div class=\"elementor-widget-wrap elementor-element-populated\">\n\t\t\t\t\t\t<div class=\"elementor-element elementor-element-121f65cd elementor-widget__width-initial e-transform elementor-hidden-mobile elementor-widget elementor-widget-image\" data-id=\"121f65cd\" data-element_type=\"widget\" data-e-type=\"widget\" data-settings=\"{&quot;_transform_rotateZ_effect&quot;:{&quot;unit&quot;:&quot;px&quot;,&quot;size&quot;:12,&quot;sizes&quot;:[]},&quot;_transform_rotateZ_effect_tablet&quot;:{&quot;unit&quot;:&quot;deg&quot;,&quot;size&quot;:&quot;&quot;,&quot;sizes&quot;:[]},&quot;_transform_rotateZ_effect_mobile&quot;:{&quot;unit&quot;:&quot;deg&quot;,&quot;size&quot;:&quot;&quot;,&quot;sizes&quot;:[]}}\" data-widget_type=\"image.default\">\n\t\t\t\t\t\t\t\t\t\t\t\t\t\t\t<img loading=\"lazy\" decoding=\"async\" width=\"600\" height=\"393\" src=\"https:\/\/magnificum.net\/wp-content\/uploads\/2025\/12\/DI-Titel-web.png\" class=\"attachment-large size-large wp-image-21782\" alt=\"\" srcset=\"https:\/\/magnificum.net\/wp-content\/uploads\/2025\/12\/DI-Titel-web.png 600w, https:\/\/magnificum.net\/wp-content\/uploads\/2025\/12\/DI-Titel-web-300x197.png 300w, https:\/\/magnificum.net\/wp-content\/uploads\/2025\/12\/DI-Titel-web-18x12.png 18w\" sizes=\"auto, (max-width: 600px) 100vw, 600px\" \/>\t\t\t\t\t\t\t\t\t\t\t\t\t\t\t<\/div>\n\t\t\t\t\t<\/div>\n\t\t<\/div>\n\t\t\t\t\t<\/div>\n\t\t<\/section>\n\t\t\t\t<section class=\"elementor-section elementor-top-section elementor-element elementor-element-8e0afdc elementor-section-boxed elementor-section-height-default elementor-section-height-default\" data-id=\"8e0afdc\" data-element_type=\"section\" data-e-type=\"section\">\n\t\t\t\t\t\t<div class=\"elementor-container elementor-column-gap-default\">\n\t\t\t\t\t<div class=\"elementor-column elementor-col-100 elementor-top-column elementor-element elementor-element-3cf9612\" data-id=\"3cf9612\" data-element_type=\"column\" data-e-type=\"column\">\n\t\t\t<div class=\"elementor-widget-wrap elementor-element-populated\">\n\t\t\t\t\t\t<div class=\"elementor-element elementor-element-d4bd7a7 elementor-widget elementor-widget-spacer\" data-id=\"d4bd7a7\" data-element_type=\"widget\" data-e-type=\"widget\" data-widget_type=\"spacer.default\">\n\t\t\t\t\t\t\t<div class=\"elementor-spacer\">\n\t\t\t<div class=\"elementor-spacer-inner\"><\/div>\n\t\t<\/div>\n\t\t\t\t\t\t<\/div>\n\t\t\t\t\t<\/div>\n\t\t<\/div>\n\t\t\t\t\t<\/div>\n\t\t<\/section>\n\t\t\t\t<section class=\"elementor-section elementor-top-section elementor-element elementor-element-6d950dc elementor-section-boxed elementor-section-height-default elementor-section-height-default\" data-id=\"6d950dc\" data-element_type=\"section\" data-e-type=\"section\">\n\t\t\t\t\t\t<div class=\"elementor-container elementor-column-gap-default\">\n\t\t\t\t\t<div class=\"elementor-column elementor-col-100 elementor-top-column elementor-element elementor-element-e859178\" data-id=\"e859178\" data-element_type=\"column\" data-e-type=\"column\">\n\t\t\t<div class=\"elementor-widget-wrap elementor-element-populated\">\n\t\t\t\t\t\t<div class=\"elementor-element elementor-element-6331965 elementor-widget elementor-widget-text-editor\" data-id=\"6331965\" data-element_type=\"widget\" data-e-type=\"widget\" data-widget_type=\"text-editor.default\">\n\t\t\t\t\t\t\t\t\t<p style=\"text-align: center;\" class=\"translation-block\"><span style=\"color: #ffffff\"><strong><a style=\"color: #ffffff\" href=\"\/en\/datenschutz\" target=\"_self\">DATA PROTECTION<\/a>\u00a0 |\u00a0 <a style=\"color: #ffffff\" href=\"\/en\/impressum\" target=\"_self\">ILEGAL NOTICE<\/a><\/strong><\/span><\/p>\t\t\t\t\t\t\t\t<\/div>\n\t\t\t\t\t<\/div>\n\t\t<\/div>\n\t\t\t\t\t<\/div>\n\t\t<\/section>\n\t\t\t\t<\/div>","protected":false},"excerpt":{"rendered":"<p>MAGNIFICUM HEISST EUCH WILLKOMMEN! Macht euch Notizen, sichtet die Dokumente und passt auf, dass jede\/r jedes Dokument untersucht. Tauscht euch w\u00e4hrend eurer Ermittlungen gut aus und folgt den spannenden Theorien eurer Kollegen. Verliert dabei aber nicht das Ziel der Ermittlungen aus den Augen! Startklar?Dann findet ihr hier auf der Seite das H\u00f6rspiel-Intro, Hilfen und Tipps [&hellip;]<\/p>\n","protected":false},"author":1,"featured_media":0,"parent":0,"menu_order":0,"comment_status":"closed","ping_status":"closed","template":"elementor_canvas","meta":{"footnotes":""},"class_list":["post-495","page","type-page","status-publish","hentry"],"_links":{"self":[{"href":"https:\/\/magnificum.net\/en\/wp-json\/wp\/v2\/pages\/495","targetHints":{"allow":["GET"]}}],"collection":[{"href":"https:\/\/magnificum.net\/en\/wp-json\/wp\/v2\/pages"}],"about":[{"href":"https:\/\/magnificum.net\/en\/wp-json\/wp\/v2\/types\/page"}],"author":[{"embeddable":true,"href":"https:\/\/magnificum.net\/en\/wp-json\/wp\/v2\/users\/1"}],"replies":[{"embeddable":true,"href":"https:\/\/magnificum.net\/en\/wp-json\/wp\/v2\/comments?post=495"}],"version-history":[{"count":58,"href":"https:\/\/magnificum.net\/en\/wp-json\/wp\/v2\/pages\/495\/revisions"}],"predecessor-version":[{"id":23302,"href":"https:\/\/magnificum.net\/en\/wp-json\/wp\/v2\/pages\/495\/revisions\/23302"}],"wp:attachment":[{"href":"https:\/\/magnificum.net\/en\/wp-json\/wp\/v2\/media?parent=495"}],"curies":[{"name":"wp","href":"https:\/\/api.w.org\/{rel}","templated":true}]}}