{"id":9371,"date":"2023-10-17T13:19:50","date_gmt":"2023-10-17T11:19:50","guid":{"rendered":"https:\/\/magnificum.net\/?page_id=9371"},"modified":"2026-01-31T11:01:58","modified_gmt":"2026-01-31T11:01:58","slug":"magnificum-krimispiel-der-brand-im-test","status":"publish","type":"page","link":"https:\/\/magnificum.net\/en\/magnificum-krimispiel-der-brand-im-test\/","title":{"rendered":"Brand &#8211; Rezensionen"},"content":{"rendered":"<div class=\"wp-block-group has-accent-5-color has-text-color has-medium-font-size has-global-padding is-layout-constrained wp-container-core-group-is-layout-45c0785f wp-block-group-is-layout-constrained has-background\" style=\"padding-top:var(--wp--preset--spacing--50);padding-right:var(--wp--preset--spacing--50);padding-bottom:var(--wp--preset--spacing--50);padding-left:var(--wp--preset--spacing--50);background-image:url(&apos;https:\/\/magnificum.net\/wp-content\/uploads\/2025\/12\/spielstart-HG-Brand-scaled.jpg&apos;);background-size:cover;background-attachment:fixed;\">\n<div style=\"height:50px\" aria-hidden=\"true\" class=\"wp-block-spacer\"><\/div>\n\n\n\n<h1 class=\"wp-block-heading\">Der Brand \u2013 Spieler-Rezensionen<\/h1>\n\n\n\n<div style=\"height:50px\" aria-hidden=\"true\" class=\"wp-block-spacer\"><\/div>\n\n\n\n<p>Zum Krimispiel <strong>\u201eDie Firmenfeier\u201c von MAGNIFICUM<\/strong> liegen zahlreiche Kundenrezensionen vor.<br>Auf dieser Seite findest du <strong>authentische Erfahrungsberichte<\/strong>, die dir helfen sollen, besser einzusch\u00e4tzen, <strong>ob dieses Spiel zu euch passt<\/strong>.<\/p>\n\n\n\n<blockquote class=\"wp-block-quote is-layout-flow wp-block-quote-is-layout-flow\">\n<p>Wenn du dir einen \u00dcberblick \u00fcber alle <strong>Murder Mystery Games<\/strong> von MAGNIFICUM verschaffen m\u00f6chtest, findest du ihn hier.<\/p>\n<\/blockquote>\n\n\n\n<p><a href=\"https:\/\/magnificum.net\/en\/\" data-type=\"link\" data-id=\"www.magnificum.net\">\u27a1\ufe0f <strong>\u201eKrimispiele\u201c<\/strong><\/a><\/p>\n\n\n\n<div style=\"height:100px\" aria-hidden=\"true\" class=\"wp-block-spacer\"><\/div>\n\n\n\n<div class=\"wp-block-buttons is-layout-flex wp-block-buttons-is-layout-flex\">\n<div class=\"wp-block-button\"><a class=\"wp-block-button__link wp-element-button\" href=\"https:\/\/magnificum.net\/en\/product\/der-brand-ein-dorf-und-seine-geheimnisse\/\">Spiel kaufen<\/a><\/div>\n<\/div>\n\n\n\n<div style=\"height:50px\" aria-hidden=\"true\" class=\"wp-block-spacer\"><\/div>\n\n\n\n<div data-block-name=\"woocommerce\/reviews-by-product\" data-edit-mode=\"false\" data-show-review-image=\"false\" class=\"wp-block-woocommerce-reviews-by-product wc-block-reviews-by-product has-name has-date has-rating has-content\" data-image-type=\"reviewer\" data-orderby=\"most-recent\" data-reviews-on-page-load=\"10\" data-reviews-on-load-more=\"10\" data-show-load-more=\"true\" data-show-orderby=\"true\" data-product-id=\"281\"><\/div>\n<\/div>","protected":false},"excerpt":{"rendered":"<p>Der Brand \u2013 Spieler-Rezensionen Zum Krimispiel \u201eDie Firmenfeier\u201c von MAGNIFICUM liegen zahlreiche Kundenrezensionen vor.Auf dieser Seite findest du authentische Erfahrungsberichte, die dir helfen sollen, besser einzusch\u00e4tzen, ob dieses Spiel zu euch passt. Wenn du dir einen \u00dcberblick \u00fcber alle Krimispiele von MAGNIFICUM verschaffen m\u00f6chtest, findest du ihn hier. \u27a1\ufe0f \u201eKrimispiele\u201c<\/p>","protected":false},"author":1,"featured_media":0,"parent":0,"menu_order":0,"comment_status":"closed","ping_status":"closed","template":"","meta":{"footnotes":""},"class_list":["post-9371","page","type-page","status-publish","hentry"],"_links":{"self":[{"href":"https:\/\/magnificum.net\/en\/wp-json\/wp\/v2\/pages\/9371","targetHints":{"allow":["GET"]}}],"collection":[{"href":"https:\/\/magnificum.net\/en\/wp-json\/wp\/v2\/pages"}],"about":[{"href":"https:\/\/magnificum.net\/en\/wp-json\/wp\/v2\/types\/page"}],"author":[{"embeddable":true,"href":"https:\/\/magnificum.net\/en\/wp-json\/wp\/v2\/users\/1"}],"replies":[{"embeddable":true,"href":"https:\/\/magnificum.net\/en\/wp-json\/wp\/v2\/comments?post=9371"}],"version-history":[{"count":10,"href":"https:\/\/magnificum.net\/en\/wp-json\/wp\/v2\/pages\/9371\/revisions"}],"predecessor-version":[{"id":29013,"href":"https:\/\/magnificum.net\/en\/wp-json\/wp\/v2\/pages\/9371\/revisions\/29013"}],"wp:attachment":[{"href":"https:\/\/magnificum.net\/en\/wp-json\/wp\/v2\/media?parent=9371"}],"curies":[{"name":"wp","href":"https:\/\/api.w.org\/{rel}","templated":true}]}}