{"id":255,"date":"2025-12-11T12:58:48","date_gmt":"2025-12-11T12:58:48","guid":{"rendered":"http:\/\/enterprism.net\/?post_type=product&#038;p=255"},"modified":"2026-05-08T18:24:17","modified_gmt":"2026-05-08T18:24:17","slug":"monologo-partyspiel","status":"publish","type":"product","link":"https:\/\/magnificum.net\/en\/product\/monologo-partyspiel\/","title":{"rendered":"Das Impro-Partyspiel mit Twist: MONOLOGO : Zieh Gegenstand, Ort, Thema &#038; Rolle : Ready to perform?!"},"content":{"rendered":"<ul class=\"a-unordered-list a-vertical a-spacing-mini\">\n<li class=\"a-spacing-mini\"><span class=\"a-list-item\"> \ud83d\udd25 DAS PARTY-SPIEL, DAS SOFORT Z\u00dcNDET Zieh Gegenstand, Ort, Thema &amp; Charaktereigenschaft \u2013 und halte einen spontanen Monolog. Schnell erkl\u00e4rt, sofort spielbar, jede Runde anders. <\/span><\/li>\n<li class=\"a-spacing-mini\"><span class=\"a-list-item\"> \ud83d\ude02 LACHFLASH-GARANTIE STATT REGELSTRESS Die Karten geben dir alles vor. Perfekt auch f\u00fcr Anf\u00e4nger: du brauchst kein Impro-Talent, nur ein bisschen Mut und Fantasie. <\/span><\/li>\n<li class=\"a-spacing-mini\"><span class=\"a-list-item\"> \ud83d\ude08 SONDERKARTEN F\u00dcR CHAOS &amp; WENDEPUNKTE Mitten im Monolog greifen Mitspieler ein, drehen deine Rolle um und bringen dich aus dem Konzept \u2013 genau das macht\u2019s so witzig. <\/span><\/li>\n<li class=\"a-spacing-mini\"><span class=\"a-list-item\"> \ud83d\udd01 1,5 MILLIONEN KOMBINATIONEN \u2013 WIRD NIE LANGWEILIG Unz\u00e4hlige Mischungen aus Ort, Thema, Gegenstand &amp; Eigenschaft sorgen f\u00fcr immer neue Runden \u2013 100% analog spielbar, optional mit Soundkulissen. <\/span><\/li>\n<li class=\"a-spacing-mini\"><span class=\"a-list-item\"> \ud83c\udf81 DAS PERFEKTE GESCHENK F\u00fcr 2\u20136 Spieler ab 14 Jahren \u2013 ideal f\u00fcr Spieleabende, Partys, Geburtstage &amp; Teamevents. Entwickelt &amp; produziert in Deutschland. <\/span><\/li>\n<li class=\"a-spacing-mini\"><span class=\"a-list-item\"> \ud83d\udde3\ufe0fF\u00dcR IMPRO-FANS &amp; WORTAKROBATEN Das perfekte Partyspiel f\u00fcr Rollenspiel-Fans, Impro-Liebhaber und kreative Storyteller \u2013 ideal f\u00fcr alle, die spontan witzige Monologe feiern. <\/span><\/li>\n<\/ul>\n<p>Authors: Benjamin Scheel, Haykal Hamidou<\/p>\n<h4>\u201e<span class=\"x1lliihq x1plvlek xryxfnj x1n2onr6 x1ji0vk5 x18bv5gf x193iq5w xeuugli x1fj9vlw x13faqbe x1vvkbs x1s928wv xhkezso x1gmr53x x1cpjm7i x1fgarty x1943h6x x1i0vuye xvs91rp xo1l8bm x5n08af x10wh9bi xpm28yp x8viiok x1o7cslx\" dir=\"auto\"><span class=\"x193iq5w xeuugli x13faqbe x1vvkbs xt0psk2 x1i0vuye xvs91rp xo1l8bm x5n08af x10wh9bi xpm28yp x8viiok x1o7cslx x126k92a\">\u201cMonologo is not a typical party game\u2014and that\u2019s exactly what makes it so special.<br \/>\nCreative, quirky, and refreshingly different: anyone who enjoys spontaneous entertainment will get their money\u2019s worth here!\u201d<\/span><\/span>\u201c<\/h4>\n<p>&nbsp;<\/p>","protected":false},"excerpt":{"rendered":"<p><strong>Das Casting ist er\u00f6ffnet<\/strong><\/p>\n<h2><strong>MONOLOGO: Ziehen, improvisieren, abliefern<\/strong><\/h2>\n<p><em>Ein Detektivb\u00fcro sucht den n\u00e4chsten Star f\u00fcr ihr Undercover-Team. Und du bist beim Casting dabei.<\/em><\/p>\n<p>Zieh Karten f\u00fcr <strong>Ort, Gegenstand, Thema und Charaktereigenschaft<\/strong> \u2013 und mach daraus einen <strong>spontanen Monolog<\/strong>. Deine Mitspieler sind die Jury: \u00dcberzeuge, sammle Punkte und zieh ins Finale ein. Im gro\u00dfen <strong>Showdown<\/strong> treten die <strong>zwei Besten gegeneinander<\/strong> an \u2013 ein letzter Dialog entscheidet den Sieg.<\/p>\n<p>&nbsp;<\/p>\n<ul>\n<li>\ud83d\udd25 <strong>DAS PARTY-SPIEL, DAS SOFORT Z\u00dcNDET<\/strong> Zieh Karten und halte einen spontanen Monolog. Schnell erkl\u00e4rt, sofort spielbar, jede Runde anders.<\/li>\n<li>\ud83d\ude02 <strong>LACHFLASH-GARANTIE STATT REGELSTRESS<\/strong> Die Karten geben dir alles vor. Perfekt f\u00fcr Anf\u00e4nger: Du brauchst nur Mut und Fantasie.<\/li>\n<li>\ud83d\ude08 <strong>SONDERKARTEN F\u00dcR CHAOS &amp; WENDEPUNKTE<\/strong> Mitspieler greifen ein, ver\u00e4ndern deine Rolle und sorgen f\u00fcr \u00fcberraschende Wendungen.<\/li>\n<li>\ud83d\udd01 <strong>1,5 MILLIONEN KOMBINATIONEN<\/strong> Immer neue Mischungen sorgen f\u00fcr langanhaltenden Spielspa\u00df \u2013 komplett analog spielbar.<\/li>\n<li>\ud83c\udf81 <strong>DAS PERFEKTE GESCHENK<\/strong> F\u00fcr 2\u20136 Spieler ab 14 Jahren. Ideal f\u00fcr Spieleabende, Partys und kreative Runden.<\/li>\n<li>\ud83d\udde3\ufe0f <strong>F\u00dcR IMPRO-FANS &amp; STORYTELLER<\/strong> Perfekt f\u00fcr alle, die spontan witzige Monologe lieben.<\/li>\n<\/ul>","protected":false},"featured_media":259,"comment_status":"open","ping_status":"closed","template":"","meta":[],"product_brand":[],"product_cat":[46],"product_tag":[],"class_list":{"0":"post-255","1":"product","2":"type-product","3":"status-publish","4":"has-post-thumbnail","6":"product_cat-partyspiele","8":"first","9":"instock","10":"sale","11":"taxable","12":"shipping-taxable","13":"purchasable","14":"product-type-simple"},"_links":{"self":[{"href":"https:\/\/magnificum.net\/en\/wp-json\/wp\/v2\/product\/255","targetHints":{"allow":["GET"]}}],"collection":[{"href":"https:\/\/magnificum.net\/en\/wp-json\/wp\/v2\/product"}],"about":[{"href":"https:\/\/magnificum.net\/en\/wp-json\/wp\/v2\/types\/product"}],"replies":[{"embeddable":true,"href":"https:\/\/magnificum.net\/en\/wp-json\/wp\/v2\/comments?post=255"}],"wp:featuredmedia":[{"embeddable":true,"href":"https:\/\/magnificum.net\/en\/wp-json\/wp\/v2\/media\/259"}],"wp:attachment":[{"href":"https:\/\/magnificum.net\/en\/wp-json\/wp\/v2\/media?parent=255"}],"wp:term":[{"taxonomy":"product_brand","embeddable":true,"href":"https:\/\/magnificum.net\/en\/wp-json\/wp\/v2\/product_brand?post=255"},{"taxonomy":"product_cat","embeddable":true,"href":"https:\/\/magnificum.net\/en\/wp-json\/wp\/v2\/product_cat?post=255"},{"taxonomy":"product_tag","embeddable":true,"href":"https:\/\/magnificum.net\/en\/wp-json\/wp\/v2\/product_tag?post=255"}],"curies":[{"name":"wp","href":"https:\/\/api.w.org\/{rel}","templated":true}]}}