{"id":281,"date":"2025-12-11T13:47:46","date_gmt":"2025-12-11T13:47:46","guid":{"rendered":"http:\/\/enterprism.net\/?post_type=product&#038;p=281"},"modified":"2026-04-18T07:37:52","modified_gmt":"2026-04-18T07:37:52","slug":"der-brand-krimispiel","status":"publish","type":"product","link":"https:\/\/magnificum.net\/en\/product\/der-brand-krimispiel\/","title":{"rendered":"BRANDSTIFTUNG IM DORF AUFKL\u00c4REN : Der Brand : Ger\u00fcchte, Zwietracht &#038; ein anonymer Stalker"},"content":{"rendered":"<div style=\"width: 1920px;\" class=\"wp-video\"><video class=\"wp-video-shortcode\" id=\"video-281-1\" width=\"1920\" height=\"1080\" preload=\"metadata\" controls=\"controls\"><source type=\"video\/mp4\" src=\"https:\/\/magnificum.net\/wp-content\/uploads\/Brand-1.mp4?_=1\" \/><a href=\"https:\/\/magnificum.net\/wp-content\/uploads\/Brand-1.mp4\">https:\/\/magnificum.net\/wp-content\/uploads\/Brand-1.mp4<\/a><\/video><\/div>\n<h2>Krimispiel<br \/>\nDer Brand &#8211; Ein Dorf und seine Geheimnisse<\/h2>\n<p><span class=\"a-list-item\">\ud83d\udd0e EIN BRAND, DER MEHR ALS NUR GEB\u00c4UDE ZERST\u00d6RTE \u2013 Nach einem verheerenden Feuer bleiben Fragen offen. Deckt Geheimnisse, Widerspr\u00fcche und Schuld auf und rekonstruiert, was wirklich geschehen ist. <\/span><\/p>\n<p><span class=\"a-list-item\"> \ud83d\udd75\ufe0f REALISTISCHE ERMITTLUNGSARBEIT STATT R\u00c4TSEL-CHAOS \u2013 \u00d6ffnet die Fallakte, analysiert Aussagen, pr\u00fcft Zusammenh\u00e4nge und erstellt eine Timeline der Ereignisse. Jeder Hinweis ist logisch relevant. <\/span><\/p>\n<p><span class=\"a-list-item\"> \ud83d\udcc1 UMFANGREICHE FALLAKTE MIT 27+ DOKUMENTEN &amp; BEWEISEN \u2013 Aussagen, Fotos und Materialien, die ihr logisch miteinander verkn\u00fcpft, um die Brandstiftung vollst\u00e4ndig aufzukl\u00e4ren. <\/span><\/p>\n<p><span class=\"a-list-item\"> \ud83d\udcf1 MULTIMEDIA-ERMITTLUNG MIT DIGITALEN SPUREN \u2013 Neben realistischen Dokumenten verfolgt ihr digitale Hinweise im Internet, besucht Websites und Inhalte (z. B. Videomaterial) und pr\u00fcft Aussagen und Alibis \u2013 sogar mit Dorf-Highlights wie: durchsucht den M\u00fcll der Nachbarschaft und schickt eure virtuelle Assistentin Kim durchs Dorf, um Zeugen zu befragen. <\/span><\/p>\n<p><span class=\"a-list-item\"> \u2705 SOFORT SPIELBAR \u00b7 KEINE APP \u00b7 KEIN ACCOUNT \u00b7 NICHTS WIRD ZERST\u00d6RT \u2013 Keine Vorbereitung n\u00f6tig: Einfach starten. Ihr ben\u00f6tigt lediglich ein internetf\u00e4higes Ger\u00e4t f\u00fcr digitale Hinweise. Kein Download, keine Anmeldung, kein Schneiden oder Markieren. <\/span><\/p>\n<p><span class=\"a-list-item\"> \ud83c\udf81 F\u00dcR KRIMIFANS, PAARE UND GRUPPEN \u2013 1\u20136 Spieler \u00b7 ab 14 Jahren \u00b7 ca. 2\u20134 Stunden. Spannend, logisch herleitbar und atmosph\u00e4risch dicht. Entwickelt &amp; produziert in Deutschland. Teil der MAGNIFICUM-Krimispiel-Reihe \u2013 bereits \u00fcber 75.000-mal gekauft &amp; empfohlen. <\/span><\/p>\n<p><span class=\"a-list-item\"> \ud83d\udcc1 DORF, GEMEINSCHAFT, VERTUSCHUNG \u2013 Im Fokus stehen menschliche Motive, Abh\u00e4ngigkeiten und das Schweigen einer Dorfgemeinschaft. Ein Kriminalfall mit Tiefe statt Schockeffekten<\/span><\/p>\n<p><strong>Authors: Corinne Kr\u00e4henb\u00fchl, Dominik Galliker<br \/>\n<\/strong><\/p>","protected":false},"excerpt":{"rendered":"<p><strong>Brandstiftung unter Nachbarn!<\/strong><\/p>\n<p><strong>Dorf-B\u00fcndnisse \u2022 Ein brennendes Haus \u2022 Schweigen und Geheimnisse<\/strong><\/p>\n<p><em>Ein Feuer im Dorf ver\u00e4ndert alles. Aber die Aussagen passen nicht zusammen. War es ein Unfall oder Absicht?<\/em><\/p>\n<p><strong>Jetzt liegt der Fall in eurer Hand.<\/strong> \u00d6ffnet die Fallakte, analysiert Aussagen und rekonstruiert Schritt f\u00fcr Schritt, was wirklich geschah. <strong>Realistische Dokumente<\/strong> und <strong>digitale Hinweise<\/strong> f\u00fchren euch immer tiefer in ein Netz aus Geheimnissen \u2013 ganz <strong>ohne App<\/strong> oder Account.<\/p>\n<p>\ud83d\udd0e <strong>EIN BRAND MIT FOLGEN<\/strong> \u2013 Nach einem verheerenden Feuer bleiben Zweifel. Deckt verborgene Motive, Widerspr\u00fcche und Geheimnisse auf und findet heraus, was wirklich geschah.<\/p>\n<p>\ud83d\udd75\ufe0f <strong>REALISTISCHE ERMITTLUNG<\/strong> \u2013 \u00d6ffnet die Fallakte, analysiert Aussagen, kombiniert Hinweise logisch und erstellt eine Timeline, um den Tathergang Schritt f\u00fcr Schritt zu rekonstruieren.<\/p>\n<p>\ud83d\udcc1 <strong>\u00dcBER 27 BEWEISE<\/strong> \u2013 Untersucht realistische Dokumente, Fotos und Zeugenaussagen und verkn\u00fcpft die Informationen, um die Wahrheit ans Licht zu bringen.<\/p>\n<p>\ud83d\udcf1 <strong>DIGITALE SPUREN<\/strong> \u2013 Verfolgt Hinweise online, pr\u00fcft Websites und Inhalte und \u00fcberpr\u00fcft Alibis mithilfe zus\u00e4tzlicher digitaler Informationen.<\/p>\n<p>\u2705 <strong>SOFORT SPIELBAR<\/strong> \u2013 Keine Vorbereitung n\u00f6tig. Startet sofort mit der Ermittlung \u2013 ohne App, ohne Download und ohne zus\u00e4tzliches Material.<\/p>\n<p>\ud83c\udf81 <strong>F\u00dcR 1\u20136 SPIELER<\/strong> \u2013 Ideal f\u00fcr Krimifans, Paare und Gruppen \u00b7 ab 14 Jahren \u00b7 ca. 2\u20134 Stunden spannendes Ermittlungserlebnis.<\/p>","protected":false},"featured_media":29221,"comment_status":"open","ping_status":"closed","template":"","meta":[],"product_brand":[],"product_cat":[22,44],"product_tag":[],"class_list":{"0":"post-281","1":"product","2":"type-product","3":"status-publish","4":"has-post-thumbnail","6":"product_cat-krimispiele","7":"product_cat-schwierigkeitsgrad-fortgeschrittene","9":"first","10":"instock","11":"taxable","12":"shipping-taxable","13":"purchasable","14":"product-type-simple"},"_links":{"self":[{"href":"https:\/\/magnificum.net\/en\/wp-json\/wp\/v2\/product\/281","targetHints":{"allow":["GET"]}}],"collection":[{"href":"https:\/\/magnificum.net\/en\/wp-json\/wp\/v2\/product"}],"about":[{"href":"https:\/\/magnificum.net\/en\/wp-json\/wp\/v2\/types\/product"}],"replies":[{"embeddable":true,"href":"https:\/\/magnificum.net\/en\/wp-json\/wp\/v2\/comments?post=281"}],"wp:featuredmedia":[{"embeddable":true,"href":"https:\/\/magnificum.net\/en\/wp-json\/wp\/v2\/media\/29221"}],"wp:attachment":[{"href":"https:\/\/magnificum.net\/en\/wp-json\/wp\/v2\/media?parent=281"}],"wp:term":[{"taxonomy":"product_brand","embeddable":true,"href":"https:\/\/magnificum.net\/en\/wp-json\/wp\/v2\/product_brand?post=281"},{"taxonomy":"product_cat","embeddable":true,"href":"https:\/\/magnificum.net\/en\/wp-json\/wp\/v2\/product_cat?post=281"},{"taxonomy":"product_tag","embeddable":true,"href":"https:\/\/magnificum.net\/en\/wp-json\/wp\/v2\/product_tag?post=281"}],"curies":[{"name":"wp","href":"https:\/\/api.w.org\/{rel}","templated":true}]}}