{"id":291,"date":"2025-12-11T13:56:33","date_gmt":"2025-12-11T13:56:33","guid":{"rendered":"http:\/\/enterprism.net\/?post_type=product&#038;p=291"},"modified":"2026-04-17T08:39:39","modified_gmt":"2026-04-17T08:39:39","slug":"mysterium-klaeren-das-bankett-teil-2-manipulation-verdraengung-ein-alter-fluch-erweiterung-zu-bankett-teil-1","status":"publish","type":"product","link":"https:\/\/magnificum.net\/en\/product\/mysterium-klaeren-das-bankett-teil-2-manipulation-verdraengung-ein-alter-fluch-erweiterung-zu-bankett-teil-1\/","title":{"rendered":"MYSTERIUM AUFKL\u00c4REN: Das Bankett Teil 2 : Manipulation, Verdr\u00e4ngung &#038; ein alter Fluch : Erweiterung zu Bankett Teil 1"},"content":{"rendered":"<div style=\"width: 1920px;\" class=\"wp-video\"><video class=\"wp-video-shortcode\" id=\"video-291-1\" width=\"1920\" height=\"1080\" preload=\"metadata\" controls=\"controls\"><source type=\"video\/mp4\" src=\"https:\/\/magnificum.net\/wp-content\/uploads\/Bankett-2.mp4?_=1\" \/><a href=\"https:\/\/magnificum.net\/wp-content\/uploads\/Bankett-2.mp4\">https:\/\/magnificum.net\/wp-content\/uploads\/Bankett-2.mp4<\/a><\/video><\/div>\n<h2>Das Bankett Teil 2 &#8211; Der Fluch des Diamanten von Ramanpur<\/h2>\n<p><span class=\"a-list-item\"> \ud83d\udd0e DER FLUCH DES DIAMANTEN \u2013 DER FOLGEFALL MIT PSYCHOLOGISCHEM TWIST Nach den Ereignissen von Teil 1 zeigen die von-Schwarzburg-Zwillinge auff\u00e4llige Verhaltensweisen und berichten von mysteri\u00f6sen Erscheinungen im Schlosshotel. Zufall, Trauma \u2013 oder steckt mehr dahinter? <\/span><\/p>\n<p><span class=\"a-list-item\"> \ud83d\udd75\ufe0f ANSPRUCHSVOLLE ERMITTLUNGSARBEIT STATT R\u00c4TSEL-CHAOS \u2013 \u00d6ffnet die Fallakte, analysiert Aussagen, findet Motive und verfolgt die Spuren des \u201eFluchs\u201c rund um den Diamanten von Ramanpur. Jeder Hinweis ist logisch relevant, deckt neue Zusammenh\u00e4nge auf und f\u00fchrt euch Schritt f\u00fcr Schritt zur L\u00f6sung. <\/span><\/p>\n<p><span class=\"a-list-item\"> \ud83e\udde0 ERMITTLUNGSARBEIT AUS THERAPEUTISCHER SICHT Ihr unterst\u00fctzt eine Kindertherapeutin und wertet Gespr\u00e4che, Beobachtungen und Aussagen aus. Ein ruhiger, intensiver Kriminalfall mit Fokus auf Psychologie, Interpretation und Schlussfolgerungen. <\/span><\/p>\n<p><span class=\"a-list-item\"> \ud83d\udcf1 MULTIMEDIALE ERMITTLUNG MIT DIGITALEN SPUREN \u2013 Neben realistischen Dokumenten verfolgt ihr digitale Hinweise im Internet, pr\u00fcft Websites und Inhalte (z. B. Videomaterial), um Aussagen und Alibis zu \u00fcberpr\u00fcfen.. <\/span><\/p>\n<p><span class=\"a-list-item\"> \u2705 SOFORT SPIELBAR \u00b7 KEINE APP \u00b7 KEIN ACCOUNT \u00b7 NICHTS WIRD ZERST\u00d6RT \u2013 Keine Vorbereitung n\u00f6tig: Einfach starten. Ihr ben\u00f6tigt lediglich ein internetf\u00e4higes Ger\u00e4t f\u00fcr digitale Hinweise. Kein Download, keine Anmeldung, kein Schneiden oder Markieren. <\/span><\/p>\n<p><span class=\"a-list-item\"> \ud83c\udf81 F\u00dcR SPIELEABENDE, PAARE &amp; FREUNDE \u2013 1\u20136 Spieler \u00b7 ab 14 Jahren \u00b7 ca. 1\u20131,5 Stunden. Spannend &amp; logisch herleitbar. Entwickelt &amp; produziert in Deutschland. Teil der MAGNIFICUM-Krimispiel-Reihe \u2013 bereits \u00fcber 75.000-mal gekauft &amp; empfohlen <\/span><\/p>\n<p><span class=\"a-list-item\"> \u26a0\ufe0f WICHTIGER HINWEIS \u2013 Diese Erweiterung ist NICHT eigenst\u00e4ndig spielbar. Zum Spielen wird \u201eDas Bankett \u2013 Teil 1: Der Raub des Diamanten von Ramanpur\u201c ben\u00f6tigt. <\/span><\/p>\n<p><strong>Authors: Benjamin Scheel, Haykal Hamidou<\/strong><br \/>\n<strong>Special feature <\/strong>This Game can <strong>ONLY<\/strong> be played after solving \"Das Bankett Teil 1\"<\/p>","protected":false},"excerpt":{"rendered":"<p><strong>!Attention: this game, including all its components, is in German !<\/strong><\/p>\n<h2>Ein verfluchter Diamant \u2022 Dunkle Spuren \u2022 Verdr\u00e4ngte Erinnerungen<\/h2>\n<p><em>Nach dem Diebstahl kehrt im Schlosshotel keine Ruhe ein. Die von-Schwarzburg-Zwillinge wirken ver\u00e4ndert \u2013 und niemand wei\u00df, was wirklich passiert ist.<\/em><\/p>\n<p><strong>Jetzt liegt der Fall in eurer Hand<\/strong>. \u00d6ffnet die Fallakte, unterst\u00fctzt eine Kindertherapeutin, sichtet Beweise, analysiert Videos der Sitzungen und Kinderzeichnungen und setzt die Hinweise Schritt f\u00fcr Schritt zusammen.<br \/>\nNeben <strong>realistischen Dokumenten<\/strong> verfolgt ihr <strong>digitale Spuren<\/strong> im Internet \u2013 <strong>ohne App<\/strong>, ohne Account.<br \/>\n<strong>Spannende Krimispiel Erweiterung<\/strong><\/p>\n<p>&nbsp;<\/p>\n<p>\ud83d\udd0e <strong>DER FLUCH DES DIAMANTEN<\/strong> \u2013 Die Zwillinge berichten von mysteri\u00f6sen Erscheinungen. Zufall, Trauma oder steckt mehr dahinter?<\/p>\n<p>\ud83d\udd75\ufe0f <strong>ANSPRUCHSVOLLE ERMITTLUNG<\/strong> \u2013 Analysiert Aussagen, erkennt Motive und folgt den Spuren des Diamanten.<\/p>\n<p>\ud83e\udde0 <strong>THERAPEUTISCHE PERSPEKTIVE<\/strong> \u2013 U<span class=\"a-list-item\">nterst\u00fctzt eine Kindertherapeutin und wertet Gespr\u00e4che, Beobachtungen und Aussagen aus<\/span>.<\/p>\n<p>\ud83d\udcf1 <strong>DIGITALE SPUREN<\/strong> \u2013 Pr\u00fcft Websites, Videos und Hinweise, um Zusammenh\u00e4nge aufzudecken.<\/p>\n<p>\u2705 <strong>SOFORT SPIELBAR<\/strong> \u2013 Keine App, kein Account, keine Vorbereitung.<\/p>\n<p>\ud83c\udf81 <strong>F\u00dcR SPIELEABENDE<\/strong> \u2013 1\u20136 Spieler \u00b7 ab 14 Jahren \u00b7 ca. 1\u20131,5 Stunden.<\/p>\n<p>\u26a0\ufe0f <strong>NUR MIT TEIL 1 SPIELBAR<\/strong> \u2013 Ben\u00f6tigt \u201eDas Bankett \u2013 Teil 1\u201c.<\/p>","protected":false},"featured_media":29258,"comment_status":"open","ping_status":"closed","template":"","meta":[],"product_brand":[],"product_cat":[22,47],"product_tag":[],"class_list":{"0":"post-291","1":"product","2":"type-product","3":"status-publish","4":"has-post-thumbnail","6":"product_cat-krimispiele","7":"product_cat-erweiterungen","9":"first","10":"instock","11":"taxable","12":"shipping-taxable","13":"purchasable","14":"product-type-simple"},"_links":{"self":[{"href":"https:\/\/magnificum.net\/en\/wp-json\/wp\/v2\/product\/291","targetHints":{"allow":["GET"]}}],"collection":[{"href":"https:\/\/magnificum.net\/en\/wp-json\/wp\/v2\/product"}],"about":[{"href":"https:\/\/magnificum.net\/en\/wp-json\/wp\/v2\/types\/product"}],"replies":[{"embeddable":true,"href":"https:\/\/magnificum.net\/en\/wp-json\/wp\/v2\/comments?post=291"}],"wp:featuredmedia":[{"embeddable":true,"href":"https:\/\/magnificum.net\/en\/wp-json\/wp\/v2\/media\/29258"}],"wp:attachment":[{"href":"https:\/\/magnificum.net\/en\/wp-json\/wp\/v2\/media?parent=291"}],"wp:term":[{"taxonomy":"product_brand","embeddable":true,"href":"https:\/\/magnificum.net\/en\/wp-json\/wp\/v2\/product_brand?post=291"},{"taxonomy":"product_cat","embeddable":true,"href":"https:\/\/magnificum.net\/en\/wp-json\/wp\/v2\/product_cat?post=291"},{"taxonomy":"product_tag","embeddable":true,"href":"https:\/\/magnificum.net\/en\/wp-json\/wp\/v2\/product_tag?post=291"}],"curies":[{"name":"wp","href":"https:\/\/api.w.org\/{rel}","templated":true}]}}