{"id":302,"date":"2025-12-11T14:04:06","date_gmt":"2025-12-11T14:04:06","guid":{"rendered":"http:\/\/enterprism.net\/?post_type=product&#038;p=302"},"modified":"2026-03-31T03:57:23","modified_gmt":"2026-03-31T03:57:23","slug":"das-dinner-krimispiel","status":"publish","type":"product","link":"https:\/\/magnificum.net\/en\/product\/das-dinner-krimispiel\/","title":{"rendered":"MORDVERSUCH UNTER FREUNDEN : Das Dinner : Vertraute Runde &#038; ein t\u00f6dlicher Plan : Einsteiger Krimispiel"},"content":{"rendered":"<div style=\"width: 1920px;\" class=\"wp-video\"><video class=\"wp-video-shortcode\" id=\"video-302-1\" width=\"1920\" height=\"1080\" preload=\"metadata\" controls=\"controls\"><source type=\"video\/mp4\" src=\"https:\/\/magnificum.net\/wp-content\/uploads\/Das-Dinner.mp4?_=1\" \/><a href=\"https:\/\/magnificum.net\/wp-content\/uploads\/Das-Dinner.mp4\">https:\/\/magnificum.net\/wp-content\/uploads\/Das-Dinner.mp4<\/a><\/video><\/div>\n<h2>Das Dinner \u2013 Die letzte Arie der alten Dame  | Language german<\/h2>\n<p><span class=\"a-list-item\"> \ud83d\udd0e EIN DINNER MIT T\u00d6DLICHER ABSICHT \u2013 Ein gemeinsamer Abend eskaliert, als ein gezielter Vergiftungsversuch aufgedeckt wird. Deckt L\u00fcgen, Motive und Zusammenh\u00e4nge auf \u2013 und verhindert Schlimmeres, bevor es zu sp\u00e4t ist. <\/span><\/p>\n<p><span class=\"a-list-item\"> \ud83d\udfe2 PERFEKT F\u00dcR KRIMISPIEL EINSTEIGER \u2013 Klare Struktur, logischer Aufbau und intuitive Ermittlungsarbeit. Keine Vorkenntnisse n\u00f6tig \u2013 ihr werdet Schritt f\u00fcr Schritt durch die Fallakte gef\u00fchrt. <\/span><\/p>\n<p><span class=\"a-list-item\"> \ud83d\udd75\ufe0f ERMITTELT WIE ECHTE KRIMINALBEAMTE \u2013 Durchforstet Ermittlungsunterlagen, wertet Hinweise aus Zeugenaussagen aus und verfolgt Spuren vom Tatort bis in den privaten Alltag der Beteiligten. Digitale Recherchen und physische Beweise greifen dabei nahtlos ineinander. <\/span><\/p>\n<p><span class=\"a-list-item\"> \ud83d\udcc1 UMFANGREICHE FALLAKTE MIT 30+ DOKUMENTEN &amp; DIGITALEN HINWEISEN \u2013 Aussagen, Fotos und Materialien plus erg\u00e4nzende digitale Spuren im Internet, die ihr logisch miteinander verkn\u00fcpft, um den Fall vollst\u00e4ndig aufzukl\u00e4ren. <\/span><\/p>\n<p><span class=\"a-list-item\"> \u2705 SOFORT SPIELBAR \u00b7 KEINE APP \u00b7 KEIN ACCOUNT \u00b7 NICHTS WIRD ZERST\u00d6RT \u2013 Keine Vorbereitung n\u00f6tig. Internet nur f\u00fcr digitale Hinweise. Kein Download, keine Anmeldung, kein Schneiden oder Markieren \u2013 alles bleibt vollst\u00e4ndig erhalten <\/span><\/p>\n<p><span class=\"a-list-item\"> \ud83c\udf81 IDEAL F\u00dcR SPIELEABEND &amp; ALS GESCHENK \u2013 1\u20136 Spieler \u00b7 ab 14 Jahren \u00b7 ca. 2\u20134 Stunden. Der ideale Einstieg in die MAGNIFICUM Krimispiel-Reihe. Entwickelt &amp; produziert in Deutschland \u2013 bereits \u00fcber 75.000-mal gekauft &amp; empfohlen. <\/span><\/p>\n<p><strong>Autorenteam: Antonio Kuklik, Benjamin Scheel, Haykal Hamidou<br \/>\n<\/strong><\/p>\n<p><strong>\u00a0<\/strong><\/p>","protected":false},"excerpt":{"rendered":"<p>Ein gemeinsames Dinner unter Freunden<\/p>\n<h2>Enge Freunde \u2022 Ein t\u00f6dlicher Plan \u2022 Dunkle Geheimnisse<\/h2>\n<p><em>Und pl\u00f6tzlich wird klar: Jemand wollte, dass die Gastgeberin den Abend nicht \u00fcberlebt.<\/em><\/p>\n<p><strong>Jetzt liegt der Fall in eurer Hand.<\/strong> Ihr \u00f6ffnet die Fallakte, sichtet Beweise und pr\u00fcft Aussagen. Was zun\u00e4chst klar wirkt, bekommt Risse: versteckte Motive, dunkle Geheimnisse und Widerspr\u00fcche f\u00fchren euch immer tiefer in den Fall.<\/p>\n<p>Neben <strong>realistischen Dokumenten<\/strong> verfolgt ihr <strong>digitale Spure<\/strong>n im Internet \u2013 <strong>ohne App<\/strong>, ohne Account.<\/p>\n<p><strong>Ein packendes Krimispiel f\u00fcr Einsteiger.<\/strong><\/p>\n<p>\ud83d\udd0e EIN DINNER MIT T\u00d6DLICHER ABSICHT \u2013 Ein gemeinsamer Abend eskaliert durch einen Vergiftungsversuch. Deckt L\u00fcgen, Motive und Zusammenh\u00e4nge auf, bevor es zu sp\u00e4t ist.<\/p>\n<p>\ud83d\udfe2 PERFEKT F\u00dcR EINSTEIGER \u2013 Klare Struktur und intuitive Ermittlungen. Keine Vorkenntnisse n\u00f6tig.<\/p>\n<p>\ud83d\udd75\ufe0f ERMITTELT WIE ECHTE KRIMINALBEAMTE \u2013 Analysiert Unterlagen, pr\u00fcft Aussagen und verfolgt Spuren bis ins Privatleben.<\/p>\n<p>\ud83d\udcc1 FALLAKTE MIT 30+ DOKUMENTEN \u2013 Verkn\u00fcpft Aussagen, Fotos und digitale Hinweise logisch.<\/p>\n<p>\u2705 SOFORT SPIELBAR \u2013 Keine App, kein Account, keine Vorbereitung n\u00f6tig.<\/p>\n<p>\ud83c\udf81 IDEAL F\u00dcR SPIELEABEND &amp; ALS GESCHENK \u2013 1\u20136 Spieler \u00b7 ab 14 Jahren \u00b7 ca. 2\u20134 Stunden. F\u00fcr Paare, Freunde und Familien.<\/p>","protected":false},"featured_media":29249,"comment_status":"open","ping_status":"closed","template":"","meta":[],"product_brand":[],"product_cat":[22,45],"product_tag":[],"class_list":{"0":"post-302","1":"product","2":"type-product","3":"status-publish","4":"has-post-thumbnail","6":"product_cat-krimispiele","7":"product_cat-schwierigkeitsgrad-anfaenger","9":"first","10":"instock","11":"taxable","12":"shipping-taxable","13":"purchasable","14":"product-type-simple"},"_links":{"self":[{"href":"https:\/\/magnificum.net\/en\/wp-json\/wp\/v2\/product\/302","targetHints":{"allow":["GET"]}}],"collection":[{"href":"https:\/\/magnificum.net\/en\/wp-json\/wp\/v2\/product"}],"about":[{"href":"https:\/\/magnificum.net\/en\/wp-json\/wp\/v2\/types\/product"}],"replies":[{"embeddable":true,"href":"https:\/\/magnificum.net\/en\/wp-json\/wp\/v2\/comments?post=302"}],"wp:featuredmedia":[{"embeddable":true,"href":"https:\/\/magnificum.net\/en\/wp-json\/wp\/v2\/media\/29249"}],"wp:attachment":[{"href":"https:\/\/magnificum.net\/en\/wp-json\/wp\/v2\/media?parent=302"}],"wp:term":[{"taxonomy":"product_brand","embeddable":true,"href":"https:\/\/magnificum.net\/en\/wp-json\/wp\/v2\/product_brand?post=302"},{"taxonomy":"product_cat","embeddable":true,"href":"https:\/\/magnificum.net\/en\/wp-json\/wp\/v2\/product_cat?post=302"},{"taxonomy":"product_tag","embeddable":true,"href":"https:\/\/magnificum.net\/en\/wp-json\/wp\/v2\/product_tag?post=302"}],"curies":[{"name":"wp","href":"https:\/\/api.w.org\/{rel}","templated":true}]}}