{"id":311,"date":"2025-12-11T14:27:59","date_gmt":"2025-12-11T14:27:59","guid":{"rendered":"http:\/\/enterprism.net\/?post_type=product&#038;p=311"},"modified":"2026-03-31T03:57:15","modified_gmt":"2026-03-31T03:57:15","slug":"die-firmenfeier-krimispiel","status":"publish","type":"product","link":"https:\/\/magnificum.net\/en\/product\/die-firmenfeier-krimispiel\/","title":{"rendered":"MORDFALL L\u00d6SEN : Die Firmenfeier : Machtspiele, Intrigen &#038; ein Mord im Kollegenkreis"},"content":{"rendered":"<div style=\"width: 1920px;\" class=\"wp-video\"><video class=\"wp-video-shortcode\" id=\"video-311-1\" width=\"1920\" height=\"1080\" preload=\"metadata\" controls=\"controls\"><source type=\"video\/mp4\" src=\"https:\/\/magnificum.net\/wp-content\/uploads\/Firmenfeier-Amazon-Krimispiel.mp4?_=1\" \/><a href=\"https:\/\/magnificum.net\/wp-content\/uploads\/Firmenfeier-Amazon-Krimispiel.mp4\">https:\/\/magnificum.net\/wp-content\/uploads\/Firmenfeier-Amazon-Krimispiel.mp4<\/a><\/video><\/div>\n<h2>Die Firmenfeier \u2013 Das letzte Fest des Oliver Borgmann | Language: German<\/h2>\n<p><span class=\"a-list-item\"> \ud83d\udd0e MORD AUF DER FIRMENFEIER \u2013 Ein Jubil\u00e4um in geschlossener Gesellschaft endet t\u00f6dlich: Ein Mitarbeiter wird ermordet. Entwirrt Intrigen, Erpressung und Alibis \u2013 und l\u00f6st den Fall wie echte Kriminalbeamte. <\/span><\/p>\n<p><span class=\"a-list-item\"> \ud83d\udd75\ufe0f KOOPERATIVES DETEKTIVSPIEL F\u00dcR ZUHAUSE \u2013 \u00d6ffnet die Fallakte, kombiniert Hinweise, erstellt eine Timeline der Tatnacht und \u00fcberpr\u00fcft Verd\u00e4chtige Schritt f\u00fcr Schritt. Ohne Spielleiter \u2013 perfekt f\u00fcr Diskussionen, Theorien und echte Aha-Momente. <\/span><\/p>\n<p><span class=\"a-list-item\"> \ud83d\udcf1 MULTIMEDIALE ERMITTLUNG MIT DIGITALEN SPUREN \u2013 Neben realistischen Dokumenten verfolgt ihr digitale Hinweise im Internet, pr\u00fcft Websites und Inhalte (z. B. Videomaterial), um Aussagen und Alibis zu \u00fcberpr\u00fcfen.. <\/span><\/p>\n<p><span class=\"a-list-item\"> \ud83d\udcc1 UMFANGREICHE FALLAKTE MIT 30+ DOKUMENTEN &amp; BEWEISEN \u2013 Aussagen, Fotos, digitale Inhalte und Materialien, die ihr logisch miteinander verkn\u00fcpft, um den Fall vollst\u00e4ndig aufzukl\u00e4ren. <\/span><\/p>\n<p><span class=\"a-list-item\"> \u2705 SOFORT SPIELBAR \u00b7 KEINE APP \u00b7 KEIN ACCOUNT \u00b7 NICHTS WIRD ZERST\u00d6RT \u2013 Keine Vorbereitung n\u00f6tig: Einfach starten. Ihr ben\u00f6tigt lediglich ein internetf\u00e4higes Ger\u00e4t f\u00fcr digitale Hinweise. Kein Download, keine Anmeldung, kein Schneiden oder Markieren.<\/span><\/p>\n<p>\ud83c\udf81 F\u00dcR SPIELEABENDE, PAARE &amp; FREUNDE \u2013 1\u20136 Spieler \u00b7 ab 14 Jahren \u00b7 ca. 2\u20134 Stunden. Anspruchsvoll &amp; logisch herleitbar. Entwickelt &amp; produziert in Deutschland. Teil der MAGNIFICUM-Krimispiel-Reihe \u2013 bereits \u00fcber 75.000-mal gekauft &amp; empfohlen<\/p>\n<p><strong>Authors: Benjamin Scheel, Haykal Hamidou<\/strong><\/p>\n<p><strong><br \/>\n&#8222;Die Firmenfeier-Das letzte Fest des Oliver Borgmann&#8220;<br \/>\nIm Mai 2022 <a href=\"https:\/\/hoher-spielwert.de\/die-firmenfeier\/\" target=\"_blank\" rel=\"noopener\">Aktion Hoher Spielwert<\/a><br \/>\n<\/strong><\/p>\n<p><strong>\u00a0<\/strong><\/p>","protected":false},"excerpt":{"rendered":"<p><span class=\"aplus-accent1 aplus-module-1-topic a-text-bold\"><strong>Murder in the chocolate factory<\/strong> <\/span><\/p>\n<h2 class=\"aplus-h1 aplus-module-1-heading a-text-bold\">Karrierepl\u00e4ne \u2022 Kollegenintrigen \u2022 Machtspiele \u2022 T\u00f6dliche Konsequenzen<\/h2>\n<p class=\"aplus-p2 aplus-module-1-description\"><em>Ein Firmenjubil\u00e4um. Ein toter Mitarbeiter. Und jeder hat etwas zu verbergen.<\/em><\/p>\n<p class=\"aplus-p2 aplus-module-1-description\"><strong><span class=\"a-text-bold\">Jetzt liegt der Fall in euren H\u00e4nden. <\/span><\/strong>Ihr sammelt Beweise, deckt Widerspr\u00fcche auf, pr\u00fcft Alibis und baut die Tatnacht als Timeline nach. Analoge Hinweise treffen auf digitale Spuren: Websites, Zeugenaussagen und Videomaterial sorgen f\u00fcr echte Ermittlungsstimmung.<\/p>\n<p class=\"aplus-p2 aplus-module-1-description\">Neben<strong><span class=\"a-text-bold\"> realistischen Dokumenten<\/span><\/strong> verfolgt ihr <strong><span class=\"a-text-bold\">digitale Spuren<\/span><\/strong> im Internet \u2013 <strong><span class=\"a-text-bold\">ohne App<\/span><\/strong>, ohne Account.<\/p>\n<p class=\"aplus-p2 aplus-module-1-description\"><strong><span class=\"a-text-bold\">Ein intensiver Krimiabend f\u00fcr Krimifans.<\/span><\/strong><\/p>\n<p>\ud83d\udd0e <strong>MORD AUF DER FIRMENFEIER<\/strong> \u2013 Ein Firmenjubil\u00e4um endet t\u00f6dlich. Entwirrt Intrigen, Erpressung und Alibis und l\u00f6st den Fall wie echte Ermittler.<\/p>\n<p>\ud83d\udd75\ufe0f <strong>KOOPERATIVES DETEKTIVSPIEL<\/strong> \u2013 \u00d6ffnet die Fallakte, kombiniert Hinweise und erstellt eine Timeline, um den T\u00e4ter Schritt f\u00fcr Schritt zu \u00fcberf\u00fchren.<\/p>\n<p>\ud83d\udcf1 <strong>MULTIMEDIALE ERMITTLUNG<\/strong> \u2013 Verfolgt digitale Spuren, pr\u00fcft Websites und Inhalte und \u00fcberpr\u00fcft Aussagen und Alibis.<\/p>\n<p>\ud83d\udcc1 <strong>30+ DOKUMENTE &amp; BEWEISE<\/strong> \u2013 Analysiert Aussagen, Fotos und Materialien und verkn\u00fcpft sie logisch zur L\u00f6sung des Falls.<\/p>\n<p>\u2705 <strong>SOFORT SPIELBAR<\/strong> \u2013 Keine App, kein Download, keine Vorbereitung n\u00f6tig. Direkt starten und ermitteln.<\/p>\n<p>\ud83c\udf81 <strong>F\u00dcR 1\u20136 SPIELER<\/strong> \u2013 Ab 14 Jahren \u00b7 2\u20134 Stunden \u00b7 Ideal f\u00fcr Spieleabende, Paare und Freunde.<\/p>\n<p>&#8222;Die Firmenfeier-Das letzte Fest des Oliver Borgmann&#8220;<br \/>\nIm Mai 2022 <a href=\"https:\/\/hoher-spielwert.de\/die-firmenfeier\/\" target=\"_blank\" rel=\"noopener\">Aktion Hoher Spielwert<\/a><\/p>","protected":false},"featured_media":29233,"comment_status":"open","ping_status":"closed","template":"","meta":[],"product_brand":[],"product_cat":[22,44],"product_tag":[30],"class_list":{"0":"post-311","1":"product","2":"type-product","3":"status-publish","4":"has-post-thumbnail","6":"product_cat-krimispiele","7":"product_cat-schwierigkeitsgrad-fortgeschrittene","8":"product_tag-mittel","10":"first","11":"instock","12":"taxable","13":"shipping-taxable","14":"purchasable","15":"product-type-simple"},"_links":{"self":[{"href":"https:\/\/magnificum.net\/en\/wp-json\/wp\/v2\/product\/311","targetHints":{"allow":["GET"]}}],"collection":[{"href":"https:\/\/magnificum.net\/en\/wp-json\/wp\/v2\/product"}],"about":[{"href":"https:\/\/magnificum.net\/en\/wp-json\/wp\/v2\/types\/product"}],"replies":[{"embeddable":true,"href":"https:\/\/magnificum.net\/en\/wp-json\/wp\/v2\/comments?post=311"}],"wp:featuredmedia":[{"embeddable":true,"href":"https:\/\/magnificum.net\/en\/wp-json\/wp\/v2\/media\/29233"}],"wp:attachment":[{"href":"https:\/\/magnificum.net\/en\/wp-json\/wp\/v2\/media?parent=311"}],"wp:term":[{"taxonomy":"product_brand","embeddable":true,"href":"https:\/\/magnificum.net\/en\/wp-json\/wp\/v2\/product_brand?post=311"},{"taxonomy":"product_cat","embeddable":true,"href":"https:\/\/magnificum.net\/en\/wp-json\/wp\/v2\/product_cat?post=311"},{"taxonomy":"product_tag","embeddable":true,"href":"https:\/\/magnificum.net\/en\/wp-json\/wp\/v2\/product_tag?post=311"}],"curies":[{"name":"wp","href":"https:\/\/api.w.org\/{rel}","templated":true}]}}